{"id":101,"date":"2017-02-14T21:36:32","date_gmt":"2017-02-14T21:36:32","guid":{"rendered":"http:\/\/jochenhemmleb.com\/web\/?page_id=101"},"modified":"2017-02-25T21:17:34","modified_gmt":"2017-02-25T21:17:34","slug":"der-aufstieg-von-mallory-irvine-oberhalb-von-8500-m","status":"publish","type":"page","link":"https:\/\/jochenhemmleb.com\/web\/mallory-irvine\/8-juni-1924\/der-aufstieg-von-mallory-irvine-oberhalb-von-8500-m\/","title":{"rendered":"Der Aufstieg von Mallory &#038; Irvine oberhalb von 8500 m"},"content":{"rendered":"<p>Nachdem sie ihr erstes Paar Sauerstoffflaschen leergeatmet und abgelegt hatten, standen Mallory &amp; Irvine vor eine Schl\u00fcsselentscheidung \u00fcber ihren weiteren Aufstiegsweg:<\/p>\n<figure id=\"attachment_103\" aria-describedby=\"caption-attachment-103\" style=\"width: 300px\" class=\"wp-caption alignleft\"><a href=\"http:\/\/jochenhemmleb.com\/web\/wp-content\/uploads\/2017\/02\/Bild-06.jpg\" target=\"_blank\"><img loading=\"lazy\" decoding=\"async\" class=\"wp-image-103 size-medium\" src=\"http:\/\/jochenhemmleb.com\/web\/wp-content\/uploads\/2017\/02\/Bild-06-300x194.jpg\" width=\"300\" height=\"194\" srcset=\"https:\/\/jochenhemmleb.com\/web\/wp-content\/uploads\/2017\/02\/Bild-06-300x194.jpg 300w, https:\/\/jochenhemmleb.com\/web\/wp-content\/uploads\/2017\/02\/Bild-06-768x497.jpg 768w, https:\/\/jochenhemmleb.com\/web\/wp-content\/uploads\/2017\/02\/Bild-06-1024x663.jpg 1024w\" sizes=\"auto, (max-width: 300px) 100vw, 300px\" \/><\/a><figcaption id=\"caption-attachment-103\" class=\"wp-caption-text\"><em>Die Erste Stufe aus der N\u00e4he des Fundortes von Sauerstoffflasche Nr. 9<\/em><br \/> <em>\u00a9 Theo Fritsche; aus \u201cTatort Mount Everest\u201d, S. 129<\/em><\/figcaption><\/figure>\n<ul>\n<li>Sie konnten entlang der Oberkante des Gelben Bandes queren und auf diese Weise <strong>die Erste Stufe unterhalb umgehen<\/strong>. Erfahrungen sp\u00e4terer Seilschaften haben gezeigt, dass es \u00a0\u00a0 zumindest sehr schwierig ist, jenseits der Ersten Stufe wieder zum Nordostgrat aufzusteigen. \u00a0 Eine Seilschaft auf dieser Umgehungsroute ist nahezu gezwungen, die Querung bis in das Gro\u00dfe Couloir fortzusetzen.<\/li>\n<li>Sie konnten <strong>die Erste Stufe \u00fcberklettern<\/strong> &#8211; entweder entlang des Grates oder durch die offene Rinne in ihrer Nordwand (die heutige Normalroute) &#8211; und dem Grat weiter in Richtung Zweiter Stufe folgen.<\/li>\n<\/ul>\n<p>Um 12.50 Uhr mittags beobachtete Noel Odell die beiden Bergsteiger dabei, wie sie eine der hervortretenden Felsstufen am oberen Nordostgrat \u00fcberkletterten.<\/p>\n<figure id=\"attachment_104\" aria-describedby=\"caption-attachment-104\" style=\"width: 300px\" class=\"wp-caption alignleft\"><a href=\"http:\/\/jochenhemmleb.com\/web\/wp-content\/uploads\/2017\/02\/Bild-07.jpg\" target=\"_blank\"><img loading=\"lazy\" decoding=\"async\" class=\"wp-image-104 size-medium\" src=\"http:\/\/jochenhemmleb.com\/web\/wp-content\/uploads\/2017\/02\/Bild-07-300x194.jpg\" width=\"300\" height=\"194\" srcset=\"https:\/\/jochenhemmleb.com\/web\/wp-content\/uploads\/2017\/02\/Bild-07-300x194.jpg 300w, https:\/\/jochenhemmleb.com\/web\/wp-content\/uploads\/2017\/02\/Bild-07-768x497.jpg 768w, https:\/\/jochenhemmleb.com\/web\/wp-content\/uploads\/2017\/02\/Bild-07-1024x663.jpg 1024w\" sizes=\"auto, (max-width: 300px) 100vw, 300px\" \/><\/a><figcaption id=\"caption-attachment-104\" class=\"wp-caption-text\"><em>Odells Ausblick &#8211; Der Gipfelgrat mit Erster, Zweiter und Dritter Stufe<\/em><br \/> <em>\u00a9 Andy Politz; aus \u201cGhosts of Everest\u201d, S. 116<\/em><\/figcaption><\/figure>\n<p>Odells Sichtung wird ausgiebig in der Bergliteratur behandelt und diskutiert (z.B. in meinen B\u00fcchern <em>Detectives on Everest<\/em>, S. 120-123, und <em>Tatort Mount Everest<\/em>, S. 112-123), weshalb die Debatte hier nicht wiederholt wird.<\/p>\n<p>Geht man davon aus, dass die <strong>Essenz<\/strong> von Odells Sichtung zutraf &#8211; d.h. er hatte tats\u00e4chlich beide Bergsteiger gesehen und nicht halluziniert oder war einer optischen T\u00e4uschung erlegen (was Odell Zeit seines Lebens vehement bestritt) -, wird seine Sichtung inzwischen auf zwei grundlegende Weisen interpretiert:<\/p>\n<ul>\n<li><strong>Odell sah Mallory &amp; Irvine <u>im Aufstieg<\/u>. <\/strong>Sie hatten sich zum Aufstieg \u00fcber den Nordostgrat entschieden und \u00fcberkletterten um 12.50 Uhr entweder die Erste oder Zweite (oder sogar die Dritte) Stufe.<\/li>\n<li><strong>Odell sah Mallory &amp; Irvine <u>im Abstieg.<\/u><\/strong> Im Aufstieg hatten sie die Erste Stufe umgangen und waren danach bei dem Versuch gescheitert, entweder erneut zum Nordostgrat aufzusteigen oder das Gro\u00dfe Couloir zu queren. Auf ihrem R\u00fcckzug kletterten sie zur Erkundung zum Gipfel der Ersten Stufe und wurden um 12.50 Uhr dabei beobachtet.<\/li>\n<\/ul>\n<p>Ohne eine konkrete Spur von Mallorys &amp; Irvines weiteren Aufstiegs oberhalb des Fundortes von Sauerstoffflasche Nr. 9 haben beide Theorien gleiches Gewicht. Jedoch lassen mich die Indizien die Interpretation bevorzugen, dass sich Mallory &amp; Irvine zum Zeitpunkt von Odells Sichtung noch immer im Aufstieg befanden &#8211; und sie <strong>nicht an der <em>Ersten <\/em>Stufe waren.<\/strong><strong>\u00a0<\/strong><\/p>\n<p>Die Gr\u00fcnde daf\u00fcr sind folgende:<\/p>\n<ul>\n<li>Odells Tagebucheintrag, der innerhalb der ersten sechs Tage nach seiner Sichtung geschrieben wurde, lautet einfach blo\u00df:<em><br \/>\n\u201cAt 12.50 saw M. &amp; I on ridge nearing base of final pyramid. &#8211;<\/em><\/li>\n<\/ul>\n<p><em>Sah M. &amp; I. um 12.50, wie sie sich dem Fu\u00df der Gipfelpyramide n\u00e4herten.\u201d<\/em><br \/>\n&gt;Dies deutet stark auf einen Ort <strong>an oder oberhalb der Zweiten Stufe<\/strong> hin.<\/p>\n<ul>\n<li>In seinen gesamten Berichten, die er 1924 schrieb, blieb Odell davon \u00fcberzeugt, dass er Mallory &amp; Irvine an der <strong>Zweiten Stufe <\/strong>gesichtet hatte. Erst im 1925 erschienenen Expeditionsbuch hatten ihn Zweifel gepackt &#8211; und mit diesen schloss er nicht l\u00e4nger aus, dass er die Bergsteiger an der tiefer gelegenen Ersten Stufe gesichtet hatte.<\/li>\n<\/ul>\n<p>Tom Holzel und Audrey Salkeld schrieben dazu in ihrem Pionierwerk (S. 249):<\/p>\n<p><em>\u201cThe main reason Odell would cling so tenaciously to the key elements of his vision \u2026 is because he cannot do anything else: that is how it was. To have it otherwise, he would need to invent. The inconsistencies in his account only began to creep in when he felt compelled to change the location of his sighting.\u201d<\/em><\/p>\n<p><em>&#8220;Der Hauptgrund, warum Odell so fest an den wesentlichen Elementen seiner Sichtung festhielt, ist &#8230; weil er nicht anders kann: So war es gewesen. Etwas anderes zu behaupten, w\u00fcrde f\u00fcr ihn bedeuten, er m\u00fcsse etwas erfinden. Die Ungereimtheiten in seinem Bericht schlichen sich erst ein, als er sich dazu gezwungen f\u00fchlte, den Ort seiner Sichtung zu \u00e4ndern.<\/em><\/p>\n<ul>\n<li>Die in Odells Bericht beschriebene Topografie stimmt nicht mit der Ersten Stufe \u00fcberein. Odell schilderte, wie einer der Bergsteiger &#8220;auf der Spitze der Stufe&#8221; auftauchte, w\u00e4hrend die tats\u00e4chliche Spitze der Ersten Stufe auf keiner der Routen \u00fcberschritten wird, auf denen das Hindernis umgangen oder \u00fcberklettert wird. Alle umgehen den letzten Turm der Stufe.<\/li>\n<\/ul>\n<p>Der letzte Punkt ist offensichtlich der schw\u00e4chste der Argumentation, da die von Odell beschriebene Topografie auch nicht auf die Zweite Stufe passt. Odell schildert, wie die Bergsteiger \u00fcber einen &#8220;Schneefleck&#8221; aufsteigen. Es existiert ein auff\u00e4lliger Schneefleck am Fu\u00df der Ersten Stufe, w\u00e4hrend der Schneefleck in halber H\u00f6he der Zweiten Stufe vergleichsweise klein ist und zur meisten Zeit des Tages im Schatten liegt &#8211; es ist kein offensichtlicher Ort, um zwei Bergsteiger auszumachen. Auch deuten Odells Berichte nicht an, dass sich die Bergsteiger gesichert oder unterst\u00fctz h\u00e4tten, wie man es an einer anscheinend so schwierigen Stelle wie der Zweiten Stufe erwarten w\u00fcrde.<\/p>\n<p>Aus diesen Gr\u00fcnden hielt ich es lange Zeit f\u00fcr m\u00f6glich, dass Odell Mallory &amp; Irvine an der <strong>Dritten Stufe <\/strong>gesichtet hatte (eine Theorie, die erstmals 1981 von Walt Unsworth in seiner Everest-Monografie aufgestellt wurde; S. 138). Und nach meinen eigenen Beobachtungen von Bergsteigern an dieser Stufe 1999 bin ich weiterhin verbl\u00fcfft, wie \u00fcberraschend genau sie sich mit Odells Beschreibung deckten (siehe meine B\u00fccher <em>Ghosts of Everest<\/em>, S. 151; <em>Detectives on Everest<\/em>, S. 122, und <em>Tatort Mount Everest<\/em>, S. 121ff.). Jedoch hat sich meine Meinung inzwischen ge\u00e4ndert.<\/p>\n","protected":false},"excerpt":{"rendered":"<p>Nachdem sie ihr erstes Paar Sauerstoffflaschen leergeatmet und abgelegt hatten, standen Mallory &amp; Irvine vor eine Schl\u00fcsselentscheidung \u00fcber ihren weiteren Aufstiegsweg: Sie konnten entlang der Oberkante des Gelben Bandes queren und auf diese Weise die Erste Stufe unterhalb umgehen. Erfahrungen sp\u00e4terer Seilschaften haben gezeigt, dass es \u00a0\u00a0 zumindest sehr schwierig&hellip; <a href=\"https:\/\/jochenhemmleb.com\/web\/mallory-irvine\/8-juni-1924\/der-aufstieg-von-mallory-irvine-oberhalb-von-8500-m\/\" class=\"more-link read-more\" rel=\"bookmark\">Continue Reading <span class=\"screen-reader-text\">Der Aufstieg von Mallory &#038; Irvine oberhalb von 8500 m<\/span><i class=\"fa fa-arrow-right\"><\/i><\/a><\/p>\n","protected":false},"author":1,"featured_media":0,"parent":94,"menu_order":2,"comment_status":"closed","ping_status":"closed","template":"","meta":{"footnotes":""},"class_list":{"0":"post-101","1":"page","2":"type-page","3":"status-publish","4":"hentry","5":"h-entry","7":"h-as-page"},"_links":{"self":[{"href":"https:\/\/jochenhemmleb.com\/web\/wp-json\/wp\/v2\/pages\/101","targetHints":{"allow":["GET"]}}],"collection":[{"href":"https:\/\/jochenhemmleb.com\/web\/wp-json\/wp\/v2\/pages"}],"about":[{"href":"https:\/\/jochenhemmleb.com\/web\/wp-json\/wp\/v2\/types\/page"}],"author":[{"embeddable":true,"href":"https:\/\/jochenhemmleb.com\/web\/wp-json\/wp\/v2\/users\/1"}],"replies":[{"embeddable":true,"href":"https:\/\/jochenhemmleb.com\/web\/wp-json\/wp\/v2\/comments?post=101"}],"version-history":[{"count":5,"href":"https:\/\/jochenhemmleb.com\/web\/wp-json\/wp\/v2\/pages\/101\/revisions"}],"predecessor-version":[{"id":145,"href":"https:\/\/jochenhemmleb.com\/web\/wp-json\/wp\/v2\/pages\/101\/revisions\/145"}],"up":[{"embeddable":true,"href":"https:\/\/jochenhemmleb.com\/web\/wp-json\/wp\/v2\/pages\/94"}],"wp:attachment":[{"href":"https:\/\/jochenhemmleb.com\/web\/wp-json\/wp\/v2\/media?parent=101"}],"curies":[{"name":"wp","href":"https:\/\/api.w.org\/{rel}","templated":true}]}}