{"id":109,"date":"2017-02-14T21:48:16","date_gmt":"2017-02-14T21:48:16","guid":{"rendered":"http:\/\/jochenhemmleb.com\/web\/?page_id=109"},"modified":"2017-02-25T21:18:45","modified_gmt":"2017-02-25T21:18:45","slug":"die-zweite-stufe-ist-das-geheimnis-geluftet","status":"publish","type":"page","link":"https:\/\/jochenhemmleb.com\/web\/mallory-irvine\/8-juni-1924\/die-zweite-stufe-ist-das-geheimnis-geluftet\/","title":{"rendered":"Die Zweite Stufe &#8211; Ist das Geheimnis gel\u00fcftet?"},"content":{"rendered":"<p>Der zentrale Punkt in der Debatte, ob Mallory &amp; Irvine 1924 den Gipfel erreicht haben k\u00f6nnten, ist die Frage, ob sie die Schl\u00fcsselstelle am Nordostgrat klettern konnten &#8211; die Zweite Stufe auf ca. 8600 m.<\/p>\n<figure id=\"attachment_110\" aria-describedby=\"caption-attachment-110\" style=\"width: 300px\" class=\"wp-caption alignleft\"><a href=\"http:\/\/jochenhemmleb.com\/web\/wp-content\/uploads\/2017\/02\/Bild-08.jpg\" target=\"_blank\"><img loading=\"lazy\" decoding=\"async\" class=\"wp-image-110 size-medium\" src=\"http:\/\/jochenhemmleb.com\/web\/wp-content\/uploads\/2017\/02\/Bild-08-300x194.jpg\" width=\"300\" height=\"194\" srcset=\"https:\/\/jochenhemmleb.com\/web\/wp-content\/uploads\/2017\/02\/Bild-08-300x194.jpg 300w, https:\/\/jochenhemmleb.com\/web\/wp-content\/uploads\/2017\/02\/Bild-08-768x497.jpg 768w, https:\/\/jochenhemmleb.com\/web\/wp-content\/uploads\/2017\/02\/Bild-08-1024x663.jpg 1024w\" sizes=\"auto, (max-width: 300px) 100vw, 300px\" \/><\/a><figcaption id=\"caption-attachment-110\" class=\"wp-caption-text\"><em>Die Zweite Stufe<\/em><br \/> <em>\u00a9 Theo Fritsche; aus \u201cTatort Mount Everest\u201d, S. 157<\/em><\/figcaption><\/figure>\n<p>Die Debatte wird ausgiebig in der Bergliteratur (z.B. in meinen B\u00fcchern <em>Detectives on Everest<\/em>, S. 123f., und <em>Tatort Mount Everest<\/em>, S. 173-185) und im Internet behandelt, weshalb hier nur auf grundlegende Fakten eingegangen wird:<\/p>\n<ul>\n<li>Berichten zufolge wurde die Schlusswand der Zweiten Stufe inzwischen viermal (4x) &#8220;frei&#8221; geklettert, d.h. ohne Benutzung der von den Chinesen 1975 angebrachten Leiter und damit \u00a0 unter \u00e4hnlichen Bedingungen wie beim Versuch von Mallory &amp; Irvine 1924:<\/li>\n<\/ul>\n<p>&#8211; durch den Katalanen Oscar Cadiach 1985 (Vorstieg mit Seilsicherung)<br \/>\n&#8211; durch den \u00d6sterreicher Theo Fritsche 2001 (seilfreier Alleingang &#8211; free solo)<br \/>\n&#8211; durch den Russen Nickolay Totmjanin 2003 (Details unbekannt)<br \/>\n&#8211; durch den Amerikaner Conrad Anker und den Engl\u00e4nder Leo Houlding 2007 (gesichertes Klettern in Seilschaft)<\/p>\n<figure id=\"attachment_111\" aria-describedby=\"caption-attachment-111\" style=\"width: 300px\" class=\"wp-caption alignleft\"><a href=\"http:\/\/jochenhemmleb.com\/web\/wp-content\/uploads\/2017\/02\/Bild-09.jpg\" target=\"_blank\"><img loading=\"lazy\" decoding=\"async\" class=\"wp-image-111 size-medium\" src=\"http:\/\/jochenhemmleb.com\/web\/wp-content\/uploads\/2017\/02\/Bild-09-300x194.jpg\" width=\"300\" height=\"194\" srcset=\"https:\/\/jochenhemmleb.com\/web\/wp-content\/uploads\/2017\/02\/Bild-09-300x194.jpg 300w, https:\/\/jochenhemmleb.com\/web\/wp-content\/uploads\/2017\/02\/Bild-09-768x497.jpg 768w, https:\/\/jochenhemmleb.com\/web\/wp-content\/uploads\/2017\/02\/Bild-09-1024x663.jpg 1024w\" sizes=\"auto, (max-width: 300px) 100vw, 300px\" \/><\/a><figcaption id=\"caption-attachment-111\" class=\"wp-caption-text\">Die Schlusswand der Zweiten Stufe<br \/> \u00a9 Theo Fritsche; aus \u201cTatort Mount Everest\u201d, S. 175<\/figcaption><\/figure>\n<p>Von den ersten drei Durchsteigungen existieren nur m\u00fcndliche Berichte (wobei Totmjanin wahrscheinlich zahlreiche Augenzeugen hatte), w\u00e4hrend die vierte Begehung durch Anker &amp; Houlding ausgiebig durch Fotos und Filmaufnahmen dokumentiert ist<\/p>\n<ul>\n<li>Cadiach bewertete die Schl\u00fcsselpassage der Schlusswand mit UIAA V+ (USA 5.7-5.8); Fritsche zwischen IV+ und V- (5.6), wobei die letzten Z\u00fcge im Bereich V+ (5.8) lagen; Conrad Anker gab Bewertungen zwischen V+ und VI+ (5.8-5.10) ab, w\u00e4hrend Leo Houlding die Stelle nach seinem Nachstieg mit VI (5.9) bewertete. Von Totmjanin ist keine Bewertung \u00fcberliefert.<\/li>\n<\/ul>\n<p>Jeder Bergsteiger, dem eine freie Durchsteigung der Zweiten Stufe gelang, \u00e4u\u00dferte sich anschlie\u00dfend optimistisch \u00fcber die Chancen, dass Mallory &amp; Irvine die Stelle 1924 h\u00e4tten bew\u00e4ltigen k\u00f6nnen. Doch so verlockend diese Aussagen auch sind, sie k\u00f6nnen kaum als &#8220;Beweis&#8221; gelten &#8211; sie zeigen einzig und allein, dass die fraglichen f\u00fcnf Bergsteiger f\u00e4hig waren, die Zweite Stufe unter Bedingungen zu klettern, die jenen von 1924 <strong>\u00e4hnelten.<\/strong><\/p>\n<p>Ein endg\u00fcltiger Beweis f\u00fcr eine erfolgreiche Durchsteigung durch Mallory &amp; Irvine <strong>k\u00f6nnte nur durch die Entdeckung konkreter Spuren <em>oberhalb <\/em>der Zweiten Stufe oder durch ein Foto aus einer ihrer Kameras erbracht werden, welches das Gel\u00e4nde oberhalb der Zweiten Stufe zeigt.<\/strong><\/p>\n<p>Im Herbst 2010 hatte ich die Gelegenheit (zusammen mit zwei Arbeitskollegen) den Film <em>The Wildest Dream<\/em> zu sehen, der die freie Durchsteigung der Zweiten Stufe durch Conrad Anker und Leo Houlding beinhaltet.<\/p>\n<p>Als wir die entsprechenden Filmszenen sahen, waren wir einhellig \u00fcberrascht &#8211; ja geradezu schockiert &#8211; wie t\u00e4uschend <strong>einfach<\/strong> die Schl\u00fcsselstelle im Film wirkt. Die Passage ist nur <strong>vier oder f\u00fcnf Z\u00fcge lang<\/strong> (was auch ein Foto im Begleitbuch des Films belegt; zwischen S. 152-153), der Fels weist schmale, gute Griffe auf und ist anscheinend sogar nicht ganz senkrecht. Anker konnte einen <strong>&#8220;no-hand-rest&#8221; <\/strong>einlegen, bevor er auf das Band am oberen Ende der Passage ausstieg.<\/p>\n<p>Nach der Betrachtung der Szenen von Ankers freier Durchsteigung der Zweiten Stufe <strong>schien es pl\u00f6tzlich nicht so weit hergeholt, dass Odell Mallory &amp; Irvine tats\u00e4chlich dabei gesichtet hatte, wie sie die Schlusswand der Zweiten Stufe &#8220;with alacrity&#8221; &#8211; mit Schnelligkeit &#8211; und innerhalb des Zeitrahmens seiner Sichtung durchkletterten.<\/strong><\/p>\n<p>Dazu auch die Meinung meines Expeditionskollegen Jake Norton, der die Zweite Stufe aus eigener Erfahrung kennt: <a href=\"http:\/\/mountainworldproductions.com\/wp\/2011\/03\/george-mallory-and-the-second-step-a-red-herring.html\">http:\/\/mountainworldproductions.com\/wp\/2011\/03\/george-mallory-and-the-second-step-a-red-herring.html<\/a><\/p>\n<p><em>&#8220;<\/em>[Ich erinnere] <em>an die oft vergessene, aber einst sehr beliebte Technik der <\/em>courte-\u00e9chelle. <em>Dabei stand ein Vorsteiger auf den Schultern &#8211; oder sogar dem Kopf &#8211; seines Partners, um eine kurze aber schwierige Felspassage zu \u00fcberwinden. <\/em>[&#8230;] <em>Das Foto <\/em>[der Zweiten Stufe] <em>von 1999, das ich k\u00fcrzlich wieder fand, zeigt ziemlich eindeutig: W\u00e4re Dave Hahn bis zum oberen Rand des Schneebandes aufgestiegen und h\u00e4tte Conrad Anker eine <\/em>courte-\u00e9chelle<em> angeboten, w\u00e4re Conrad in der Lage gewesen, die leichteren Felsen der oberen Zweiten Stufe zu erreichen und sich auf den Gipfel <\/em>[der Stufe] <em>hinaufzuziehen. <\/em>[&#8230;] <em>Dies ist genau das, was Qu Yinhua w\u00e4hrend der chinesischen Expedition 1960 tat. Und ich glaube, es ist wahrscheinlich auch das, was George Mallory und Andrew Irvine am 8. Juni 1924 taten. <\/em><\/p>\n<p><em>Eine freie Durchsteigung der Zweiten Stufe ist zwar eine erstaunliche, beeindruckende Leistung &#8211; aber f\u00fcr die Fragen um Mallorys und Irvines Gipfelversuch 1924 ist sie vielleicht nicht relevant.&#8221;<\/em><\/p>\n","protected":false},"excerpt":{"rendered":"<p>Der zentrale Punkt in der Debatte, ob Mallory &amp; Irvine 1924 den Gipfel erreicht haben k\u00f6nnten, ist die Frage, ob sie die Schl\u00fcsselstelle am Nordostgrat klettern konnten &#8211; die Zweite Stufe auf ca. 8600 m. Die Debatte wird ausgiebig in der Bergliteratur (z.B. in meinen B\u00fcchern Detectives on Everest, S.&hellip; <a href=\"https:\/\/jochenhemmleb.com\/web\/mallory-irvine\/8-juni-1924\/die-zweite-stufe-ist-das-geheimnis-geluftet\/\" class=\"more-link read-more\" rel=\"bookmark\">Continue Reading <span class=\"screen-reader-text\">Die Zweite Stufe &#8211; Ist das Geheimnis gel\u00fcftet?<\/span><i class=\"fa fa-arrow-right\"><\/i><\/a><\/p>\n","protected":false},"author":1,"featured_media":0,"parent":94,"menu_order":3,"comment_status":"closed","ping_status":"closed","template":"","meta":{"footnotes":""},"class_list":{"0":"post-109","1":"page","2":"type-page","3":"status-publish","4":"hentry","5":"h-entry","7":"h-as-page"},"_links":{"self":[{"href":"https:\/\/jochenhemmleb.com\/web\/wp-json\/wp\/v2\/pages\/109","targetHints":{"allow":["GET"]}}],"collection":[{"href":"https:\/\/jochenhemmleb.com\/web\/wp-json\/wp\/v2\/pages"}],"about":[{"href":"https:\/\/jochenhemmleb.com\/web\/wp-json\/wp\/v2\/types\/page"}],"author":[{"embeddable":true,"href":"https:\/\/jochenhemmleb.com\/web\/wp-json\/wp\/v2\/users\/1"}],"replies":[{"embeddable":true,"href":"https:\/\/jochenhemmleb.com\/web\/wp-json\/wp\/v2\/comments?post=109"}],"version-history":[{"count":2,"href":"https:\/\/jochenhemmleb.com\/web\/wp-json\/wp\/v2\/pages\/109\/revisions"}],"predecessor-version":[{"id":146,"href":"https:\/\/jochenhemmleb.com\/web\/wp-json\/wp\/v2\/pages\/109\/revisions\/146"}],"up":[{"embeddable":true,"href":"https:\/\/jochenhemmleb.com\/web\/wp-json\/wp\/v2\/pages\/94"}],"wp:attachment":[{"href":"https:\/\/jochenhemmleb.com\/web\/wp-json\/wp\/v2\/media?parent=109"}],"curies":[{"name":"wp","href":"https:\/\/api.w.org\/{rel}","templated":true}]}}