{"id":118,"date":"2017-02-14T21:55:43","date_gmt":"2017-02-14T21:55:43","guid":{"rendered":"http:\/\/jochenhemmleb.com\/web\/?page_id=118"},"modified":"2018-12-03T13:33:42","modified_gmt":"2018-12-03T13:33:42","slug":"schlussfolgerungen","status":"publish","type":"page","link":"https:\/\/jochenhemmleb.com\/web\/mallory-irvine\/schlussfolgerungen\/","title":{"rendered":"Schlussfolgerungen"},"content":{"rendered":"<p>In meinem vorerst letzten Buch \u00fcber die Suche nach Mallory &amp; Irvine, <em>Tatort Mount Everest<\/em>, schrieb ich mit Bezug auf die Frage, ob ich glaube, dass Mallory &amp; Irvine (oder einer von ihnen) den Gipfel erreicht h\u00e4tten (S. 234):<\/p>\n<p><em>&#8220;Ich str\u00e4ube mich bis heute, die Frage zu beantworten <\/em>[&#8230;] <em>&#8211; weil &#8216;glauben f\u00fcr mich eben zu einem gro\u00dfen Teil &#8216;nicht wissen&#8217; hei\u00dft.&#8221;<\/em><\/p>\n<p>Nach den Erkenntnissen aus vielen Jahren der Recherche, diversen Meinungen, vier Expeditionen und der Produktion der Fernsehdokumentation <em>Erster auf dem Everest<\/em> &#8216;glaube&#8217; ich <strong>nicht<\/strong>, dass Mallory &amp; Irvine (oder einer von ihnen) 1924 den Gipfel des Mount Everest erreichten.<\/p>\n<p>Ich w\u00fcrde ihnen aber immer noch eine Au\u00dfenseiterchance einr\u00e4umen, falls eines der folgenden Kriterien erf\u00fcllt und belegt w\u00e4re:<\/p>\n<ul>\n<li>Mallory &amp; Irvine waren oberhalb der Zweiten Stufe (d.h. an der Dritten Stufe), als sie um 12.50 Uhr von Odell zum letzten Mal gesehen wurden.<\/li>\n<li>Mallory &amp; Irvine hatten bei ihrem Gipfelaufstieg tats\u00e4chlich mehr als zwei (2) \u00a0\u00a0\u00a0 Sauerstoffflaschen pro Person mitgenommen.<\/li>\n<\/ul>\n<p>Und es gibt drei wichtige Forschungsaufgaben, die ich erf\u00fcllt sehen m\u00f6chte:<\/p>\n<ul>\n<li>Best\u00e4tigung (oder Widerlegung) der Entdeckungen des Chinesen Xu Jing und des Sherpas Chhiring Dorje, die angeben, 1960 bzw. 1995 eine Leiche &#8211; h\u00f6chstwahrscheinlich Andrew \u00a0\u00a0\u00a0 Irvine \u00a0\u00a0 &#8211; hoch oben am Nordostgrat gefunden zu haben (vermutlich im Bereich der Doppelt\u00fcrme auf 8440 m) sowie der Analyse des amerikanischen Pioniers der Mallory-Suche, Tom Holzel, der anhand von hochaufl\u00f6senden Luftaufnahmen den K\u00f6rper Andrew Irvines etwas tiefer im Gelben Band vermutet.<\/li>\n<\/ul>\n<p>Die Entdeckung Andrew Irvines bedeutet au\u00dferdem die letzte realistische Chance, eine der Kameras der beiden Bergsteiger zu finden.<\/p>\n<ul>\n<li>Eine Suche des Plateaus zwischen Zweiter und Dritter Stufe (8610-8690 m) nach weiteren Spuren von Mallory &amp; Irvine, insbesondere Sauerstoffflaschen und -ger\u00e4te bzw. Tragekraxen.<\/li>\n<li>Eine Suche am Wandfu\u00df der Kangshung- (Ost-) Wand nach Ausr\u00fcstungsgegenst\u00e4nden von 1924, die von hoch oben am Nordostgrat in die Ostwand gefallen sind.<\/li>\n<\/ul>\n<p>Alle diese Aufgaben m\u00fcssten erf\u00fcllt werden, um ein vollst\u00e4ndiges Bild davon zu erhalten, was tats\u00e4chlich w\u00e4hrend des letzten Anstiegs von Mallory &amp; Irvine am 8. Juni 1924 geschehen ist.<\/p>\n","protected":false},"excerpt":{"rendered":"<p>In meinem vorerst letzten Buch \u00fcber die Suche nach Mallory &amp; Irvine, Tatort Mount Everest, schrieb ich mit Bezug auf die Frage, ob ich glaube, dass Mallory &amp; Irvine (oder einer von ihnen) den Gipfel erreicht h\u00e4tten (S. 234): &#8220;Ich str\u00e4ube mich bis heute, die Frage zu beantworten [&#8230;] &#8211;&hellip; <a href=\"https:\/\/jochenhemmleb.com\/web\/mallory-irvine\/schlussfolgerungen\/\" class=\"more-link read-more\" rel=\"bookmark\">Continue Reading <span class=\"screen-reader-text\">Schlussfolgerungen<\/span><i class=\"fa fa-arrow-right\"><\/i><\/a><\/p>\n","protected":false},"author":1,"featured_media":0,"parent":11,"menu_order":7,"comment_status":"closed","ping_status":"closed","template":"","meta":{"footnotes":""},"class_list":{"0":"post-118","1":"page","2":"type-page","3":"status-publish","4":"hentry","5":"h-entry","7":"h-as-page"},"_links":{"self":[{"href":"https:\/\/jochenhemmleb.com\/web\/wp-json\/wp\/v2\/pages\/118","targetHints":{"allow":["GET"]}}],"collection":[{"href":"https:\/\/jochenhemmleb.com\/web\/wp-json\/wp\/v2\/pages"}],"about":[{"href":"https:\/\/jochenhemmleb.com\/web\/wp-json\/wp\/v2\/types\/page"}],"author":[{"embeddable":true,"href":"https:\/\/jochenhemmleb.com\/web\/wp-json\/wp\/v2\/users\/1"}],"replies":[{"embeddable":true,"href":"https:\/\/jochenhemmleb.com\/web\/wp-json\/wp\/v2\/comments?post=118"}],"version-history":[{"count":2,"href":"https:\/\/jochenhemmleb.com\/web\/wp-json\/wp\/v2\/pages\/118\/revisions"}],"predecessor-version":[{"id":148,"href":"https:\/\/jochenhemmleb.com\/web\/wp-json\/wp\/v2\/pages\/118\/revisions\/148"}],"up":[{"embeddable":true,"href":"https:\/\/jochenhemmleb.com\/web\/wp-json\/wp\/v2\/pages\/11"}],"wp:attachment":[{"href":"https:\/\/jochenhemmleb.com\/web\/wp-json\/wp\/v2\/media?parent=118"}],"curies":[{"name":"wp","href":"https:\/\/api.w.org\/{rel}","templated":true}]}}