{"id":149,"date":"2017-02-28T18:31:45","date_gmt":"2017-02-28T18:31:45","guid":{"rendered":"http:\/\/jochenhemmleb.com\/web\/?page_id=149"},"modified":"2024-06-12T15:40:55","modified_gmt":"2024-06-12T15:40:55","slug":"besser-tiger-als-schaf","status":"publish","type":"page","link":"https:\/\/jochenhemmleb.com\/web\/bucher\/besser-tiger-als-schaf\/","title":{"rendered":"Besser Tiger als Schaf"},"content":{"rendered":"\n<h1 class=\"wp-block-heading\">Besser Tiger als Schaf<\/h1>\n\n\n\n<h2 class=\"wp-block-heading\">Alex MacIntyre und die Geburt des Alpinstils im Himalaya<\/h2>\n\n\n\n<p><em>von John Porter, ins Deutsche \u00fcbersetzt und bearbeitet von Jochen Hemmleb<\/em><\/p>\n\n\n<div class=\"wp-block-image\">\n<figure class=\"alignleft\"><a href=\"http:\/\/jochenhemmleb.com\/web\/wp-content\/uploads\/2017\/02\/01-Besser-Tiger-als-Schaf.jpg\" target=\"_blank\" rel=\"noopener\"><img loading=\"lazy\" decoding=\"async\" width=\"199\" height=\"300\" src=\"http:\/\/jochenhemmleb.com\/web\/wp-content\/uploads\/2017\/02\/01-Besser-Tiger-als-Schaf-199x300.jpg\" alt=\"\" class=\"wp-image-150\" srcset=\"https:\/\/jochenhemmleb.com\/web\/wp-content\/uploads\/2017\/02\/01-Besser-Tiger-als-Schaf-199x300.jpg 199w, https:\/\/jochenhemmleb.com\/web\/wp-content\/uploads\/2017\/02\/01-Besser-Tiger-als-Schaf.jpg 332w\" sizes=\"auto, (max-width: 199px) 100vw, 199px\" \/><\/a><\/figure><\/div>\n\n\n<p>Alex MacIntyre, gerade mal 28 Jahre alt, als er streben musste, war bereits zu Lebzeiten eine der bekanntesten Pers\u00f6nlichkeiten der internationalen Bergsteigerszene; eine Art Punk, der &#8211; nonkonformistisch, selbstbewusst und frech &#8211; sich nicht um althergebrachte Regeln scherte und in den Bergen der Welt bis dahin Unvorstellbares in die Tat umsetzte: minimalistisch bist zum geht nicht mehr, bei maximaler Hingabe &#8211; das war Alex&#8217; Stil.<\/p>\n\n\n\n<p>Zu seinen gr\u00f6\u00dften Erfolgen z\u00e4hlen extreme Erstbegehungen an Himalaya-Giganten wie dem Changabang, Dhaulagiri oder Shisha Pangma sowie eine beeindruckende Serie von neuen Routen in den Alpen und den Anden. Dabei war der Stil seiner Besteigungen mindestens ebenso wichtig wie die \u00c4sthetik ihrer Linie oder die Schwierigkeit. Alex war ein Vision\u00e4r, der mit einer Handvoll Kollegen &#8211; darunter sein polnischer Kletterpartner Voytek Kurtyka &#8211; \u00fcber alle gesellschaftlichen und politischen Grenzen hinweg die Obsession einer reinen For des Bergsteigens teilte und lebte.<\/p>\n\n\n\n<p>Dies ist die deutsche Lizenzausgabe des mehrfach ausgezeichneten englischen Titels <em>One Day as a Tiger<\/em>, in dem John Porter seinen Seilpartner und Freund MacIntyre und den Zeitgeist der Siebzigerjahre lebendig werden l\u00e4sst. Ein aus der Masse herausragendes, authentisches Bergbuch, das mit allen emotionalen Facetten packt und ber\u00fchrt: von urkomischen, mit typisch britischem Humor erz\u00e4hlten Szenen bis hin zu Ereignissen von ersch\u00fctternder Tragik.<\/p>\n\n\n\n<p><strong>Aus Rezensionen:<\/strong><\/p>\n\n\n\n<p><em>&#8220;Zum einen schildert es nat\u00fcrlich den Werdegang von Alex Macintyre, der in der Annapurna-S\u00fcdwand zu Tode kam, zum anderen wirft es einen Blick auf die Entwicklung des britischen Bergsteigens w\u00e4hrend der wilden Siebziger und Achtziger und nicht zuletzt ist es die Autobiographie des Autors selbst. Dabei handelt es sich keineswegs nur um Memoirenliteratur, vielmehr widmet sich Porter auch ethischen Fragen, die das Bergsteigen bis in die Gegenwart besch\u00e4ftigen. &#8230; Ein Buch der besonderen Art, ein Buch \u00fcber die Spannung zwischen sportlichem Ehrgeiz und &#8211; bisweilen auch durchaus dunkler &#8211; Leidenschaft.&#8221;<\/em><\/p>\n","protected":false},"excerpt":{"rendered":"<p>Besser Tiger als Schaf Alex MacIntyre und die Geburt des Alpinstils im Himalaya von John Porter, ins Deutsche \u00fcbersetzt und bearbeitet von Jochen Hemmleb Alex MacIntyre, gerade mal 28 Jahre alt, als er streben musste, war bereits zu Lebzeiten eine der bekanntesten Pers\u00f6nlichkeiten der internationalen Bergsteigerszene; eine Art Punk, der&hellip; <a href=\"https:\/\/jochenhemmleb.com\/web\/bucher\/besser-tiger-als-schaf\/\" class=\"more-link read-more\" rel=\"bookmark\">Continue Reading <span class=\"screen-reader-text\">Besser Tiger als Schaf<\/span><i class=\"fa fa-arrow-right\"><\/i><\/a><\/p>\n","protected":false},"author":1,"featured_media":0,"parent":5,"menu_order":1,"comment_status":"closed","ping_status":"closed","template":"","meta":{"footnotes":""},"class_list":{"0":"post-149","1":"page","2":"type-page","3":"status-publish","4":"hentry","5":"h-entry","7":"h-as-page"},"_links":{"self":[{"href":"https:\/\/jochenhemmleb.com\/web\/wp-json\/wp\/v2\/pages\/149","targetHints":{"allow":["GET"]}}],"collection":[{"href":"https:\/\/jochenhemmleb.com\/web\/wp-json\/wp\/v2\/pages"}],"about":[{"href":"https:\/\/jochenhemmleb.com\/web\/wp-json\/wp\/v2\/types\/page"}],"author":[{"embeddable":true,"href":"https:\/\/jochenhemmleb.com\/web\/wp-json\/wp\/v2\/users\/1"}],"replies":[{"embeddable":true,"href":"https:\/\/jochenhemmleb.com\/web\/wp-json\/wp\/v2\/comments?post=149"}],"version-history":[{"count":4,"href":"https:\/\/jochenhemmleb.com\/web\/wp-json\/wp\/v2\/pages\/149\/revisions"}],"predecessor-version":[{"id":926,"href":"https:\/\/jochenhemmleb.com\/web\/wp-json\/wp\/v2\/pages\/149\/revisions\/926"}],"up":[{"embeddable":true,"href":"https:\/\/jochenhemmleb.com\/web\/wp-json\/wp\/v2\/pages\/5"}],"wp:attachment":[{"href":"https:\/\/jochenhemmleb.com\/web\/wp-json\/wp\/v2\/media?parent=149"}],"curies":[{"name":"wp","href":"https:\/\/api.w.org\/{rel}","templated":true}]}}