{"id":154,"date":"2017-02-28T18:34:49","date_gmt":"2017-02-28T18:34:49","guid":{"rendered":"http:\/\/jochenhemmleb.com\/web\/?page_id=154"},"modified":"2017-02-28T18:34:49","modified_gmt":"2017-02-28T18:34:49","slug":"eiger-extrem","status":"publish","type":"page","link":"https:\/\/jochenhemmleb.com\/web\/bucher\/eiger-extrem\/","title":{"rendered":"Eiger Extrem"},"content":{"rendered":"<h1>Eiger Extrem<\/h1>\n<h2>Das Rennen um die Nordwand-Direttissima<\/h2>\n<p><em>von Peter &amp; Leni Gillman, mit Jochen Hemmleb; ins Deutsche \u00fcbersetzt und bearbeitet von Jochen Hemmleb<\/em><\/p>\n<p><a href=\"http:\/\/jochenhemmleb.com\/web\/wp-content\/uploads\/2017\/02\/02-Eiger-extrem.jpg\" target=\"_blank\"><img loading=\"lazy\" decoding=\"async\" class=\"alignleft wp-image-155 size-medium\" src=\"http:\/\/jochenhemmleb.com\/web\/wp-content\/uploads\/2017\/02\/02-Eiger-extrem-190x300.jpg\" width=\"190\" height=\"300\" srcset=\"https:\/\/jochenhemmleb.com\/web\/wp-content\/uploads\/2017\/02\/02-Eiger-extrem-190x300.jpg 190w, https:\/\/jochenhemmleb.com\/web\/wp-content\/uploads\/2017\/02\/02-Eiger-extrem-768x1215.jpg 768w, https:\/\/jochenhemmleb.com\/web\/wp-content\/uploads\/2017\/02\/02-Eiger-extrem-647x1024.jpg 647w, https:\/\/jochenhemmleb.com\/web\/wp-content\/uploads\/2017\/02\/02-Eiger-extrem.jpg 948w\" sizes=\"auto, (max-width: 190px) 100vw, 190px\" \/><\/a>In der Eiger-Nordwand spielte sich im Februar 1966 ein au\u00dfergew\u00f6hnliches Drama ab. Zwei Teams aus verschiedenen Nationen k\u00e4mpften mit verheerendem Wetter, Ausr\u00fcstungs- und Lebensmittelknappheit, Verletzungen und Erkrankungen um die erste Direktroute. Anfangs folgten sie unterschiedlichen Routen, doch je h\u00f6her sie in der Wand aufstiegen, desto mehr arbeiteten sie zusammen. Ende M\u00e4rz gipfelte die Durchsteigung in einer nie zuvor da gewesenen Mischung aus Trag\u00f6die und Triumph.<\/p>\n<p>Fast 50 Jahre sp\u00e4ter schildern Peter und Leni Gillman auf packende Weise die damaligen Ereignisse. Zum ersten Mal vereinigt das Buch die Sichtweisen beider Teams und erz\u00e4hlt die bislang unbekannte vollst\u00e4ndige Geschichte der epischen letzten Tage der Durchsteigung &#8211; ein \u00dcberlebenskampf und Grenzgang, der in der Alpingeschichte seinesgleichen sucht.<\/p>\n<p>Interviews mit den noch lebenden Teilnehmern und ihren Familien enth\u00fcllen, wie der Nachhall der Eiger-Direttissima bis heute anh\u00e4lt. Und sie liefern eine l\u00e4ngst \u00fcberf\u00e4llige Korrektur jener Verf\u00e4lschungen, die in den kontrovers gef\u00fchrten Debatten \u00fcber die Durchsteigung verbreitet wurden. So ist <em>Eiger Extrem <\/em>das umfassende Dokument einer au\u00dfergew\u00f6hnlichen Leistung und eines unvergleichlichen Abenteuers.<\/p>\n<p>Aus Rezensionen:<\/p>\n<p><em>&#8220;Vorliegendes Buch zeichnet die Ereignisse dieser wochenlangen &#8220;Belagerung&#8221; detailliert nach, beschreibt akribisch genau den Charakter der einzelnen Kletterer, listet spannende Details auf, die bisher noch nicht bekannt waren. Vor allem aber wird versucht, den St\u00e4rken und Schw\u00e4chen beider Teams gerecht zu werden, beider Sichtweisen einzubringen und kritisch zu durchleuchten.&#8221;<\/em><\/p>\n","protected":false},"excerpt":{"rendered":"<p>Eiger Extrem Das Rennen um die Nordwand-Direttissima von Peter &amp; Leni Gillman, mit Jochen Hemmleb; ins Deutsche \u00fcbersetzt und bearbeitet von Jochen Hemmleb In der Eiger-Nordwand spielte sich im Februar 1966 ein au\u00dfergew\u00f6hnliches Drama ab. Zwei Teams aus verschiedenen Nationen k\u00e4mpften mit verheerendem Wetter, Ausr\u00fcstungs- und Lebensmittelknappheit, Verletzungen und Erkrankungen&hellip; <a href=\"https:\/\/jochenhemmleb.com\/web\/bucher\/eiger-extrem\/\" class=\"more-link read-more\" rel=\"bookmark\">Continue Reading <span class=\"screen-reader-text\">Eiger Extrem<\/span><i class=\"fa fa-arrow-right\"><\/i><\/a><\/p>\n","protected":false},"author":1,"featured_media":0,"parent":5,"menu_order":2,"comment_status":"closed","ping_status":"closed","template":"","meta":{"footnotes":""},"class_list":{"0":"post-154","1":"page","2":"type-page","3":"status-publish","4":"hentry","5":"h-entry","7":"h-as-page"},"_links":{"self":[{"href":"https:\/\/jochenhemmleb.com\/web\/wp-json\/wp\/v2\/pages\/154","targetHints":{"allow":["GET"]}}],"collection":[{"href":"https:\/\/jochenhemmleb.com\/web\/wp-json\/wp\/v2\/pages"}],"about":[{"href":"https:\/\/jochenhemmleb.com\/web\/wp-json\/wp\/v2\/types\/page"}],"author":[{"embeddable":true,"href":"https:\/\/jochenhemmleb.com\/web\/wp-json\/wp\/v2\/users\/1"}],"replies":[{"embeddable":true,"href":"https:\/\/jochenhemmleb.com\/web\/wp-json\/wp\/v2\/comments?post=154"}],"version-history":[{"count":1,"href":"https:\/\/jochenhemmleb.com\/web\/wp-json\/wp\/v2\/pages\/154\/revisions"}],"predecessor-version":[{"id":156,"href":"https:\/\/jochenhemmleb.com\/web\/wp-json\/wp\/v2\/pages\/154\/revisions\/156"}],"up":[{"embeddable":true,"href":"https:\/\/jochenhemmleb.com\/web\/wp-json\/wp\/v2\/pages\/5"}],"wp:attachment":[{"href":"https:\/\/jochenhemmleb.com\/web\/wp-json\/wp\/v2\/media?parent=154"}],"curies":[{"name":"wp","href":"https:\/\/api.w.org\/{rel}","templated":true}]}}