{"id":160,"date":"2017-02-28T18:42:56","date_gmt":"2017-02-28T18:42:56","guid":{"rendered":"http:\/\/jochenhemmleb.com\/web\/?page_id=160"},"modified":"2017-02-28T18:42:56","modified_gmt":"2017-02-28T18:42:56","slug":"gerfried-goschl-spuren-fur-die-ewigkeit","status":"publish","type":"page","link":"https:\/\/jochenhemmleb.com\/web\/bucher\/gerfried-goschl-spuren-fur-die-ewigkeit\/","title":{"rendered":"Gerfried G\u00f6schl &#8211; Spuren f\u00fcr die Ewigkeit"},"content":{"rendered":"<h1>Gerfried G\u00f6schl<\/h1>\n<h2>Spuren f\u00fcr die Ewigkeit<\/h2>\n<p><em>mit Heike G\u00f6schl-Gr\u00fcnwald<\/em><\/p>\n<p><a href=\"http:\/\/jochenhemmleb.com\/web\/wp-content\/uploads\/2017\/02\/04-Spuren-f\u00fcr-die-Ewigkeit.jpg\" target=\"_blank\"><img loading=\"lazy\" decoding=\"async\" class=\"alignleft wp-image-161 size-medium\" src=\"http:\/\/jochenhemmleb.com\/web\/wp-content\/uploads\/2017\/02\/04-Spuren-f\u00fcr-die-Ewigkeit-212x300.jpg\" width=\"212\" height=\"300\" srcset=\"https:\/\/jochenhemmleb.com\/web\/wp-content\/uploads\/2017\/02\/04-Spuren-f\u00fcr-die-Ewigkeit-212x300.jpg 212w, https:\/\/jochenhemmleb.com\/web\/wp-content\/uploads\/2017\/02\/04-Spuren-f\u00fcr-die-Ewigkeit.jpg 354w\" sizes=\"auto, (max-width: 212px) 100vw, 212px\" \/><\/a>Gerfried G\u00f6schl (1972-2012) war eine Ausnahmeerscheinung im \u00f6sterreichischen H\u00f6henbergsteigen &#8211; und zwar nicht allein aufgrund seiner Leistungen wie einer Neuroute am Nanga Parbat im Alpinstil oder der Besteigung des Mount Everest und sechs weiterer 8000er ohne Sauerstoffger\u00e4t, sondern vor allem wegen seiner Pers\u00f6nlichkeit und Kreativit\u00e4t. Seine F\u00fchrungsqualit\u00e4ten besa\u00dfen eine Vorbildwirkung, die weit \u00fcber das Bergsteigen hinausreichen.<\/p>\n<p><em>Spuren f\u00fcr die Ewigkeit<\/em>\u00a0erinnert an das facettenreiche Leben von Gerfried G\u00f6schl. Gleichzeitig regt das Buch zum Nachdenken an \u00fcber das viel propagierte Traumziel des &#8220;Lebens f\u00fcr eine Leidenschaft&#8221;, \u00fcber das Bild und die Funktion von &#8220;Berghelden&#8221;, und \u00fcber den Profialpinismus, bei dem Str\u00f6mungen und Gesetze des Marktes bisweilen \u00e4hnlich gro\u00dfe Bedrohungen darstellen k\u00f6nnen wie Steinschlag, Lawinen und St\u00fcrme.<\/p>\n<p>Aus Rezensionen:<\/p>\n<p><em>&#8220;&#8230;ein gro\u00dfartiges Buch \u00fcber den Spitzenbergsteiger, es werden private und sportliche Facetten realistisch dargestellt, beeindruckenden Beitr\u00e4ge aus seinem engsten Umfeld, und dazu eine Menge von grandiosen Fotos&#8230;ein Meilenstein der Alpinliteratur &#8211; unbedingt lesen!&#8221;<\/em><\/p>\n","protected":false},"excerpt":{"rendered":"<p>Gerfried G\u00f6schl Spuren f\u00fcr die Ewigkeit mit Heike G\u00f6schl-Gr\u00fcnwald Gerfried G\u00f6schl (1972-2012) war eine Ausnahmeerscheinung im \u00f6sterreichischen H\u00f6henbergsteigen &#8211; und zwar nicht allein aufgrund seiner Leistungen wie einer Neuroute am Nanga Parbat im Alpinstil oder der Besteigung des Mount Everest und sechs weiterer 8000er ohne Sauerstoffger\u00e4t, sondern vor allem wegen&hellip; <a href=\"https:\/\/jochenhemmleb.com\/web\/bucher\/gerfried-goschl-spuren-fur-die-ewigkeit\/\" class=\"more-link read-more\" rel=\"bookmark\">Continue Reading <span class=\"screen-reader-text\">Gerfried G\u00f6schl &#8211; Spuren f\u00fcr die Ewigkeit<\/span><i class=\"fa fa-arrow-right\"><\/i><\/a><\/p>\n","protected":false},"author":1,"featured_media":0,"parent":5,"menu_order":4,"comment_status":"closed","ping_status":"closed","template":"","meta":{"footnotes":""},"class_list":{"0":"post-160","1":"page","2":"type-page","3":"status-publish","4":"hentry","5":"h-entry","7":"h-as-page"},"_links":{"self":[{"href":"https:\/\/jochenhemmleb.com\/web\/wp-json\/wp\/v2\/pages\/160","targetHints":{"allow":["GET"]}}],"collection":[{"href":"https:\/\/jochenhemmleb.com\/web\/wp-json\/wp\/v2\/pages"}],"about":[{"href":"https:\/\/jochenhemmleb.com\/web\/wp-json\/wp\/v2\/types\/page"}],"author":[{"embeddable":true,"href":"https:\/\/jochenhemmleb.com\/web\/wp-json\/wp\/v2\/users\/1"}],"replies":[{"embeddable":true,"href":"https:\/\/jochenhemmleb.com\/web\/wp-json\/wp\/v2\/comments?post=160"}],"version-history":[{"count":2,"href":"https:\/\/jochenhemmleb.com\/web\/wp-json\/wp\/v2\/pages\/160\/revisions"}],"predecessor-version":[{"id":782,"href":"https:\/\/jochenhemmleb.com\/web\/wp-json\/wp\/v2\/pages\/160\/revisions\/782"}],"up":[{"embeddable":true,"href":"https:\/\/jochenhemmleb.com\/web\/wp-json\/wp\/v2\/pages\/5"}],"wp:attachment":[{"href":"https:\/\/jochenhemmleb.com\/web\/wp-json\/wp\/v2\/media?parent=160"}],"curies":[{"name":"wp","href":"https:\/\/api.w.org\/{rel}","templated":true}]}}