{"id":166,"date":"2017-02-28T18:49:20","date_gmt":"2017-02-28T18:49:20","guid":{"rendered":"http:\/\/jochenhemmleb.com\/web\/?page_id=166"},"modified":"2017-02-28T18:49:20","modified_gmt":"2017-02-28T18:49:20","slug":"courage","status":"publish","type":"page","link":"https:\/\/jochenhemmleb.com\/web\/bucher\/courage\/","title":{"rendered":"Courage"},"content":{"rendered":"<h1><strong>Courage<\/strong><\/h1>\n<h2><strong>Im Schatten des Nanga Parbat 1934.\u00a0<\/strong>Die wahre Geschichte des Bergsteigers Hermann Hoerlin und einer lebensgef\u00e4hrlichen Liebe.<\/h2>\n<p><em>von Bettina Hoerlin, ins Deutsche \u00fcbersetzt und bearbeitet von Jochen Hemmleb<\/em><\/p>\n<p><a href=\"http:\/\/jochenhemmleb.com\/web\/wp-content\/uploads\/2017\/02\/06-Courage.jpg\" target=\"_blank\"><img loading=\"lazy\" decoding=\"async\" class=\"alignleft wp-image-167 size-medium\" src=\"http:\/\/jochenhemmleb.com\/web\/wp-content\/uploads\/2017\/02\/06-Courage-200x300.jpg\" width=\"200\" height=\"300\" srcset=\"https:\/\/jochenhemmleb.com\/web\/wp-content\/uploads\/2017\/02\/06-Courage-200x300.jpg 200w, https:\/\/jochenhemmleb.com\/web\/wp-content\/uploads\/2017\/02\/06-Courage.jpg 334w\" sizes=\"auto, (max-width: 200px) 100vw, 200px\" \/><\/a>Deutschland 1934: Die Nationalsozialisten sind auf dem Vormarsch. Die Verfolgung von Juden und politischen Gegnern nimmt ihren Anfang. Auch das Bergsteigen bleibt davon nicht unber\u00fchrt. Am Nanga Parbat bahnt sich zur gleichen Zeit eine der gr\u00f6\u00dften Katastrophen in der Alpingeschichte an, die diesen Achttausender f\u00fcr immer als &#8220;Schicksalsberg der Deutschen&#8221; ins kollektive Ged\u00e4chtnis einbrennen wird.<\/p>\n<p>Unter den Vorzeichen einer bergsteigerischen und einer pers\u00f6nlichen Trag\u00f6die begegnen sich zwei au\u00dfergew\u00f6hnliche Pers\u00f6nlichkeiten: K\u00e4the Schmid und Hermann Hoerlin, einer der besten Bergsteiger seiner Zeit. Sie werden vor schicksalhafte Herausforderungen gestellt&#8230;<\/p>\n<p>Aus Rezensionen:<\/p>\n<p><em>&#8220;5 Sterne f\u00fcr diese au\u00dfergew\u00f6hnliche Liebesgeschichte, die allen Mut machen sollte. In einer so schwierigen Zeit unter derart widerlichen Verh\u00e4ltnissen so zu k\u00e4mpfen, wie es diese beiden Menschen gemacht haben, sollte uns allen zeigen, dass es sich lohnt, f\u00fcr seine Ideale einzustehen und diese auch einzufordern. Ein wichtiges Buch, gerade in einer Zeit, die immer mehr ins rechte Eck abzudriften droht.&#8221; <\/em><\/p>\n<p><em>&#8220;Man nimmt aus diesem Buch mehr Geschichtsunterricht aus dieser Zeit mit, als man in der Schule vermittelt bekam und auch wahrscheinlich heute nicht mehr vermittelt bekommt.\u00a0&#8220;<\/em><\/p>\n","protected":false},"excerpt":{"rendered":"<p>Courage Im Schatten des Nanga Parbat 1934.\u00a0Die wahre Geschichte des Bergsteigers Hermann Hoerlin und einer lebensgef\u00e4hrlichen Liebe. von Bettina Hoerlin, ins Deutsche \u00fcbersetzt und bearbeitet von Jochen Hemmleb Deutschland 1934: Die Nationalsozialisten sind auf dem Vormarsch. Die Verfolgung von Juden und politischen Gegnern nimmt ihren Anfang. Auch das Bergsteigen bleibt&hellip; <a href=\"https:\/\/jochenhemmleb.com\/web\/bucher\/courage\/\" class=\"more-link read-more\" rel=\"bookmark\">Continue Reading <span class=\"screen-reader-text\">Courage<\/span><i class=\"fa fa-arrow-right\"><\/i><\/a><\/p>\n","protected":false},"author":1,"featured_media":0,"parent":5,"menu_order":6,"comment_status":"closed","ping_status":"closed","template":"","meta":{"footnotes":""},"class_list":{"0":"post-166","1":"page","2":"type-page","3":"status-publish","4":"hentry","5":"h-entry","7":"h-as-page"},"_links":{"self":[{"href":"https:\/\/jochenhemmleb.com\/web\/wp-json\/wp\/v2\/pages\/166","targetHints":{"allow":["GET"]}}],"collection":[{"href":"https:\/\/jochenhemmleb.com\/web\/wp-json\/wp\/v2\/pages"}],"about":[{"href":"https:\/\/jochenhemmleb.com\/web\/wp-json\/wp\/v2\/types\/page"}],"author":[{"embeddable":true,"href":"https:\/\/jochenhemmleb.com\/web\/wp-json\/wp\/v2\/users\/1"}],"replies":[{"embeddable":true,"href":"https:\/\/jochenhemmleb.com\/web\/wp-json\/wp\/v2\/comments?post=166"}],"version-history":[{"count":1,"href":"https:\/\/jochenhemmleb.com\/web\/wp-json\/wp\/v2\/pages\/166\/revisions"}],"predecessor-version":[{"id":168,"href":"https:\/\/jochenhemmleb.com\/web\/wp-json\/wp\/v2\/pages\/166\/revisions\/168"}],"up":[{"embeddable":true,"href":"https:\/\/jochenhemmleb.com\/web\/wp-json\/wp\/v2\/pages\/5"}],"wp:attachment":[{"href":"https:\/\/jochenhemmleb.com\/web\/wp-json\/wp\/v2\/media?parent=166"}],"curies":[{"name":"wp","href":"https:\/\/api.w.org\/{rel}","templated":true}]}}