{"id":169,"date":"2017-02-28T18:51:52","date_gmt":"2017-02-28T18:51:52","guid":{"rendered":"http:\/\/jochenhemmleb.com\/web\/?page_id=169"},"modified":"2017-02-28T18:51:52","modified_gmt":"2017-02-28T18:51:52","slug":"herausforderung-8000er","status":"publish","type":"page","link":"https:\/\/jochenhemmleb.com\/web\/bucher\/herausforderung-8000er\/","title":{"rendered":"Herausforderung 8000er."},"content":{"rendered":"<p><strong>Herausforderung 8000er. <\/strong><\/p>\n<p><strong>Die h\u00f6chsten Berge der Welt im 21. Jahrhundert \u2013 Menschen, Mythen, Meilensteine<\/strong><\/p>\n<p><em>Von Richard Sale, George Rodway &amp; Eberhard Jurgalski, \u00fcbersetzt ins Deutsche und bearbeitet von Jochen Hemmleb<\/em><\/p>\n<p><a href=\"http:\/\/jochenhemmleb.com\/web\/wp-content\/uploads\/2017\/02\/07-Herausforderung-8000er.jpg\" target=\"_blank\"><img loading=\"lazy\" decoding=\"async\" class=\"alignleft wp-image-170 size-medium\" src=\"http:\/\/jochenhemmleb.com\/web\/wp-content\/uploads\/2017\/02\/07-Herausforderung-8000er-250x300.jpg\" width=\"250\" height=\"300\" srcset=\"https:\/\/jochenhemmleb.com\/web\/wp-content\/uploads\/2017\/02\/07-Herausforderung-8000er-250x300.jpg 250w, https:\/\/jochenhemmleb.com\/web\/wp-content\/uploads\/2017\/02\/07-Herausforderung-8000er.jpg 416w\" sizes=\"auto, (max-width: 250px) 100vw, 250px\" \/><\/a>Die eisige Welt der Achttausender &#8211; zwischen Mythos, Kommerz und internationalem Spitzenalpinismus.<\/p>\n<p>W\u00e4hrend einige der welth\u00f6chsten Gipfel inzwischen auch f\u00fcr Gelegenheitsbergsteiger erreichbar sind, findet eine Handvoll Alpinisten an ihnen noch immer Raum f\u00fcr Pionierleistungen im absoluten Grenzbereich. Dieses Buch erz\u00e4hlt die packende Geschichte aller 14 Achttausender und dokumentiert erstmals die alpinistischen Highlights und Entwicklungen im ersten Jahrzehnt des 21. Jahrhunderts &#8211; bis heute.<\/p>\n<p>Das einzigartige neue Standardwerk zu den h\u00f6chsten Gipfeln der Welt:<\/p>\n<ul>\n<li>Historisch fundiert: Die Gesamtgeschichte aller Achttausender im \u00dcberblick und die wahren Hintergr\u00fcnde der Erstbesteigungen<\/li>\n<li>Aktuell und detailliert: Die internationalen Highlights im neuen Jahrtausend &#8211; alle Neurouten und Varianten, alle Winter-Erstbesteigungen und Versuche<\/li>\n<li>Investigativ und kontrovers: Die bedeutendsten R\u00e4tsel und Debatten in der Geschichte der Achttausender &#8211; vom Mysterium um Mallory &amp; Irvine bis zum Doping beim H\u00f6henbergsteigen<\/li>\n<li>Reich bebildert: Wandansichten zu allen Achttausendern und die besten Bilder aus dem internationalen Expeditionsgeschehen.<\/li>\n<\/ul>\n<p><strong>Aus Rezensionen:<\/strong><\/p>\n<p><em>&#8220;Ein Wahnsinns Buch f\u00fcr alle die, die der Faszination der h\u00f6chsten Berge der Erde verfallen sind. Die 8000er werden auf eine ganz eigene Art und Weise von der Erstbesteigung, \u00fcber die verschiedenen Routen, bis zu heutigen Besteigungen beschrieben und differenziert. Die verschiedenen Routen werden durch technisch verfeinerte Bilder untermauert und man kann sich eine Meinung \u00fcber die herausragende Leistung einer 8000er Besteigung bilden. Des weiteren lassen die vielen Aufnahmen viel Raum um die Gedanken schweifen zu lassen und von so einer au\u00dferordentlichen Leistung tr\u00e4umen.&#8221;<\/em><\/p>\n","protected":false},"excerpt":{"rendered":"<p>Herausforderung 8000er. Die h\u00f6chsten Berge der Welt im 21. Jahrhundert \u2013 Menschen, Mythen, Meilensteine Von Richard Sale, George Rodway &amp; Eberhard Jurgalski, \u00fcbersetzt ins Deutsche und bearbeitet von Jochen Hemmleb Die eisige Welt der Achttausender &#8211; zwischen Mythos, Kommerz und internationalem Spitzenalpinismus. W\u00e4hrend einige der welth\u00f6chsten Gipfel inzwischen auch f\u00fcr&hellip; <a href=\"https:\/\/jochenhemmleb.com\/web\/bucher\/herausforderung-8000er\/\" class=\"more-link read-more\" rel=\"bookmark\">Continue Reading <span class=\"screen-reader-text\">Herausforderung 8000er.<\/span><i class=\"fa fa-arrow-right\"><\/i><\/a><\/p>\n","protected":false},"author":1,"featured_media":0,"parent":5,"menu_order":7,"comment_status":"closed","ping_status":"closed","template":"","meta":{"footnotes":""},"class_list":{"0":"post-169","1":"page","2":"type-page","3":"status-publish","4":"hentry","5":"h-entry","7":"h-as-page"},"_links":{"self":[{"href":"https:\/\/jochenhemmleb.com\/web\/wp-json\/wp\/v2\/pages\/169","targetHints":{"allow":["GET"]}}],"collection":[{"href":"https:\/\/jochenhemmleb.com\/web\/wp-json\/wp\/v2\/pages"}],"about":[{"href":"https:\/\/jochenhemmleb.com\/web\/wp-json\/wp\/v2\/types\/page"}],"author":[{"embeddable":true,"href":"https:\/\/jochenhemmleb.com\/web\/wp-json\/wp\/v2\/users\/1"}],"replies":[{"embeddable":true,"href":"https:\/\/jochenhemmleb.com\/web\/wp-json\/wp\/v2\/comments?post=169"}],"version-history":[{"count":1,"href":"https:\/\/jochenhemmleb.com\/web\/wp-json\/wp\/v2\/pages\/169\/revisions"}],"predecessor-version":[{"id":171,"href":"https:\/\/jochenhemmleb.com\/web\/wp-json\/wp\/v2\/pages\/169\/revisions\/171"}],"up":[{"embeddable":true,"href":"https:\/\/jochenhemmleb.com\/web\/wp-json\/wp\/v2\/pages\/5"}],"wp:attachment":[{"href":"https:\/\/jochenhemmleb.com\/web\/wp-json\/wp\/v2\/media?parent=169"}],"curies":[{"name":"wp","href":"https:\/\/api.w.org\/{rel}","templated":true}]}}