{"id":175,"date":"2017-02-28T18:55:20","date_gmt":"2017-02-28T18:55:20","guid":{"rendered":"http:\/\/jochenhemmleb.com\/web\/?page_id=175"},"modified":"2017-02-28T18:55:20","modified_gmt":"2017-02-28T18:55:20","slug":"nanga-parbat","status":"publish","type":"page","link":"https:\/\/jochenhemmleb.com\/web\/bucher\/nanga-parbat\/","title":{"rendered":"Nanga Parbat"},"content":{"rendered":"<h1><strong>Nanga Parbat<\/strong><\/h1>\n<h2><strong>Das Drama 1970 und die Kontroverse \u2013 Wie die Messner-Trag\u00f6die zum gr\u00f6\u00dften Streitfall in der Alpingeschichte wurde<\/strong><\/h2>\n<p><a href=\"http:\/\/jochenhemmleb.com\/web\/wp-content\/uploads\/2017\/02\/09-Nanga-Parbat-1970.jpg\" target=\"_blank\"><img loading=\"lazy\" decoding=\"async\" class=\"alignleft wp-image-176 size-medium\" src=\"http:\/\/jochenhemmleb.com\/web\/wp-content\/uploads\/2017\/02\/09-Nanga-Parbat-1970-202x300.jpg\" width=\"202\" height=\"300\" srcset=\"https:\/\/jochenhemmleb.com\/web\/wp-content\/uploads\/2017\/02\/09-Nanga-Parbat-1970-202x300.jpg 202w, https:\/\/jochenhemmleb.com\/web\/wp-content\/uploads\/2017\/02\/09-Nanga-Parbat-1970.jpg 337w\" sizes=\"auto, (max-width: 202px) 100vw, 202px\" \/><\/a>Es ist die am h\u00e4ufigsten erz\u00e4hlte und am sch\u00e4rfsten debattierte Bergsteiger-Trag\u00f6die: die Geschichte um Reinhold Messner und den Tod seines Bruders G\u00fcnther am Nanga Parbat 1970. Ein Trauma, das f\u00fcr den \u00dcberlebenden bestimmend werden sollte, gleichzeitig ein Drama voller Widerspr\u00fcche, begleitet von Kontroversen, Verd\u00e4chtigungen und Schuldzuweisungen. Hochemotional diskutiert bis heute. Was geschah vor 40 Jahren wirklich im Gipfelbereich des Nanga Parbat? Und: Warum kann diese Geschichte bis heute nicht zur Ruhe kommen?<\/p>\n<p>Mit detektivischen Sp\u00fcrsinn geht Jochen Hemmleb diesen Fragen nach: Er sichtet alle Fakten, analysiert Messners Fortschreiben der eigenen Geschichte und h\u00f6rt erstmals die Stimmen aller Beteiligten. Dadurch werden Zusammenh\u00e4nge aufgedeckt, die die Ereignisse und Protagonisten in einem neuen, differenzierten Licht erscheinen lassen. So entstand die erste umfassende und unabh\u00e4ngige Darstellung, wie und warum die Messner-Trag\u00f6die zum gr\u00f6\u00dften Streitfall in der Alpingeschichte wurde: fundiert und akribisch recherchiert wie ein Fachbuch, packend erz\u00e4hlt wie ein Krimi. Ein Buch, das unter die Haut geht.<\/p>\n<p><strong>Aus Rezensionen:<\/strong><\/p>\n<p><em>&#8220;Das Buch \u00fcber die Trag\u00f6die am Nanga Parbat 1970 habe ich in einem Zug ausgelesen. Es war spannend wie ein Krimi und wirklich \u00e4u\u00dferst erhellend und aufkl\u00e4rend. Was ich besonders wohltuend als Leserin empfunden habe, ist die Tatsache, dass Hemmleb darauf verzichtet, fertige Antworten zu liefern. Sondern er stellt viele Fragen und \u00fcberl\u00e4sst es dem Leser sich seinen eigenen Eindruck zu machen. Genau diese Methode macht das Buch so stark, denn der Autor schl\u00e4gt sich nicht einfach auf eine Seite, sondern er versucht der Wahrheit gr\u00fcndlich und genau recherchiert auf den Grund zu gehen.&#8221;<\/em><\/p>\n<p><em>&#8220;Exzellente Recherche, logischer Aufbau der Kapitel und informative Bebilderung. Es war h\u00f6chste Zeit, dass jenseits aller emotionaler B\u00fccher der direkt Beteiligten an der Ungl\u00fccksexpedition eine umfassende Analyse von au\u00dfen den Publikationsberg erg\u00e4nzt. Das gelingt Hemmleb gl\u00e4nzend. &#8230; Wer Messners B\u00fccher aus der j\u00fcngeren Vergangenheit kennt, d\u00fcrfte gespannt gewesen sein, inwieweit Hemmleb Neutralit\u00e4t wahren konnte &#8211; der S\u00fcdtiroler hatte sich dort oft genug \u00fcber Hemmleb echauffiert. &#8230; Vor diesem Hintergrund bleibt Hemmleb erstaunlich sachlich und fair.&#8221;<\/em><\/p>\n<p><em>&#8220;Als Hintergrundinformation f\u00fcr bergbegeisterte Seher des Films (Josef Vilsmaiers &#8220;Nanga Parbat&#8221;), bietet das Werk einen unabh\u00e4ngigeren und somit auch objektiveren Blick auf die Geschehnisse am Nanga Parbat vor 40 Jahren, als es das offizielle Buch zum Film oder die B\u00fccher von Reinhold Messner selbst es k\u00f6nnten.&#8221;<\/em><\/p>\n<p><em>&#8220;Vielleicht das beste Buch \u00fcber die ungel\u00f6sten R\u00e4tsel der Geschehnisse am Nanga Parbat.&#8221;<\/em><\/p>\n","protected":false},"excerpt":{"rendered":"<p>Nanga Parbat Das Drama 1970 und die Kontroverse \u2013 Wie die Messner-Trag\u00f6die zum gr\u00f6\u00dften Streitfall in der Alpingeschichte wurde Es ist die am h\u00e4ufigsten erz\u00e4hlte und am sch\u00e4rfsten debattierte Bergsteiger-Trag\u00f6die: die Geschichte um Reinhold Messner und den Tod seines Bruders G\u00fcnther am Nanga Parbat 1970. Ein Trauma, das f\u00fcr den&hellip; <a href=\"https:\/\/jochenhemmleb.com\/web\/bucher\/nanga-parbat\/\" class=\"more-link read-more\" rel=\"bookmark\">Continue Reading <span class=\"screen-reader-text\">Nanga Parbat<\/span><i class=\"fa fa-arrow-right\"><\/i><\/a><\/p>\n","protected":false},"author":1,"featured_media":0,"parent":5,"menu_order":9,"comment_status":"closed","ping_status":"closed","template":"","meta":{"footnotes":""},"class_list":{"0":"post-175","1":"page","2":"type-page","3":"status-publish","4":"hentry","5":"h-entry","7":"h-as-page"},"_links":{"self":[{"href":"https:\/\/jochenhemmleb.com\/web\/wp-json\/wp\/v2\/pages\/175","targetHints":{"allow":["GET"]}}],"collection":[{"href":"https:\/\/jochenhemmleb.com\/web\/wp-json\/wp\/v2\/pages"}],"about":[{"href":"https:\/\/jochenhemmleb.com\/web\/wp-json\/wp\/v2\/types\/page"}],"author":[{"embeddable":true,"href":"https:\/\/jochenhemmleb.com\/web\/wp-json\/wp\/v2\/users\/1"}],"replies":[{"embeddable":true,"href":"https:\/\/jochenhemmleb.com\/web\/wp-json\/wp\/v2\/comments?post=175"}],"version-history":[{"count":1,"href":"https:\/\/jochenhemmleb.com\/web\/wp-json\/wp\/v2\/pages\/175\/revisions"}],"predecessor-version":[{"id":177,"href":"https:\/\/jochenhemmleb.com\/web\/wp-json\/wp\/v2\/pages\/175\/revisions\/177"}],"up":[{"embeddable":true,"href":"https:\/\/jochenhemmleb.com\/web\/wp-json\/wp\/v2\/pages\/5"}],"wp:attachment":[{"href":"https:\/\/jochenhemmleb.com\/web\/wp-json\/wp\/v2\/media?parent=175"}],"curies":[{"name":"wp","href":"https:\/\/api.w.org\/{rel}","templated":true}]}}