{"id":182,"date":"2017-02-28T18:59:50","date_gmt":"2017-02-28T18:59:50","guid":{"rendered":"http:\/\/jochenhemmleb.com\/web\/?page_id=182"},"modified":"2017-02-28T18:59:50","modified_gmt":"2017-02-28T18:59:50","slug":"broad-peak-traum-und-albtraum","status":"publish","type":"page","link":"https:\/\/jochenhemmleb.com\/web\/bucher\/broad-peak-traum-und-albtraum\/","title":{"rendered":"Broad Peak, Traum und Albtraum"},"content":{"rendered":"<h1><strong>Broad Peak, Traum und Albtraum<\/strong><\/h1>\n<h2><strong>Auf den Spuren von Hermann Buhls letzter Expedition<\/strong><\/h2>\n<p><a href=\"http:\/\/jochenhemmleb.com\/web\/wp-content\/uploads\/2017\/02\/11-Broad-Peak.jpg\" target=\"_blank\"><img loading=\"lazy\" decoding=\"async\" class=\"alignleft wp-image-183 size-medium\" src=\"http:\/\/jochenhemmleb.com\/web\/wp-content\/uploads\/2017\/02\/11-Broad-Peak-202x300.jpg\" width=\"202\" height=\"300\" srcset=\"https:\/\/jochenhemmleb.com\/web\/wp-content\/uploads\/2017\/02\/11-Broad-Peak-202x300.jpg 202w, https:\/\/jochenhemmleb.com\/web\/wp-content\/uploads\/2017\/02\/11-Broad-Peak.jpg 336w\" sizes=\"auto, (max-width: 202px) 100vw, 202px\" \/><\/a>Am 9. Juni 1957 gelingt vier \u00d6sterreichern &#8211; Hermann Buhl, Kurt Diemberger, Marcus Schmuck und Fritz Wintersteller &#8211; die sensationelle Erstbesteigung des 8047 m hohen Broad Peak. Drei Wochen sp\u00e4ter st\u00fcrzt Hermann Buhl am benachbarten Siebentausender Chogolisa t\u00f6dlich ab.<\/p>\n<p>Im Sommer 2006 bricht eine \u00f6sterreichisch-deutsche Expedition auf, den Spuren von Hermann Buhls letzter Expedition zu folgen. Einer von ihnen kehrt nicht mehr zur\u00fcck&#8230;<\/p>\n<p>Jochen Hemmleb verwebt die Geschichte der Erstbesteigung 1957 mit den dramatischen Ereignissen im Sommer 2006: ein fesselnder, ehrlicher Bericht \u00fcber Achttausender-Expeditionen damals und heute, \u00fcber Bergsteiger, ihre Motivationen &#8211; und \u00fcber den Tod eines Freundes&#8230;<\/p>\n<p><strong>Aus Rezensionen:<\/strong><\/p>\n<p><em>&#8220;Dieses Buch l\u00e4sst einen nicht mehr los. Selbst ohne die gro\u00dfe Auswahl an au\u00dfergew\u00f6hnlichen Aufnahmen des Broad Peak und der Region nimmt Jochen Hemmleb den Leser mit unheimlichem Einf\u00fchlungsverm\u00f6gen wie einen unsichtbaren Beobachter mit auf eine spannende, letzten Endes aber bewegende, ja ersch\u00fctternde Reise. Eine Reise in eine ferne abweisende Welt aus Schnee, Fels und Eis, aber auch auf eine Reise in die Psyche von Menschen, die bewusst auf dem Grad wandern, Grenzg\u00e4ngern im wahrsten Sinne des Wortes, die die Grenze ber\u00fchren zwischen Leben und Tod, sie \u00fcberschreiten, die zur\u00fcckkehren, wie immer man eine R\u00fcckkehr auch verstehen mag.<\/em><em> Man ist so nah am Geschehen, dass man &#8211; so ist es mir jedenfalls gegangen &#8211; laufend im Buch vor oder zur\u00fcckbl\u00e4ttert um sich die Fotos der Expeditionsteilnehmer anzuschauen, um sich ihre Gesichter einzupr\u00e4gen. Jeder der Beteiligten geht einem ans Herz. Das gleiche gilt f\u00fcr das Kartenmaterial, auf dem man die Routen aufgrund der Anschaulichkeit verfolgen kann, verfolgen muss.&#8221;<\/em><\/p>\n<p><em>&#8220;Eine teilweise sehr sachliche Erz\u00e4hlweise wechselt sich ab mit Beschreibungen pers\u00f6nlicher Stimmungen und Gef\u00fchle und gibt dem Buch einen ganz speziellen Charakter.&#8221;<\/em><\/p>\n","protected":false},"excerpt":{"rendered":"<p>Broad Peak, Traum und Albtraum Auf den Spuren von Hermann Buhls letzter Expedition Am 9. Juni 1957 gelingt vier \u00d6sterreichern &#8211; Hermann Buhl, Kurt Diemberger, Marcus Schmuck und Fritz Wintersteller &#8211; die sensationelle Erstbesteigung des 8047 m hohen Broad Peak. Drei Wochen sp\u00e4ter st\u00fcrzt Hermann Buhl am benachbarten Siebentausender Chogolisa&hellip; <a href=\"https:\/\/jochenhemmleb.com\/web\/bucher\/broad-peak-traum-und-albtraum\/\" class=\"more-link read-more\" rel=\"bookmark\">Continue Reading <span class=\"screen-reader-text\">Broad Peak, Traum und Albtraum<\/span><i class=\"fa fa-arrow-right\"><\/i><\/a><\/p>\n","protected":false},"author":1,"featured_media":0,"parent":5,"menu_order":11,"comment_status":"closed","ping_status":"closed","template":"","meta":{"footnotes":""},"class_list":{"0":"post-182","1":"page","2":"type-page","3":"status-publish","4":"hentry","5":"h-entry","7":"h-as-page"},"_links":{"self":[{"href":"https:\/\/jochenhemmleb.com\/web\/wp-json\/wp\/v2\/pages\/182","targetHints":{"allow":["GET"]}}],"collection":[{"href":"https:\/\/jochenhemmleb.com\/web\/wp-json\/wp\/v2\/pages"}],"about":[{"href":"https:\/\/jochenhemmleb.com\/web\/wp-json\/wp\/v2\/types\/page"}],"author":[{"embeddable":true,"href":"https:\/\/jochenhemmleb.com\/web\/wp-json\/wp\/v2\/users\/1"}],"replies":[{"embeddable":true,"href":"https:\/\/jochenhemmleb.com\/web\/wp-json\/wp\/v2\/comments?post=182"}],"version-history":[{"count":1,"href":"https:\/\/jochenhemmleb.com\/web\/wp-json\/wp\/v2\/pages\/182\/revisions"}],"predecessor-version":[{"id":184,"href":"https:\/\/jochenhemmleb.com\/web\/wp-json\/wp\/v2\/pages\/182\/revisions\/184"}],"up":[{"embeddable":true,"href":"https:\/\/jochenhemmleb.com\/web\/wp-json\/wp\/v2\/pages\/5"}],"wp:attachment":[{"href":"https:\/\/jochenhemmleb.com\/web\/wp-json\/wp\/v2\/media?parent=182"}],"curies":[{"name":"wp","href":"https:\/\/api.w.org\/{rel}","templated":true}]}}