{"id":188,"date":"2017-02-28T19:05:26","date_gmt":"2017-02-28T19:05:26","guid":{"rendered":"http:\/\/jochenhemmleb.com\/web\/?page_id=188"},"modified":"2017-02-28T19:06:37","modified_gmt":"2017-02-28T19:06:37","slug":"mount-everest-eisige-hohen-audiobook","status":"publish","type":"page","link":"https:\/\/jochenhemmleb.com\/web\/bucher\/mount-everest-eisige-hohen-audiobook\/","title":{"rendered":"Mount Everest &#8211; Eisige H\u00f6hen (Audiobook)"},"content":{"rendered":"<h1><strong>Mount Everest<\/strong><\/h1>\n<h2><strong>Eisige H\u00f6hen<\/strong><\/h2>\n<p><a href=\"http:\/\/jochenhemmleb.com\/web\/wp-content\/uploads\/2017\/02\/13-Mount-Everest-CD.jpg\" target=\"_blank\"><img loading=\"lazy\" decoding=\"async\" class=\"alignleft wp-image-189 size-full\" src=\"http:\/\/jochenhemmleb.com\/web\/wp-content\/uploads\/2017\/02\/13-Mount-Everest-CD.jpg\" width=\"300\" height=\"300\" srcset=\"https:\/\/jochenhemmleb.com\/web\/wp-content\/uploads\/2017\/02\/13-Mount-Everest-CD.jpg 300w, https:\/\/jochenhemmleb.com\/web\/wp-content\/uploads\/2017\/02\/13-Mount-Everest-CD-150x150.jpg 150w\" sizes=\"auto, (max-width: 300px) 100vw, 300px\" \/><\/a>1924 nimmt der Engl\u00e4nder Mallory zum dritten Mal Anlauf, den h\u00f6chsten Berg der Welt zu besteigen. Er verschwindet im Nebel und wird nie wieder gesehen. Was ist passiert? Hat er den Gipfel tats\u00e4chlich erreicht? Ist er abgest\u00fcrzt, und wenn ja, wo?<\/p>\n<p>Mit Spannung vermittelt die Autorin Maja Nielsen das Wissen um die gro\u00dfen Abenteuer der Erde. Unterhaltung f\u00fcr die ganze Familie garantiert die aufregende Aufbereitung der Themen mit Hilfe von Forschern und Abenteurern unserer Zeit. Hier erz\u00e4hlt der Geologe und Alpinhistoriker Jochen Hemmleb, wie aufregend die Spurensuche in den eisigen H\u00f6hen des Mount Everest war.<\/p>\n<p><strong>1 CD inkl. 12-seitigem Begleitheft mit historischen Fakten.<\/strong><\/p>\n<p><strong>Sprecher<\/strong>: <em>Bodo Primus, Matthias Haase, Philipp Schepmann, Karlheinz Tafel u.a.<\/em><\/p>\n<p><strong>Aus Rezensionen:<\/strong><\/p>\n<p><em>&#8220;Die CD ist wirklich ein Gewinn f\u00fcr jeden, der etwas lernen und dabei gut unterhalten werden m\u00f6chte. Sehr ansprechend, sympathisch, unaufgeregt ohne Actiongetue und mit viel Hintergrundwissen wird hier informiert. Nat\u00fcrlich hat die Geschichte ja kein Happy End, das Drama am Berg wird aber auf eine sehr respektvolle und beeindruckende Art ohne Effekthascherei dargestellt. Hut ab. Ein tolles Booklet mit viel Zusatzinfos z.B. zum Himalaya, Nepal, den Sherpas und Bergsteigen geh\u00f6rt auch noch zur CD. Mit Sicherheit nicht unsere letzte CD aus dieser Reihe. Absolut empfehlenswert!&#8221;<\/em><\/p>\n","protected":false},"excerpt":{"rendered":"<p>Mount Everest Eisige H\u00f6hen 1924 nimmt der Engl\u00e4nder Mallory zum dritten Mal Anlauf, den h\u00f6chsten Berg der Welt zu besteigen. Er verschwindet im Nebel und wird nie wieder gesehen. Was ist passiert? Hat er den Gipfel tats\u00e4chlich erreicht? Ist er abgest\u00fcrzt, und wenn ja, wo? Mit Spannung vermittelt die Autorin&hellip; <a href=\"https:\/\/jochenhemmleb.com\/web\/bucher\/mount-everest-eisige-hohen-audiobook\/\" class=\"more-link read-more\" rel=\"bookmark\">Continue Reading <span class=\"screen-reader-text\">Mount Everest &#8211; Eisige H\u00f6hen (Audiobook)<\/span><i class=\"fa fa-arrow-right\"><\/i><\/a><\/p>\n","protected":false},"author":1,"featured_media":0,"parent":5,"menu_order":13,"comment_status":"closed","ping_status":"closed","template":"","meta":{"footnotes":""},"class_list":{"0":"post-188","1":"page","2":"type-page","3":"status-publish","4":"hentry","5":"h-entry","7":"h-as-page"},"_links":{"self":[{"href":"https:\/\/jochenhemmleb.com\/web\/wp-json\/wp\/v2\/pages\/188","targetHints":{"allow":["GET"]}}],"collection":[{"href":"https:\/\/jochenhemmleb.com\/web\/wp-json\/wp\/v2\/pages"}],"about":[{"href":"https:\/\/jochenhemmleb.com\/web\/wp-json\/wp\/v2\/types\/page"}],"author":[{"embeddable":true,"href":"https:\/\/jochenhemmleb.com\/web\/wp-json\/wp\/v2\/users\/1"}],"replies":[{"embeddable":true,"href":"https:\/\/jochenhemmleb.com\/web\/wp-json\/wp\/v2\/comments?post=188"}],"version-history":[{"count":3,"href":"https:\/\/jochenhemmleb.com\/web\/wp-json\/wp\/v2\/pages\/188\/revisions"}],"predecessor-version":[{"id":192,"href":"https:\/\/jochenhemmleb.com\/web\/wp-json\/wp\/v2\/pages\/188\/revisions\/192"}],"up":[{"embeddable":true,"href":"https:\/\/jochenhemmleb.com\/web\/wp-json\/wp\/v2\/pages\/5"}],"wp:attachment":[{"href":"https:\/\/jochenhemmleb.com\/web\/wp-json\/wp\/v2\/media?parent=188"}],"curies":[{"name":"wp","href":"https:\/\/api.w.org\/{rel}","templated":true}]}}