{"id":193,"date":"2017-02-28T19:09:55","date_gmt":"2017-02-28T19:09:55","guid":{"rendered":"http:\/\/jochenhemmleb.com\/web\/?page_id=193"},"modified":"2017-02-28T19:10:18","modified_gmt":"2017-02-28T19:10:18","slug":"illustrierter-atlas-des-himalaya","status":"publish","type":"page","link":"https:\/\/jochenhemmleb.com\/web\/bucher\/illustrierter-atlas-des-himalaya\/","title":{"rendered":"Illustrierter Atlas des Himalaya"},"content":{"rendered":"<h1><strong>Illustrierter Atlas des Himalaya<\/strong><\/h1>\n<p><em>von David Zurick und Julsun Pacheco, ins Deutsche \u00fcbersetzt und bearbeitet von Jochen Hemmleb<\/em><\/p>\n<p><a href=\"http:\/\/jochenhemmleb.com\/web\/wp-content\/uploads\/2017\/02\/14-Illustrierter-Atlas-des-Himalaya.jpg\" target=\"_blank\"><img loading=\"lazy\" decoding=\"async\" class=\"alignleft wp-image-194 size-medium\" src=\"http:\/\/jochenhemmleb.com\/web\/wp-content\/uploads\/2017\/02\/14-Illustrierter-Atlas-des-Himalaya-300x240.jpg\" width=\"300\" height=\"240\" srcset=\"https:\/\/jochenhemmleb.com\/web\/wp-content\/uploads\/2017\/02\/14-Illustrierter-Atlas-des-Himalaya-300x240.jpg 300w, https:\/\/jochenhemmleb.com\/web\/wp-content\/uploads\/2017\/02\/14-Illustrierter-Atlas-des-Himalaya-768x614.jpg 768w, https:\/\/jochenhemmleb.com\/web\/wp-content\/uploads\/2017\/02\/14-Illustrierter-Atlas-des-Himalaya-1024x819.jpg 1024w, https:\/\/jochenhemmleb.com\/web\/wp-content\/uploads\/2017\/02\/14-Illustrierter-Atlas-des-Himalaya.jpg 1200w\" sizes=\"auto, (max-width: 300px) 100vw, 300px\" \/><\/a>Himalaya &#8211; atemberaubende Gipfel, faszinierende Menschen, exotische Kulturen. Ein magischer Anziehungspunkt f\u00fcr Millionen von Bergsteigern und Trekkingtouristen. Das Buch ist ein Muss f\u00fcr jeden, der sich f\u00fcr die vielschichtigen Hintergr\u00fcnde des beliebten Fernreiseziels Himalaya interessiert.<\/p>\n<p>Inhalt: Das regionale Umfeld, Natur und Umwelt, Gesellschaft, Nat\u00fcrliche Rssourcen und Umweltschutz, Forschungsreisen und Tourismus&#8230;<\/p>\n<p><strong>Aus Rezensionen:<\/strong><\/p>\n<p><em>&#8220;Das Buch bietet in ausgezeichnet recherchierter Weise Antworten in vielerlei Hinsicht. Die Autoren verf\u00fcgen \u00fcber langj\u00e4hrige Erfahrung und Kenntnis der Bergregion, schreiben ausf\u00fchrlich und gut verst\u00e4ndlich \u00fcber die oben benannten Fragestellungen und Themenbereiche und sorgen so f\u00fcr eine fundierte und ausgesprochen interessante, lehrreiche Information. Tabellen, Register, \u00dcbersichten, Illustrationen, Aufrisse, Karten und vor allem fantastische 158 teils ganzseitige Farbaufnahmen von Natur und Menschen des hervorragend ausgestatteten Atlasses unterstreichen die gelieferten Aussagen, Thesen und Erkenntnisse und lassen keinen Zweifel an der wissenschaftlichen Richtigkeit aufkommen. Jedes Wort scheint belegt, jede Aussage findet seinen Nachweis.&#8221;<\/em><\/p>\n","protected":false},"excerpt":{"rendered":"<p>Illustrierter Atlas des Himalaya von David Zurick und Julsun Pacheco, ins Deutsche \u00fcbersetzt und bearbeitet von Jochen Hemmleb Himalaya &#8211; atemberaubende Gipfel, faszinierende Menschen, exotische Kulturen. Ein magischer Anziehungspunkt f\u00fcr Millionen von Bergsteigern und Trekkingtouristen. Das Buch ist ein Muss f\u00fcr jeden, der sich f\u00fcr die vielschichtigen Hintergr\u00fcnde des beliebten&hellip; <a href=\"https:\/\/jochenhemmleb.com\/web\/bucher\/illustrierter-atlas-des-himalaya\/\" class=\"more-link read-more\" rel=\"bookmark\">Continue Reading <span class=\"screen-reader-text\">Illustrierter Atlas des Himalaya<\/span><i class=\"fa fa-arrow-right\"><\/i><\/a><\/p>\n","protected":false},"author":1,"featured_media":0,"parent":5,"menu_order":14,"comment_status":"closed","ping_status":"closed","template":"","meta":{"footnotes":""},"class_list":{"0":"post-193","1":"page","2":"type-page","3":"status-publish","4":"hentry","5":"h-entry","7":"h-as-page"},"_links":{"self":[{"href":"https:\/\/jochenhemmleb.com\/web\/wp-json\/wp\/v2\/pages\/193","targetHints":{"allow":["GET"]}}],"collection":[{"href":"https:\/\/jochenhemmleb.com\/web\/wp-json\/wp\/v2\/pages"}],"about":[{"href":"https:\/\/jochenhemmleb.com\/web\/wp-json\/wp\/v2\/types\/page"}],"author":[{"embeddable":true,"href":"https:\/\/jochenhemmleb.com\/web\/wp-json\/wp\/v2\/users\/1"}],"replies":[{"embeddable":true,"href":"https:\/\/jochenhemmleb.com\/web\/wp-json\/wp\/v2\/comments?post=193"}],"version-history":[{"count":1,"href":"https:\/\/jochenhemmleb.com\/web\/wp-json\/wp\/v2\/pages\/193\/revisions"}],"predecessor-version":[{"id":195,"href":"https:\/\/jochenhemmleb.com\/web\/wp-json\/wp\/v2\/pages\/193\/revisions\/195"}],"up":[{"embeddable":true,"href":"https:\/\/jochenhemmleb.com\/web\/wp-json\/wp\/v2\/pages\/5"}],"wp:attachment":[{"href":"https:\/\/jochenhemmleb.com\/web\/wp-json\/wp\/v2\/media?parent=193"}],"curies":[{"name":"wp","href":"https:\/\/api.w.org\/{rel}","templated":true}]}}