{"id":196,"date":"2017-02-28T19:13:09","date_gmt":"2017-02-28T19:13:09","guid":{"rendered":"http:\/\/jochenhemmleb.com\/web\/?page_id=196"},"modified":"2017-02-28T19:13:09","modified_gmt":"2017-02-28T19:13:09","slug":"everest-gottinmutter-der-erde","status":"publish","type":"page","link":"https:\/\/jochenhemmleb.com\/web\/bucher\/everest-gottinmutter-der-erde\/","title":{"rendered":"Everest &#8211; G\u00f6ttinmutter der Erde"},"content":{"rendered":"<h1><strong>Everest<\/strong><\/h1>\n<h2><strong>G\u00f6ttinmutter der Erde<\/strong><\/h2>\n<p><a href=\"http:\/\/jochenhemmleb.com\/web\/wp-content\/uploads\/2017\/02\/15-Everest-G\u00f6ttinmutter-der-Erde.jpg\" target=\"_blank\"><img loading=\"lazy\" decoding=\"async\" class=\"alignleft wp-image-197 size-medium\" src=\"http:\/\/jochenhemmleb.com\/web\/wp-content\/uploads\/2017\/02\/15-Everest-G\u00f6ttinmutter-der-Erde-215x300.jpg\" width=\"215\" height=\"300\" srcset=\"https:\/\/jochenhemmleb.com\/web\/wp-content\/uploads\/2017\/02\/15-Everest-G\u00f6ttinmutter-der-Erde-215x300.jpg 215w, https:\/\/jochenhemmleb.com\/web\/wp-content\/uploads\/2017\/02\/15-Everest-G\u00f6ttinmutter-der-Erde.jpg 340w\" sizes=\"auto, (max-width: 215px) 100vw, 215px\" \/><\/a>Zum f\u00fcnfzigsten Jahrestag der Erstbesteigung im Mai 2003 legt der anerkannte Everest-Historiker Jochen Hemmleb seine Monografie des h\u00f6chsten Gipfels der Welt vor &#8211; und setzt damit der Flut von subjektiv berichtenden Everest-B\u00fcchern der letzten Jahre nicht nur eine objektive Besteigungsgeschichte, sondern auch eine umfassende W\u00fcrdigung des Berges aus den verschiedensten Blickwinkeln entgegen. Wenn Jochen Hemmleb von seiner sachbezogenen Warte aus die vielen Seiten dieses Berges beleuchtet, kommt auch die Geologie oder die Literaturgeschichte zu Wort, der Mount Everest als Film- und Theaterstar zu Ehren &#8211; und der Leser auf seine Kosten.<\/p>\n<p>Aus Rezensionen:<\/p>\n<p><em>&#8220;Dieses Buch hat der h\u00f6chste Berg der Welt verdient ! Aufmerksam recherchiert und aufregend zusammengestellt mit exzellentem Karten- und Bildmaterial. Wer sich der Faszination und der Geschichte wirklich n\u00e4hern m\u00f6chte, sollte unbedingt zu diesem Buch greifen. Auch durch den Umfang h\u00e4ngt dieses Buch alle anderen deutschsprachigen Erscheinungen \u00fcber den Everest locker ab.&#8221;\u00a0<\/em><\/p>\n","protected":false},"excerpt":{"rendered":"<p>Everest G\u00f6ttinmutter der Erde Zum f\u00fcnfzigsten Jahrestag der Erstbesteigung im Mai 2003 legt der anerkannte Everest-Historiker Jochen Hemmleb seine Monografie des h\u00f6chsten Gipfels der Welt vor &#8211; und setzt damit der Flut von subjektiv berichtenden Everest-B\u00fcchern der letzten Jahre nicht nur eine objektive Besteigungsgeschichte, sondern auch eine umfassende W\u00fcrdigung des&hellip; <a href=\"https:\/\/jochenhemmleb.com\/web\/bucher\/everest-gottinmutter-der-erde\/\" class=\"more-link read-more\" rel=\"bookmark\">Continue Reading <span class=\"screen-reader-text\">Everest &#8211; G\u00f6ttinmutter der Erde<\/span><i class=\"fa fa-arrow-right\"><\/i><\/a><\/p>\n","protected":false},"author":1,"featured_media":0,"parent":5,"menu_order":15,"comment_status":"closed","ping_status":"closed","template":"","meta":{"footnotes":""},"class_list":{"0":"post-196","1":"page","2":"type-page","3":"status-publish","4":"hentry","5":"h-entry","7":"h-as-page"},"_links":{"self":[{"href":"https:\/\/jochenhemmleb.com\/web\/wp-json\/wp\/v2\/pages\/196","targetHints":{"allow":["GET"]}}],"collection":[{"href":"https:\/\/jochenhemmleb.com\/web\/wp-json\/wp\/v2\/pages"}],"about":[{"href":"https:\/\/jochenhemmleb.com\/web\/wp-json\/wp\/v2\/types\/page"}],"author":[{"embeddable":true,"href":"https:\/\/jochenhemmleb.com\/web\/wp-json\/wp\/v2\/users\/1"}],"replies":[{"embeddable":true,"href":"https:\/\/jochenhemmleb.com\/web\/wp-json\/wp\/v2\/comments?post=196"}],"version-history":[{"count":1,"href":"https:\/\/jochenhemmleb.com\/web\/wp-json\/wp\/v2\/pages\/196\/revisions"}],"predecessor-version":[{"id":198,"href":"https:\/\/jochenhemmleb.com\/web\/wp-json\/wp\/v2\/pages\/196\/revisions\/198"}],"up":[{"embeddable":true,"href":"https:\/\/jochenhemmleb.com\/web\/wp-json\/wp\/v2\/pages\/5"}],"wp:attachment":[{"href":"https:\/\/jochenhemmleb.com\/web\/wp-json\/wp\/v2\/media?parent=196"}],"curies":[{"name":"wp","href":"https:\/\/api.w.org\/{rel}","templated":true}]}}