{"id":2,"date":"2016-05-10T03:48:21","date_gmt":"2016-05-10T03:48:21","guid":{"rendered":"http:\/\/wp452m.a10-52-158-154.qa.plesk.ru\/wordpress\/?page_id=2"},"modified":"2024-06-10T15:56:29","modified_gmt":"2024-06-10T15:56:29","slug":"referenzen","status":"publish","type":"page","link":"https:\/\/jochenhemmleb.com\/web\/referenzen\/","title":{"rendered":"Referenzen"},"content":{"rendered":"\n<h2 class=\"wp-block-heading\">B\u00fccher<\/h2>\n\n\n\n<h3 class=\"wp-block-heading\">Als Autor, Co-Autor und Herausgeber und Buchdesigner:<\/h3>\n\n\n\n<p><strong>Eiger \u2013 Querg\u00e4nge und Abgr\u00fcnde<\/strong><br>(Rainer Rettner, Buchgestaltung von Jochen Hemmleb)<br>Rimpar: Eigenverlag Rainer Rettner, 2022<\/p>\n\n\n\n<p><strong>Berg steil! \u2013 Meine Erstbegehungen zum Nachklettern<\/strong><br>(Christoph Hainz, mit Jochen Hemmleb)<br>Bozen: Raetia, 2022<\/p>\n\n\n\n<p><strong>Passion Eiger \u2013 Legend\u00e4re Routen damals und heute<\/strong><br>(Roger Sch\u00e4li, mit Rainer Rettner &amp; Jochen Hemmleb)<br>Ziegelbr\u00fccke: AS Verlag, 2020<\/p>\n\n\n\n<p><strong>Nur der Berg ist mein Boss \u2013 Das Leben des S\u00fcdtiroler Extremkletterers und<br>Bergf\u00fchrers<\/strong><br>(Christoph Hainz, mit Jochen Hemmleb)<br>Innsbruck: Tyrolia-Verlag, 2019<\/p>\n\n\n\n<p><strong>Extreme Eiger &#8211; The Race to climb the direct route up the North Face of the Eiger<\/strong><br>(Peter &amp; Leni Gillman, mit Jochen Hemmleb)<br>London: Simon &amp; Schuster, 2015<\/p>\n\n\n\n<p><strong>Gerfried G\u00f6schl &#8211; Spuren f\u00fcr die Ewigkeit<\/strong><br>(gemeinsam mit Heike G\u00f6schl-Gr\u00fcnwald)<br>Wien: Egoth-Verlag, 2014<\/p>\n\n\n\n<p><strong>Nanga Parbat 1970 &#8211; Tragedy and Controversy<\/strong><br>(gemeinsam mit Richard Sale)<br>Ross-on-Wye: Carreg, 2014<\/p>\n\n\n\n<p><strong>Austria 8000 \u2013 \u00d6sterreichische Alpinisten auf den h\u00f6chsten Gipfeln der Welt<\/strong><br>Innsbruck: Tyrolia-Verlag 2013<\/p>\n\n\n\n<p><strong>Nanga Parbat \u2013 Das Drama 1970 und die Kontroverse. Wie die Messner-Trag\u00f6die zum gr\u00f6\u00dften Streitfall in der Alpingeschichte wurde<\/strong><br>Innsbruck: Tyrolia-Verlag, 2010<\/p>\n\n\n\n<p><strong>Tatort Mount Everest: Der Fall Mallory \u2013 Neue Fakten und Hintergr\u00fcnde<\/strong><br>M\u00fcnchen: F.A. Herbig\/Terra Magica, 2009<\/p>\n\n\n\n<p><strong>Broad Peak, Traum und Albtraum &#8211; Auf den Spuren von Hermann Buhls letzter Expedition<\/strong><br>Innsbruck: Tyrolia-Verlag, 2007<\/p>\n\n\n\n<p><strong>Mount Everest-Spurensuche in eisigen H\u00f6hen<\/strong><br>(Autor: Maja Nielsen, Fachliche Beratung: Jochen Hemmleb)<br>Hildesheim: Gerstenberg-Verlag, 2006<\/p>\n\n\n\n<p><strong>Everest &#8211; G\u00f6ttinmutter der Erde<\/strong><br>Z\u00fcrich: AS-Verlag, 2002<\/p>\n\n\n\n<p><strong>Detectives on Everest &#8211; The 2001 Mallory &amp; Irvine Research Expedition<\/strong><br>(gemeinsam mit E.R. Simonson),<br>Seattle (USA): The Mountaineers Books, 2002<\/p>\n\n\n\n<p><strong>Ghosts of Everest &#8211; The Search for Mallory &amp; Irvine<\/strong><br>(gemeinsam mit L.A. Johnson, E.R. Simonson und W.E. Nothdurft),<br>Seattle (USA): The Mountaineers Books, 1999<br>Titel der deutschen Ausgabe: Die Geister des Mount Everest,<br>Hamburg: Hoffmann und Campe, 1999<\/p>\n\n\n\n<h3 class=\"wp-block-heading\">Als \u00dcbersetzer:<\/h3>\n\n\n\n<p><strong>Zwei auf dem Everest \u2013 Ein gemeinsamer Traum<\/strong><br>(Autoren: Uma Krishnaswami &amp; Christopher Corr; \u00dcbersetzung und Bearbeitung: Jochen<br>Hemmleb)<br>Innsbruck: Tyrolia-Verlag, 2023<\/p>\n\n\n\n<p><strong>Winter 8000<\/strong><br>(Autorin: Bernadette McDonald; \u00dcbersetzung und Bearbeitung: Jochen Hemmleb<br>Ziegelbr\u00fccke: AS Verlag, 2022<\/p>\n\n\n\n<p><strong>Besser Tiger als Schaf &#8211; Alex MacIntyre und die Geburt des Alpinstils im Himalaya<\/strong><br>(Autor: John Porter; \u00dcbersetzung und Bearbeitung: Jochen Hemmleb)<br>Innsbruck: Tyrolia-Verlag, 2016<\/p>\n\n\n\n<p><strong>Eiger Extrem &#8211; Das Rennen um die Nordwand-Direttissima<\/strong><br>(Autoren: Peter &amp; Leni Gillman, \u00dcbersetzung und Bearbeitung: Jochen Hemmleb)<br>Z\u00fcrich: AS-Verlag, 2016<\/p>\n\n\n\n<p><strong>Courage &#8211; Im Schatten des Nanga Parbat 1934. Die wahre Geschichte des Bergsteigers Hermann Hoerlin und einer lebensgef\u00e4hrlichen Liebe.<\/strong><br>(Autorin: Bettina Hoerlin, \u00dcbersetzung und Bearbeitung: Jochen Hemmleb)<br>Innsbruck: Tyrolia-Verlag 2014<\/p>\n\n\n\n<p><strong>Herausforderung 8000er. Die h\u00f6chsten Berge der Welt im 21. Jahrhundert \u2013 Menschen, Mythen, Meilensteine<\/strong><br>(Autoren: Richard Sale, George Rodway &amp; Eberhard Jurgalski, Herausgeber und \u00dcbersetzer: Jochen Hemmleb)<br>Innsbruck: Tyrolia-Verlag 2013<\/p>\n\n\n\n<p><strong>Illustrierter Atlas des Himalaya<\/strong><br>(Autoren: David Zurick &amp; Julsun Pacheco, \u00dcbersetzung und Bearbeitung: Jochen Hemmleb)<br>Z\u00fcrich: AS-Verlag, 2007<\/p>\n\n\n\n<h2 class=\"wp-block-heading\">Zeitschriftenartikel (Auswahl)<\/h2>\n\n\n\n<p><em>Aufgrund der Anzahl der erschienenen Artikel wird diese Auswahl in Zukunft nur noch<br>unregelm\u00e4\u00dfig aktualisiert. So erschienen seit 2021 im deutschen Bergsteigermagazin Der<br>Bergsteiger regelm\u00e4\u00dfig Artikel zu alpinhistorischen Themen, wie z.B.<\/em><\/p>\n\n\n\n<p><strong>\u201eDas Jahrhundert-R\u00e4tsel\u201c<\/strong> (100 Jahre Mallory &amp; Irvine am Everest)<br>Der Bergsteiger, 06\/2024<\/p>\n\n\n\n<p><em>Des Weiteren habe ich regelm\u00e4\u00dfig Aufs\u00e4tze im Alpenvereinsjahrbuch des DAV, \u00d6AV &amp; AVS<br>ver\u00f6ffentlicht:<\/em><\/p>\n\n\n\n<p><strong>\u201eSo einfach ist das. Was Zolt\u00e1n Demj\u00e1n am Dhaulagiri \u00fcber das innere Gef\u00fchl lernte\u201c<\/strong><br>Alpenvereinsjahrbuch BERG 2024<\/p>\n\n\n\n<p><strong>\u201eWeil er f\u00fcr mich da ist: Everest \u2013 ein pers\u00f6nlicher Pilgerweg\u201c<\/strong><br>Alpenvereinsjahrbuch BERG 2023<\/p>\n\n\n\n<p><strong>\u201eDer geborene Gigant: Einblicke in eine lebendige Berglandschaft\u201c<\/strong> (Ortler) und<br><strong>\u201eWelten in einem Tal: Wanderungen in Ulten\u201c<\/strong><br>Alpenvereinsjahrbuch BERG 2022<\/p>\n\n\n\n<p><strong>&#8220;The Many Faces of one Face &#8211; The Eiger Direct, Fifty Years on&#8221;<\/strong><br>ALPINIST 56, Winter 2016<\/p>\n\n\n\n<p><strong>&#8220;Riss in der Geschichte&#8221;<\/strong><br>(Neubetrachtung der John-Harlin-Route in der Eiger-Nordwand nach 50 Jahren)<br>Der Bergsteiger, 3\/2016<\/p>\n\n\n\n<p><strong>&#8220;Das geheime Leben eines Steuerbeamten&#8221;<\/strong><br>(Portr\u00e4t des britischen Ausnahmealpinisten Mick Fowler)<br>Alpenvereinsjahrbuch BERG 2016<\/p>\n\n\n\n<p><strong>&#8220;Wir z\u00e4hlen m\u00f6glicherweise zu den erfolgreichsten erfolglosen Seilschaften der Welt&#8221;<\/strong><br>(Interview mit Sandy Allan, Erstbegeher des Mazenograts am Nanga Parbat)<\/p>\n\n\n\n<p>und<\/p>\n\n\n\n<p><strong>&#8220;Kreativit\u00e4t am Berg &#8211; Ein Portr\u00e4t des K\u00fcnstlers und Alpinisten Andy Parkin&#8221;<\/strong><br>Alpenvereinsjahrbuch BERG 2015<\/p>\n\n\n\n<p><strong>&#8220;Der Mythos Eiger und seine bewegte Geschichte \u2013 Wand der W\u00e4nde ohne Ende&#8221;<\/strong>,<br>Alpin, 8\/2013<\/p>\n\n\n\n<p><strong>&#8220;Direttissima-Geschichte \u2013 Gestern, heute, morgen&#8221;<\/strong>,<br>Alpin, 2\/2013<\/p>\n\n\n\n<p><strong>&#8220;Tatort Mount Everest \u2013 Der Fall Mallory&#8221;<\/strong><br>Der Bergsteiger, 1\/2010<\/p>\n\n\n\n<p><strong>&#8220;Wie m\u00fcde darf ein Held sein?&#8221;<\/strong>&nbsp;Spurensuche am Broad Peak oder: Der Mythos Hermann Buhl,<br>Frankfurter Allgemeine Zeitung, 21.6.2007<\/p>\n\n\n\n<p><strong>&#8220;Alpinismus reloaded&#8221;<\/strong>&nbsp;(Revisionismus in der Alpingeschichte),<br>BERGE, 5\/2007<\/p>\n\n\n\n<p><strong>&#8220;50 Jahre Broad Peak&#8221;<\/strong>&nbsp;Ein Jubil\u00e4um rund um Mythen und Wahrheiten,<br>DAV Panorama, 4\/2007<\/p>\n\n\n\n<p><strong>&#8220;Ciao Markus&#8221;<\/strong>&nbsp;(Erinnerung an Markus Kronthaler),<br>Alpin, 4\/2007<\/p>\n\n\n\n<p><strong>&#8220;Broad Peak 1957\/2007&#8221;<\/strong><br>Ein Gipfel, zwei Zeiten, zwei Reisen<br>Salzburger Alpenvereinsnachrichten, 53, 205 (April-Juni 2007)<br>und Innsbruck Alpin, 3\/2007<\/p>\n\n\n\n<p><strong>&#8220;John Harlins gr\u00f6\u00dftes Kunstwerk&#8221;<\/strong>&nbsp;(40 Jahre Eiger-Nordwand-Direttissima)<br>BERGE, 5\/2006<\/p>\n\n\n\n<p><strong>&#8220;Deadly Ascent&#8221;<\/strong>&nbsp;(Reinhold Messner und die Kontroverse um Nanga Parbat 1970)<br>Recherche f\u00fcr Artikel von P. Gillman in The Sunday Times Magazine, 25. April 2004<\/p>\n\n\n\n<p><strong>&#8220;K2-Der Berg der Berge&#8221;<\/strong>&nbsp;(50 Jahre K2-Erstbesteigung)<br>BERGE, 4\/2004<\/p>\n\n\n\n<p><strong>&#8220;Aus dem Mythos wird ein Mensch&#8221;<\/strong>&nbsp;(Mallory),<br>Frankfurter Allgemeine Zeitung, 28. Mai 2003<\/p>\n\n\n\n<p><strong>&#8220;Nationalstolz auf h\u00f6chster Ebene&#8221;<\/strong>&nbsp;(Everest, Politik und Nationalismus),<br>Baseler Magazin, 21, 24. Mai 2003<\/p>\n\n\n\n<p><strong>&#8220;Mallory&#8217;s letztes Geheimnis&#8221;<\/strong>&nbsp;(Xu Jing und die Entdeckung Irvines 1960),<br>Alpin, Mai 2003<\/p>\n\n\n\n<p><strong>&#8220;The English dead&#8221;<\/strong>,<br>Geographical, Mai 2003<\/p>\n\n\n\n<p><strong>&#8220;Alpiner Ballermann am Berg der Berge&#8221;<\/strong>&nbsp;(50 Jahre Everest-Erstbesteigung),<br>BERGE, 3\/2003<\/p>\n\n\n\n<p><strong>&#8220;Das h\u00f6chste Fundb\u00fcro der Welt&#8221;<\/strong>,<br>Alpin, November 2001<\/p>\n\n\n\n<p><strong>&#8220;Dem Tod von der Schippe geklaut&#8221;<\/strong>&nbsp;(mit C. Kratzer und J. Norton),<br>Alpin, August 2001<\/p>\n\n\n\n<p><strong>&#8220;Neue Expedition-Alte R\u00e4tsel&#8221;<\/strong>&nbsp;(gemeinsam mit C. Kratzer),<br>Alpin, M\u00e4rz 2001<\/p>\n\n\n\n<p><strong>&#8220;Discovery on Mount Everest&#8221;<\/strong>&nbsp;(gemeinsam mit L.A. Johnson),<br>Climbing, 188, September 1999<\/p>\n\n\n\n<h2 class=\"wp-block-heading\">Fernsehproduktionen<\/h2>\n\n\n\n<h3 class=\"wp-block-heading\">Drehbuch und Regie f\u00fcr<\/h3>\n\n\n\n<p><strong>&#8220;Der Ortler &#8211; S\u00fcdtirols K\u00f6nig der Berge&#8221;<\/strong><br>Servus TV, November 2016<\/p>\n\n\n\n<h3 class=\"wp-block-heading\">Regie- und Schnittassistenz, Drehbuchautor und Fachberater f\u00fcr<\/h3>\n\n\n\n<p><strong>&#8220;Matterhorn &#8211; Vom Mythos zur Marke&#8221;<\/strong><br>Servus TV, Juli 2015<\/p>\n\n\n\n<p><strong>&#8220;Peter Ressmann &#8211; Eine Widmung&#8221;<\/strong><br>Servus TV, Juni 2013<\/p>\n\n\n\n<p><strong>&#8220;Das letzte Wort hat der Berg \u2013 Matterhorn-Nordwand&#8221;<\/strong><br>Servus TV, November 2012<\/p>\n\n\n\n<p><strong>&#8220;Drei Zinnen \u2013 Grenzen der Felskletterei&#8221;<\/strong><br>Servus TV, October 2012<\/p>\n\n\n\n<h3 class=\"wp-block-heading\">Drehbuchautor und Fachberater f\u00fcr:<\/h3>\n\n\n\n<p><strong>&#8220;Zwischen Licht und Schatten \u2013 Piz Badile-Nordostwand&#8221;<\/strong>,<br>Servus TV, September 2012<\/p>\n\n\n\n<p><strong>&#8220;Der zerfallende Berg \u2013 Die Petit Dru-Nordwand&#8221;<\/strong>,<br>Servus TV, Februar 2012<\/p>\n\n\n\n<p><strong>&#8220;Eiger-Nordwand \u2013 Die Wand der W\u00e4nde&#8221;<\/strong>,<br>Servus TV, Februar 2012<\/p>\n\n\n\n<p><strong>&#8220;Die Suche der Sherpas&#8221;<\/strong>,<br>Servus TV, Februar 2012<\/p>\n\n\n\n<p><strong>&#8220;Erster auf dem Everest&#8221;<\/strong>&nbsp;(Die Suche nach Andrew Irvine)<br>Universum \u2013 ORF2, Dezember 2010<\/p>\n\n\n\n<h3 class=\"wp-block-heading\">Fachberater f\u00fcr:<\/h3>\n\n\n\n<p><strong>&#8220;Grab in eisigen H\u00f6hen&#8221;<\/strong>&nbsp;(Bergung von Markus Kronthaler),<br>Pro7, Januar 2008<\/p>\n\n\n\n<p><strong>&#8220;Broad Peak 2006 &#8211; Auf den Spuren von Hermann Buhl&#8221;<\/strong>,<br>smac-media\/BR, (Sendetermin noch offen)<\/p>\n\n\n\n<p><strong>&#8220;Fredrik Str\u00e4ng och Mysteriet pa Everest&#8221;<\/strong>&nbsp;(Fredrik Str\u00e4ng and the mystery on Everest)<br>TV 4 AB (Schweden), M\u00e4rz 2007<\/p>\n\n\n\n<p><strong>&#8220;Die Marmormumie vom Mount Everest&#8221;<\/strong>, ZDF, Januar 2000<\/p>\n\n\n\n<p><strong>&#8220;Welt der Wunder Spezial &#8211; Mount Everest&#8221;<\/strong>, Pro7, November 2001<\/p>\n\n\n\n<p>Dar\u00fcber hinaus Mitarbeit bei zahlreichen Kurzbeitr\u00e4gen f\u00fcr Fernsehen (u.a. HR, NDR, 3Sat, Deutsche Welle TV, XXP) und Rundfunk (u.a. NDR, Radio Bremen, DeutschlandRadio, HR, SWR, BR) zum Thema Mount Everest\/Mallory &amp; Irvine.<\/p>\n\n\n\n<p>Ca.&nbsp;<strong>100 Vortr\u00e4ge und Lesungen<\/strong>&nbsp;zum Thema Mount Everest\/Mallory &amp; Irvine in Deutschland, Schweiz, England, Schottland und den USA<\/p>\n\n\n\n<h2 class=\"wp-block-heading\">Ausstellungen<\/h2>\n\n\n\n<p>Kurator f\u00fcr die Geschichte der Everest-Besteigung bei<strong>&#8220;Yadegar Asisis Everest \u2013 Erlebnis zwischen Expedition und Tradition&#8221;<\/strong>, asisi Panometer Leipzig, 28.1. \u2013 3.6.2012<\/p>\n\n\n\n<h3 class=\"wp-block-heading\">Fachberater f\u00fcr<\/h3>\n\n\n\n<p><strong>&#8220;Detectives on Everest&#8221;<\/strong>,<br>Washington State History Museum, Tacoma (USA), 7.9.2002 &#8211; 6.4.2003<\/p>\n\n\n\n<h3 class=\"wp-block-heading\">Ausstellungsleiter<\/h3>\n\n\n\n<p>(gemeinsam mit A. Schmidt-Stegmaier)<\/p>\n\n\n\n<p><strong>&#8220;Detectives on Everest &#8211; Funde der Mallory- &amp; Irvine-Suchexpedition 2001&#8221;<\/strong>,<br>Palais am Festungsgraben, Berlin, 1.6. &#8211; 31.8.2003<br><a href=\"http:\/\/www.detectives-on-everest.de\/\">www.detectives-on-everest.de<\/a><\/p>\n\n\n\n<p>Kurator f\u00fcr die Geschichte der Everest-Besteigung (gemeinsam mit A. Schmidt-Stegmaier) bei&nbsp;<strong>&#8220;Yadegar Asisis 8848 Everest 360\u00b0&#8221;<\/strong>, Gasometer S\u00fcd-Ost, Leipzig, 24.5. &#8211; 31.12.2003 [Verl\u00e4ngert bis 2005] &#8211; www.8848everest.de<\/p>\n\n\n\n<h2 class=\"wp-block-heading\">Auszeichnungen<\/h2>\n\n\n\n<p><strong>Kamera Alpin in Gold<\/strong>,<br>24. Internationales Berg + Abenteuer Filmfestival Graz, \u00d6sterreich,<\/p>\n\n\n\n<p>f\u00fcr Dokumentation<br><strong>&#8220;Petit Dru-Nordwand \u2013 Der zerfallene Berg&#8221;<\/strong><br>(Servus TV, Februar 2012)<\/p>\n\n\n\n<p><strong>Grand Prix Bansko Mountain Film Festival<\/strong>,<br>Bulgarien, f\u00fcr Dokumentarfilm&nbsp;<strong>&#8220;Erster auf dem Everest&#8221;<\/strong>&nbsp;(ORF Universum, 2011)<br>Drehbuch: Jochen Hemmleb &amp; Gerald Salmina<\/p>\n\n\n\n<p>Nominierung f\u00fcr den&nbsp;<strong>&#8220;Deutschen Jugendliteraturpreis 2007&#8221;<\/strong><br>in der Sparte Sachbuch f\u00fcr die Fachbereitert\u00e4tigkeit f\u00fcr Spurensuche in Eisigen H\u00f6hen von Maja Nielsen<\/p>\n\n\n\n<p>Nominierungen f\u00fcr den&nbsp;<strong>&#8220;Boardman &amp; Tasker Award for Mountaineering Literature&#8221;<\/strong>&nbsp;(GB) f\u00fcr Ghosts of Everest (1999) und Detectives on Everest (2002) und Nanga Parbat 1970 (2014)<\/p>\n\n\n\n<p>Der&nbsp;<strong>American Alpine Club<\/strong>&nbsp;z\u00e4hlte&nbsp;<strong>&#8220;Ghosts of Everest&#8221;<\/strong>&nbsp;zu den 52 einflussreichsten B\u00fcchern in seiner hundertj\u00e4hrigen Geschichte: &#8220;Vier oder f\u00fcnf B\u00fccher schildern Aspekte der Entdeckung Mallorys. Doch dieses Buch der Begr\u00fcnder der Expedition ist mit seiner Kombination aus historischer Perspektive, Augenzeugenbericht und Einsicht das vollendetste. Es ist zudem wundervoll gestaltet.&#8221; (American Alpine Journal, 2002)<\/p>\n\n\n\n<p>Italienischer Literaturpreis&nbsp;<strong>&#8220;Giuseppe Mazzotti&#8221;<\/strong>&nbsp;f\u00fcr Le Ombre dell&#8217; Everest (italienische Ausgabe von Ghosts of Everest)<\/p>\n","protected":false},"excerpt":{"rendered":"<p>B\u00fccher Als Autor, Co-Autor und Herausgeber und Buchdesigner: Eiger \u2013 Querg\u00e4nge und Abgr\u00fcnde(Rainer Rettner, Buchgestaltung von Jochen Hemmleb)Rimpar: Eigenverlag Rainer Rettner, 2022 Berg steil! \u2013 Meine Erstbegehungen zum Nachklettern(Christoph Hainz, mit Jochen Hemmleb)Bozen: Raetia, 2022 Passion Eiger \u2013 Legend\u00e4re Routen damals und heute(Roger Sch\u00e4li, mit Rainer Rettner &amp; Jochen Hemmleb)Ziegelbr\u00fccke:&hellip; <a href=\"https:\/\/jochenhemmleb.com\/web\/referenzen\/\" class=\"more-link read-more\" rel=\"bookmark\">Continue Reading <span class=\"screen-reader-text\">Referenzen<\/span><i class=\"fa fa-arrow-right\"><\/i><\/a><\/p>\n","protected":false},"author":1,"featured_media":221,"parent":0,"menu_order":0,"comment_status":"closed","ping_status":"open","template":"","meta":{"footnotes":""},"class_list":{"0":"post-2","1":"page","2":"type-page","3":"status-publish","4":"has-post-thumbnail","5":"hentry","6":"h-entry","8":"h-as-page"},"_links":{"self":[{"href":"https:\/\/jochenhemmleb.com\/web\/wp-json\/wp\/v2\/pages\/2","targetHints":{"allow":["GET"]}}],"collection":[{"href":"https:\/\/jochenhemmleb.com\/web\/wp-json\/wp\/v2\/pages"}],"about":[{"href":"https:\/\/jochenhemmleb.com\/web\/wp-json\/wp\/v2\/types\/page"}],"author":[{"embeddable":true,"href":"https:\/\/jochenhemmleb.com\/web\/wp-json\/wp\/v2\/users\/1"}],"replies":[{"embeddable":true,"href":"https:\/\/jochenhemmleb.com\/web\/wp-json\/wp\/v2\/comments?post=2"}],"version-history":[{"count":5,"href":"https:\/\/jochenhemmleb.com\/web\/wp-json\/wp\/v2\/pages\/2\/revisions"}],"predecessor-version":[{"id":921,"href":"https:\/\/jochenhemmleb.com\/web\/wp-json\/wp\/v2\/pages\/2\/revisions\/921"}],"wp:featuredmedia":[{"embeddable":true,"href":"https:\/\/jochenhemmleb.com\/web\/wp-json\/wp\/v2\/media\/221"}],"wp:attachment":[{"href":"https:\/\/jochenhemmleb.com\/web\/wp-json\/wp\/v2\/media?parent=2"}],"curies":[{"name":"wp","href":"https:\/\/api.w.org\/{rel}","templated":true}]}}