{"id":33,"date":"2017-02-07T18:47:21","date_gmt":"2017-02-07T18:47:21","guid":{"rendered":"http:\/\/jochenhemmleb.com\/web\/?page_id=33"},"modified":"2024-06-10T15:48:01","modified_gmt":"2024-06-10T15:48:01","slug":"steckbrief","status":"publish","type":"page","link":"https:\/\/jochenhemmleb.com\/web\/steckbrief\/","title":{"rendered":"Steckbrief"},"content":{"rendered":"\n<p>Geboren am 13. August 1971 in Bad Homburg (D); lebt mit seiner Familie in Lana (IT).<\/p>\n\n\n\n<p>Seit seinem 10. Lebensjahr begeisterter Bergsteiger und Trekker, zahlreiche klassische Hochtouren in bekannten (Mont Blanc, Monte Rosa, usw.) und weniger bekannten Ecken der Alpen.<\/p>\n\n\n\n<p><strong>Seit 1988<\/strong> Aufbau des &#8220;Everest-Archivs&#8221; zur Besteigungsgeschichte der Everest-Nordseite und des Geheimnisses um Mallory &amp; Irvine, inzwischen eine der gr\u00f6\u00dften privaten Sammlungen zu diesem Thema.<\/p>\n\n\n\n<p>Nach Abitur (1991) und Zivildienst in Bad Homburg Studium der Geologie an der Johann-Wolfgang-Goethe-Universit\u00e4t, Frankfurt am Main. Abschluss als Diplom-Geologe.<\/p>\n\n\n\n<p><strong>Fr\u00fchjahr 1996<\/strong> dreieinhalbmonatiger Aufenthalt in Ostafrika (Kenia, Tansania, Sambia, Uganda). Selbst organisierte Besteigungen von Mount Kenya (Nelion, 5188 m, und Point Lenana, 4985 m) sowie Ruwenzori (Margherita, 5109 m; solo). Daneben sechsw\u00f6chige T\u00e4tigkeit als wissenschaftlicher Assistent an der University of Zambia, Lusaka.<\/p>\n\n\n\n<p><strong>Herbst 1996 bis Sommer 1997<\/strong> neunmonatiger Aufenthalt in Neuseeland, Feldarbeiten und Recherchen f\u00fcr Diplomarbeit in Geologie (Strukturgeologie der Remarkables, Western Otago, Neuseeland) sowie T\u00e4tigkeit als &#8220;Visiting Scientist&#8221; am Institute of Geological &amp; Nuclear Sciences, Dunedin.<\/p>\n\n\n\n<p><strong>1999<\/strong> Co-Initiator und Teilnehmer der <strong>&#8220;Mallory &amp; Irvine Research Expedition&#8221;<\/strong> zum Mount Everest, welcher die <strong>Entdeckung des 1924 verschollenen britischen Himalaja-Pioniers<\/strong> <strong>George Mallory<\/strong> gelang. Anschlie\u00dfend dreimonatige Autorent\u00e4tigkeit in Seattle, USA, zur Auswertung der Expeditionsergebnisse.<\/p>\n\n\n\n<p><strong>2001<\/strong> Co-Initiator und Teilnehmer der zweiten <strong>&#8220;Mallory &amp; Irvine Research Expedition&#8221; (&#8220;Detectives on Everest&#8221;)<\/strong>, Entdeckung weiterer Spuren des Besteigungsversuchs 1924 sowie fr\u00fcher britischer und chinesischer Expeditionen der Jahre 1922 bis 1975. Anschlie\u00dfend zweimonatige Autorent\u00e4tigkeit in Seattle, USA, zur Auswertung der Expeditionsergebnisse.<\/p>\n\n\n\n<p><strong>2004 <\/strong>Nanga Parbat History Research Project in Zusammenarbeit mit dem deutschen Bergfilmer <strong>Gerhard Baur<\/strong> und der <strong>American Foundation for International Mountaineering and Research (AFFIMER)<\/strong>. Besuch aller drei Seiten des Nanga Parbat-Massivs (Diamir, Raikot und Rupal), Suche nach Spuren alter Expeditionen.<\/p>\n\n\n\n<p><strong>2005 <\/strong>Umzug nach S\u00fcdtirol (IT)<\/p>\n\n\n\n<p><strong>2006<\/strong> Co-Initiator und Teilnehmer der \u00f6sterreichisch-deutschen <strong>Broad Peak\/Chogolisa-Expedition<\/strong> ins Karakorum (Pakistan) auf den Spuren der Bergsteigerlegende <strong>Hermann Buhl<\/strong>. Begehung des Godwin Austen-Gletschers bis unterhalb des Skyang La (Grenze zu China) und des Abruzzi-Gletschers bis unterhalb des Conway Saddle (Grenze zu Kashmir).<\/p>\n\n\n\n<p><strong>2007 bis 2009<\/strong> Autorent\u00e4tigkeit (B\u00fccher Broad Peak-Traum und Alptraum, Tatort Mount Everest-Der Fall Mallory und Nanga Parbat-Das Drama 1970 und die Kontroverse).<\/p>\n\n\n\n<p><strong>2010<\/strong> Co-Initiator und Co-Leiter der \u00f6sterreichisch-deutschen <strong>\u201eIrvine-Suchexpedition\u201c<\/strong> zum Mount Everest. Auf der Expedition Fachberater und Protagonist f\u00fcr den <strong>Dokumentarfilm \u201eErster auf dem Everest\u201c<\/strong> (Erstausstrahlung 30.12.2010 auf ORF2); f\u00fcnft\u00e4giger Aufenthalt zu Filmarbeiten auf dem Nordsattel (7070 m). Nach der Expedition T\u00e4tigkeit als Fachberater, Drehbuchautor und Produktionsassistent (Interviews und Recherche) f\u00fcr die \u00f6sterreichischen Produktionsfirmen <strong>pre TV und Planetwatch\/Gerald Salmina<\/strong> (Regisseur des mehrfach preisgekr\u00f6nten Films \u201eMount St. Elias\u201c).<\/p>\n\n\n\n<p><strong>2011<\/strong> Co-Initiator und Teilnehmer der \u00f6sterreichisch-deutschen Filmexpedition <strong>\u201eThe Sherpas\u2019 Quest\u201c<\/strong> nach Nepal und Tibet. 21-t\u00e4gige Durchquerung der Solu Khumbu-Region mit Besteigungen von Kala Pattar (5615 m) und Island Peak (6188 m), anschlie\u00dfend sechsw\u00f6chige Expedition zur Mount Everest-Nordseite. Auf der Expedition Fachberater und Protagonist f\u00fcr Dokumentarfilm \u00fcber das Leben und die Geschichte der Sherpas (<strong>\u201eDie Suche der Sherpas\u201c<\/strong>, Erstausstrahlung 15.2.2012 auf Servus TV); 30-t\u00e4giger Daueraufenthalt in H\u00f6hen \u00fcber 6400 m, darunter 7 aufeinanderfolgende Tage auf dem Nordsattel (7070 m). Nach der Expedition T\u00e4tigkeit als Fachberater, Drehbuchautor und Produktionsassistent (Interviews und Recherche) f\u00fcr die \u00f6sterreichischen Produktionsfirmen <strong>pre TV und Bluebird\/Gerald Salmina<\/strong> (Regisseur des mehrfach preisgekr\u00f6nten Films \u201eMount St. Elias), Seit Sommer Arbeiten an sechsteiliger Fernsehserie \u00fcber die gro\u00dfen Nordw\u00e4nde der Alpen (mit Robert Jasper, Robert Steiner, Ueli Steck, Alexander Huber, Hansj\u00f6rg Auer, Steve House und anderen).<\/p>\n\n\n\n<p><strong>2012<\/strong> Abschluss der Arbeiten an der <strong>sechsteiligen Fernsehserie \u00fcber die gro\u00dfen Nordw\u00e4nde der Alpen<\/strong>; Regie- und Schnittassistenz, Drehbuchautor und Fachberater f\u00fcr die Folgen \u201eDas letzte Wort hat der Berg \u2013 Matterhorn-Nordwand&#8221; und &#8220;Drei Zinnen \u2013 Grenzen der Felskletterei&#8221;. Autorent\u00e4tigkeit (Buch Austria 8000 \u2013 \u00d6sterreichische Alpinisten auf den h\u00f6chsten Gipfeln der Welt, erschienen Januar 2013).<\/p>\n\n\n\n<p>Im November Auszeichnung \u201eKamera Alpin in Gold\u201c f\u00fcr die beste alpine Dokumentation \u201eDer zerfallene Berg \u2013 Petit Dru-Nordwand\u201c, zusammen mit Gerald Salmina (Produzent), Tom Dauer (Regie) und G\u00fcnther G\u00f6berl (Kamera).<\/p>\n\n\n\n<p><strong>2013 bis 2015<\/strong> Autoren-, \u00dcbersetzer und Herausgebert\u00e4tigkeit (B\u00fccher Herausforderung 8000er, die Geschichte der Achttausender in der ersten Dekade des 21. Jahrhunderts \u2013 erschienen Dezember 2013; Courage, die wahre Geschichte des Bergsteigers Hermann Hoerlin und einer lebensgef\u00e4hrlichen Liebe \u2013 erschienen M\u00e4rz 2014; Gerfried G\u00f6schl-Spuren f\u00fcr die Ewigkeit, erschienen Oktober 2014, und Eiger Memories, mit Peter &amp; Leni Gillman &#8211; erschienen Sommer 2015).<\/p>\n\n\n\n<p>Im Fr\u00fchjahr\/Fr\u00fchsommer 2013 Drehbuch-, Schnittassistenz und Fachberater f\u00fcr \u201ePeter Ressmann \u2013 Eine Widmung\u201c (Servus TV, Juni 2013).<\/p>\n\n\n\n<p>Im Fr\u00fchjahr\/Fr\u00fchsommer 2015 Drehbuch-, Regieassistenz und Fachberater f\u00fcr &#8220;Matterhorn &#8211; Vom Mythos zur Marke&#8221; (Servus TV, Juli 2015) zum 150. Jubil\u00e4um der Erstbesteigung.<\/p>\n\n\n\n<p><strong>2016 <\/strong>\u00dcbersetzert\u00e4tigkeit (B\u00fccher Eiger Extrem-Das Rennen um die Nordwand-Direttissima &#8211; erschienen M\u00e4rz 2016, und Besser Tiger als Schaf-Alex MacIntyre und die Geburt des Alpinstils im Himalaya &#8211; erschienen Juli 2016).<\/p>\n\n\n\n<p>Ab Fr\u00fchsommer <strong>Drehbuchautor und Regisseur<\/strong> f\u00fcr <strong>&#8220;Der Ortler &#8211; S\u00fcdtirols K\u00f6nig der Berge&#8221; <\/strong>(Produktion: <strong>Planetwatch\/Gerald Salmina<\/strong>; Ausstrahlung Servus TV, November 2016)<\/p>\n\n\n\n<p>Im November Chef der internationalen Jury, Bansko Film Fest &#8211; International Mountain Film Festival (Bulgarien).<\/p>\n\n\n\n<p>T\u00e4tig als Drehbuchautor, Fachberater, Regisseur und Produktionsassistent im Bereich Alpinismus, als Buchautor, \u00dcbersetzer und Vortragsredner.<\/p>\n\n\n\n<p><strong>2017 bis 2018<\/strong> Requisite, Recherche und Location Scouting f\u00fcr \u201cManaslu \u2013 Berg der Seelen\u201d. Das<br>Lebensportrait von Hans Kammerlander (u.a. erste Skiabfahrt vom Mount Everest). Regie:<br>Gerald Salmina; Premiere Dezember 2018<\/p>\n\n\n\n<p>Oktober-November 2017 Filmexpedition zum Manaslu, Nepal; Trek um das Manaslu-Massiv.<\/p>\n\n\n\n<p><strong>2019 bis 2021\/22<\/strong> Regie f\u00fcr \u201cS\u00fcdtirols hoher Norden\u201d (Servus TV &amp; Albolina Film Bozen); Autoren- und \u00dcbersetzert\u00e4tigkeit (B\u00fccher \u201cNur der Berg ist mein Boss\u201d und \u201cBerg steil!\u201d mit Christoph Hainz \u2013 erschienen 2019 und 2022, \u201ePassion Eiger\u201c mit Roger Sch\u00e4li und Rainer Rettner \u2013 erschienen 2020, \u00dcbersetzung \u201cWinter 8000\u201d von Bernadette McDonald \u2013 erschienen 2021).<\/p>\n\n\n\n<p><strong>April-Mai 2023<\/strong> Expedition zur Makalu-Barun-Region in Ost-Nepal, Begehung des oberen Barun-Gletschers bis vor die nepalesisch-tibetische Grenze (ca. 6160 m).<\/p>\n\n\n\n<p><strong>Seit Herbst 2023<\/strong> t\u00e4tig als Autor\/Treatment-Entwickler f\u00fcr die \u00f6sterreichische Produktionsfirma<br>preTV (siehe 2011) sowie als Buchautor und \u00dcbersetzer f\u00fcr den Schweizer AS-Verlag.<\/p>\n","protected":false},"excerpt":{"rendered":"<p>Geboren am 13. August 1971 in Bad Homburg (D); lebt mit seiner Familie in Lana (IT). Seit seinem 10. Lebensjahr begeisterter Bergsteiger und Trekker, zahlreiche klassische Hochtouren in bekannten (Mont Blanc, Monte Rosa, usw.) und weniger bekannten Ecken der Alpen. Seit 1988 Aufbau des &#8220;Everest-Archivs&#8221; zur Besteigungsgeschichte der Everest-Nordseite und&hellip; <a href=\"https:\/\/jochenhemmleb.com\/web\/steckbrief\/\" class=\"more-link read-more\" rel=\"bookmark\">Continue Reading <span class=\"screen-reader-text\">Steckbrief<\/span><i class=\"fa fa-arrow-right\"><\/i><\/a><\/p>\n","protected":false},"author":1,"featured_media":426,"parent":0,"menu_order":0,"comment_status":"closed","ping_status":"closed","template":"","meta":{"footnotes":""},"class_list":{"0":"post-33","1":"page","2":"type-page","3":"status-publish","4":"has-post-thumbnail","5":"hentry","6":"h-entry","8":"h-as-page"},"_links":{"self":[{"href":"https:\/\/jochenhemmleb.com\/web\/wp-json\/wp\/v2\/pages\/33","targetHints":{"allow":["GET"]}}],"collection":[{"href":"https:\/\/jochenhemmleb.com\/web\/wp-json\/wp\/v2\/pages"}],"about":[{"href":"https:\/\/jochenhemmleb.com\/web\/wp-json\/wp\/v2\/types\/page"}],"author":[{"embeddable":true,"href":"https:\/\/jochenhemmleb.com\/web\/wp-json\/wp\/v2\/users\/1"}],"replies":[{"embeddable":true,"href":"https:\/\/jochenhemmleb.com\/web\/wp-json\/wp\/v2\/comments?post=33"}],"version-history":[{"count":4,"href":"https:\/\/jochenhemmleb.com\/web\/wp-json\/wp\/v2\/pages\/33\/revisions"}],"predecessor-version":[{"id":918,"href":"https:\/\/jochenhemmleb.com\/web\/wp-json\/wp\/v2\/pages\/33\/revisions\/918"}],"wp:featuredmedia":[{"embeddable":true,"href":"https:\/\/jochenhemmleb.com\/web\/wp-json\/wp\/v2\/media\/426"}],"wp:attachment":[{"href":"https:\/\/jochenhemmleb.com\/web\/wp-json\/wp\/v2\/media?parent=33"}],"curies":[{"name":"wp","href":"https:\/\/api.w.org\/{rel}","templated":true}]}}