{"id":440,"date":"2017-03-02T18:22:33","date_gmt":"2017-03-02T18:22:33","guid":{"rendered":"http:\/\/jochenhemmleb.com\/web\/?page_id=440"},"modified":"2017-04-11T08:07:25","modified_gmt":"2017-04-11T08:07:25","slug":"monte-rosa","status":"publish","type":"page","link":"https:\/\/jochenhemmleb.com\/web\/touren-expeditionen\/monte-rosa\/","title":{"rendered":"Monte Rosa"},"content":{"rendered":"<h1>Monte Rosa<\/h1>\n<h2>1995<\/h2>\n<p>&#8220;Jochen, nimmst du uns mal mit in die Berge?&#8221; Logisch, dass ich dem Wunsch meiner Freunde Michael Sucker und Erik Jansen nachkommen w\u00fcrde &#8211; und da ich wusste, dass die beiden konditionsstark waren, lautete mein Vorschlag: &#8220;OK, machen wir die Monte Rosa-Traverse&#8221; &#8230; Noch heute ziehe ich meinen Hut, dass Michael und Erik dann tats\u00e4chlich auf ihrer ersten Bergtour \u00fcberhaupt gleich 10 Viertausender &#8220;zogen&#8221; &#8211; darunter sogar der Liskamm (4527 m) \u00fcber den Ostgrat, der je nach Quelle mit G4-G6 bewertet wird! Auf Dufourspitze und Nordend verzichteten wir am Ende, stiegen in einem Zug bis nach Zermatt ab (inklusive Bad im Riffelsee) und st\u00fcrzten uns in der ersten Bar auf Bier und Salat&#8230;<\/p>\n<div id='gallery-1' class='gallery galleryid-440 gallery-columns-5 gallery-size-thumbnail'><figure class='gallery-item'>\n\t\t\t<div class='gallery-icon landscape'>\n\t\t\t\t<a href='https:\/\/jochenhemmleb.com\/web\/wp-content\/uploads\/2017\/02\/MR_1995_004.jpg'><img loading=\"lazy\" decoding=\"async\" width=\"150\" height=\"150\" src=\"https:\/\/jochenhemmleb.com\/web\/wp-content\/uploads\/2017\/02\/MR_1995_004-150x150.jpg\" class=\"attachment-thumbnail size-thumbnail\" alt=\"\" \/><\/a>\n\t\t\t<\/div><\/figure><figure class='gallery-item'>\n\t\t\t<div class='gallery-icon landscape'>\n\t\t\t\t<a href='https:\/\/jochenhemmleb.com\/web\/wp-content\/uploads\/2017\/02\/MR_1995_028.jpg'><img loading=\"lazy\" decoding=\"async\" width=\"150\" height=\"150\" src=\"https:\/\/jochenhemmleb.com\/web\/wp-content\/uploads\/2017\/02\/MR_1995_028-150x150.jpg\" class=\"attachment-thumbnail size-thumbnail\" alt=\"\" \/><\/a>\n\t\t\t<\/div><\/figure><figure class='gallery-item'>\n\t\t\t<div class='gallery-icon landscape'>\n\t\t\t\t<a href='https:\/\/jochenhemmleb.com\/web\/wp-content\/uploads\/2017\/02\/MR_1995_035.jpg'><img loading=\"lazy\" decoding=\"async\" width=\"150\" height=\"150\" src=\"https:\/\/jochenhemmleb.com\/web\/wp-content\/uploads\/2017\/02\/MR_1995_035-150x150.jpg\" class=\"attachment-thumbnail size-thumbnail\" alt=\"\" \/><\/a>\n\t\t\t<\/div><\/figure><figure class='gallery-item'>\n\t\t\t<div class='gallery-icon portrait'>\n\t\t\t\t<a href='https:\/\/jochenhemmleb.com\/web\/wp-content\/uploads\/2017\/02\/MR_1995_044.jpg'><img loading=\"lazy\" decoding=\"async\" width=\"150\" height=\"150\" src=\"https:\/\/jochenhemmleb.com\/web\/wp-content\/uploads\/2017\/02\/MR_1995_044-150x150.jpg\" class=\"attachment-thumbnail size-thumbnail\" alt=\"\" \/><\/a>\n\t\t\t<\/div><\/figure><figure class='gallery-item'>\n\t\t\t<div class='gallery-icon landscape'>\n\t\t\t\t<a href='https:\/\/jochenhemmleb.com\/web\/wp-content\/uploads\/2017\/02\/MR_1995_046.jpg'><img loading=\"lazy\" decoding=\"async\" width=\"150\" height=\"150\" src=\"https:\/\/jochenhemmleb.com\/web\/wp-content\/uploads\/2017\/02\/MR_1995_046-150x150.jpg\" class=\"attachment-thumbnail size-thumbnail\" alt=\"\" \/><\/a>\n\t\t\t<\/div><\/figure><figure class='gallery-item'>\n\t\t\t<div class='gallery-icon landscape'>\n\t\t\t\t<a href='https:\/\/jochenhemmleb.com\/web\/wp-content\/uploads\/2017\/02\/MR_1995_049.jpg'><img loading=\"lazy\" decoding=\"async\" width=\"150\" height=\"150\" src=\"https:\/\/jochenhemmleb.com\/web\/wp-content\/uploads\/2017\/02\/MR_1995_049-150x150.jpg\" class=\"attachment-thumbnail size-thumbnail\" alt=\"\" \/><\/a>\n\t\t\t<\/div><\/figure><figure class='gallery-item'>\n\t\t\t<div class='gallery-icon portrait'>\n\t\t\t\t<a href='https:\/\/jochenhemmleb.com\/web\/wp-content\/uploads\/2017\/02\/MR_1995_056.jpg'><img loading=\"lazy\" decoding=\"async\" width=\"150\" height=\"150\" src=\"https:\/\/jochenhemmleb.com\/web\/wp-content\/uploads\/2017\/02\/MR_1995_056-150x150.jpg\" class=\"attachment-thumbnail size-thumbnail\" alt=\"\" \/><\/a>\n\t\t\t<\/div><\/figure><figure class='gallery-item'>\n\t\t\t<div class='gallery-icon landscape'>\n\t\t\t\t<a href='https:\/\/jochenhemmleb.com\/web\/wp-content\/uploads\/2017\/02\/MR_1995_061.jpg'><img loading=\"lazy\" decoding=\"async\" width=\"150\" height=\"150\" src=\"https:\/\/jochenhemmleb.com\/web\/wp-content\/uploads\/2017\/02\/MR_1995_061-150x150.jpg\" class=\"attachment-thumbnail size-thumbnail\" alt=\"\" \/><\/a>\n\t\t\t<\/div><\/figure><figure class='gallery-item'>\n\t\t\t<div class='gallery-icon landscape'>\n\t\t\t\t<a href='https:\/\/jochenhemmleb.com\/web\/wp-content\/uploads\/2017\/02\/MR_1995_064.jpg'><img loading=\"lazy\" decoding=\"async\" width=\"150\" height=\"150\" src=\"https:\/\/jochenhemmleb.com\/web\/wp-content\/uploads\/2017\/02\/MR_1995_064-150x150.jpg\" class=\"attachment-thumbnail size-thumbnail\" alt=\"\" \/><\/a>\n\t\t\t<\/div><\/figure><figure class='gallery-item'>\n\t\t\t<div class='gallery-icon landscape'>\n\t\t\t\t<a href='https:\/\/jochenhemmleb.com\/web\/wp-content\/uploads\/2017\/02\/MR_1995_070.jpg'><img loading=\"lazy\" decoding=\"async\" width=\"150\" height=\"150\" src=\"https:\/\/jochenhemmleb.com\/web\/wp-content\/uploads\/2017\/02\/MR_1995_070-150x150.jpg\" class=\"attachment-thumbnail size-thumbnail\" alt=\"\" \/><\/a>\n\t\t\t<\/div><\/figure><figure class='gallery-item'>\n\t\t\t<div class='gallery-icon landscape'>\n\t\t\t\t<a href='https:\/\/jochenhemmleb.com\/web\/wp-content\/uploads\/2017\/02\/MR_1995_078.jpg'><img loading=\"lazy\" decoding=\"async\" width=\"150\" height=\"150\" src=\"https:\/\/jochenhemmleb.com\/web\/wp-content\/uploads\/2017\/02\/MR_1995_078-150x150.jpg\" class=\"attachment-thumbnail size-thumbnail\" alt=\"\" \/><\/a>\n\t\t\t<\/div><\/figure><figure class='gallery-item'>\n\t\t\t<div class='gallery-icon landscape'>\n\t\t\t\t<a href='https:\/\/jochenhemmleb.com\/web\/wp-content\/uploads\/2017\/02\/MR_1995_080.jpg'><img loading=\"lazy\" decoding=\"async\" width=\"150\" height=\"150\" src=\"https:\/\/jochenhemmleb.com\/web\/wp-content\/uploads\/2017\/02\/MR_1995_080-150x150.jpg\" class=\"attachment-thumbnail size-thumbnail\" alt=\"\" \/><\/a>\n\t\t\t<\/div><\/figure><figure class='gallery-item'>\n\t\t\t<div class='gallery-icon landscape'>\n\t\t\t\t<a href='https:\/\/jochenhemmleb.com\/web\/wp-content\/uploads\/2017\/02\/MR_1995_092.jpg'><img loading=\"lazy\" decoding=\"async\" width=\"150\" height=\"150\" src=\"https:\/\/jochenhemmleb.com\/web\/wp-content\/uploads\/2017\/02\/MR_1995_092-150x150.jpg\" class=\"attachment-thumbnail size-thumbnail\" alt=\"\" \/><\/a>\n\t\t\t<\/div><\/figure><figure class='gallery-item'>\n\t\t\t<div class='gallery-icon landscape'>\n\t\t\t\t<a href='https:\/\/jochenhemmleb.com\/web\/wp-content\/uploads\/2017\/02\/MR_1995_098.jpg'><img loading=\"lazy\" decoding=\"async\" width=\"150\" height=\"150\" src=\"https:\/\/jochenhemmleb.com\/web\/wp-content\/uploads\/2017\/02\/MR_1995_098-150x150.jpg\" class=\"attachment-thumbnail size-thumbnail\" alt=\"\" \/><\/a>\n\t\t\t<\/div><\/figure><figure class='gallery-item'>\n\t\t\t<div class='gallery-icon portrait'>\n\t\t\t\t<a href='https:\/\/jochenhemmleb.com\/web\/wp-content\/uploads\/2017\/02\/MR_1995_100.jpg'><img loading=\"lazy\" decoding=\"async\" width=\"150\" height=\"150\" src=\"https:\/\/jochenhemmleb.com\/web\/wp-content\/uploads\/2017\/02\/MR_1995_100-150x150.jpg\" class=\"attachment-thumbnail size-thumbnail\" alt=\"\" \/><\/a>\n\t\t\t<\/div><\/figure><figure class='gallery-item'>\n\t\t\t<div class='gallery-icon landscape'>\n\t\t\t\t<a href='https:\/\/jochenhemmleb.com\/web\/wp-content\/uploads\/2017\/02\/MR_1995_108.jpg'><img loading=\"lazy\" decoding=\"async\" width=\"150\" height=\"150\" src=\"https:\/\/jochenhemmleb.com\/web\/wp-content\/uploads\/2017\/02\/MR_1995_108-150x150.jpg\" class=\"attachment-thumbnail size-thumbnail\" alt=\"\" \/><\/a>\n\t\t\t<\/div><\/figure><figure class='gallery-item'>\n\t\t\t<div class='gallery-icon landscape'>\n\t\t\t\t<a href='https:\/\/jochenhemmleb.com\/web\/wp-content\/uploads\/2017\/02\/MR_1995_119.jpg'><img loading=\"lazy\" decoding=\"async\" width=\"150\" height=\"150\" src=\"https:\/\/jochenhemmleb.com\/web\/wp-content\/uploads\/2017\/02\/MR_1995_119-150x150.jpg\" class=\"attachment-thumbnail size-thumbnail\" alt=\"\" \/><\/a>\n\t\t\t<\/div><\/figure><figure class='gallery-item'>\n\t\t\t<div class='gallery-icon landscape'>\n\t\t\t\t<a href='https:\/\/jochenhemmleb.com\/web\/wp-content\/uploads\/2017\/02\/MR_1995_120.jpg'><img loading=\"lazy\" decoding=\"async\" width=\"150\" height=\"150\" src=\"https:\/\/jochenhemmleb.com\/web\/wp-content\/uploads\/2017\/02\/MR_1995_120-150x150.jpg\" class=\"attachment-thumbnail size-thumbnail\" alt=\"\" \/><\/a>\n\t\t\t<\/div><\/figure><figure class='gallery-item'>\n\t\t\t<div class='gallery-icon portrait'>\n\t\t\t\t<a href='https:\/\/jochenhemmleb.com\/web\/wp-content\/uploads\/2017\/02\/MR_1995_121.jpg'><img loading=\"lazy\" decoding=\"async\" width=\"150\" height=\"150\" src=\"https:\/\/jochenhemmleb.com\/web\/wp-content\/uploads\/2017\/02\/MR_1995_121-150x150.jpg\" class=\"attachment-thumbnail size-thumbnail\" alt=\"\" \/><\/a>\n\t\t\t<\/div><\/figure><figure class='gallery-item'>\n\t\t\t<div class='gallery-icon portrait'>\n\t\t\t\t<a href='https:\/\/jochenhemmleb.com\/web\/wp-content\/uploads\/2017\/02\/MR_1995_123.jpg'><img loading=\"lazy\" decoding=\"async\" width=\"150\" height=\"150\" src=\"https:\/\/jochenhemmleb.com\/web\/wp-content\/uploads\/2017\/02\/MR_1995_123-150x150.jpg\" class=\"attachment-thumbnail size-thumbnail\" alt=\"\" \/><\/a>\n\t\t\t<\/div><\/figure><figure class='gallery-item'>\n\t\t\t<div class='gallery-icon landscape'>\n\t\t\t\t<a href='https:\/\/jochenhemmleb.com\/web\/wp-content\/uploads\/2017\/02\/MR_1995_125.jpg'><img loading=\"lazy\" decoding=\"async\" width=\"150\" height=\"150\" src=\"https:\/\/jochenhemmleb.com\/web\/wp-content\/uploads\/2017\/02\/MR_1995_125-150x150.jpg\" class=\"attachment-thumbnail size-thumbnail\" alt=\"\" \/><\/a>\n\t\t\t<\/div><\/figure><figure class='gallery-item'>\n\t\t\t<div class='gallery-icon landscape'>\n\t\t\t\t<a href='https:\/\/jochenhemmleb.com\/web\/wp-content\/uploads\/2017\/02\/MR_1995_126.jpg'><img loading=\"lazy\" decoding=\"async\" width=\"150\" height=\"150\" src=\"https:\/\/jochenhemmleb.com\/web\/wp-content\/uploads\/2017\/02\/MR_1995_126-150x150.jpg\" class=\"attachment-thumbnail size-thumbnail\" alt=\"\" \/><\/a>\n\t\t\t<\/div><\/figure><figure class='gallery-item'>\n\t\t\t<div class='gallery-icon landscape'>\n\t\t\t\t<a href='https:\/\/jochenhemmleb.com\/web\/wp-content\/uploads\/2017\/02\/MR_1995_130.jpg'><img loading=\"lazy\" decoding=\"async\" width=\"150\" height=\"150\" src=\"https:\/\/jochenhemmleb.com\/web\/wp-content\/uploads\/2017\/02\/MR_1995_130-150x150.jpg\" class=\"attachment-thumbnail size-thumbnail\" alt=\"\" \/><\/a>\n\t\t\t<\/div><\/figure><figure class='gallery-item'>\n\t\t\t<div class='gallery-icon landscape'>\n\t\t\t\t<a href='https:\/\/jochenhemmleb.com\/web\/wp-content\/uploads\/2017\/02\/MR_1995_132.jpg'><img loading=\"lazy\" decoding=\"async\" width=\"150\" height=\"150\" src=\"https:\/\/jochenhemmleb.com\/web\/wp-content\/uploads\/2017\/02\/MR_1995_132-150x150.jpg\" class=\"attachment-thumbnail size-thumbnail\" alt=\"\" \/><\/a>\n\t\t\t<\/div><\/figure><figure class='gallery-item'>\n\t\t\t<div class='gallery-icon landscape'>\n\t\t\t\t<a href='https:\/\/jochenhemmleb.com\/web\/wp-content\/uploads\/2017\/02\/MR_1995_149.jpg'><img loading=\"lazy\" decoding=\"async\" width=\"150\" height=\"150\" src=\"https:\/\/jochenhemmleb.com\/web\/wp-content\/uploads\/2017\/02\/MR_1995_149-150x150.jpg\" class=\"attachment-thumbnail size-thumbnail\" alt=\"\" \/><\/a>\n\t\t\t<\/div><\/figure><figure class='gallery-item'>\n\t\t\t<div class='gallery-icon landscape'>\n\t\t\t\t<a href='https:\/\/jochenhemmleb.com\/web\/wp-content\/uploads\/2017\/02\/MR_1995_150.jpg'><img loading=\"lazy\" decoding=\"async\" width=\"150\" height=\"150\" src=\"https:\/\/jochenhemmleb.com\/web\/wp-content\/uploads\/2017\/02\/MR_1995_150-150x150.jpg\" class=\"attachment-thumbnail size-thumbnail\" alt=\"\" \/><\/a>\n\t\t\t<\/div><\/figure><figure class='gallery-item'>\n\t\t\t<div class='gallery-icon landscape'>\n\t\t\t\t<a href='https:\/\/jochenhemmleb.com\/web\/wp-content\/uploads\/2017\/02\/MR_1995_152.jpg'><img loading=\"lazy\" decoding=\"async\" width=\"150\" height=\"150\" src=\"https:\/\/jochenhemmleb.com\/web\/wp-content\/uploads\/2017\/02\/MR_1995_152-150x150.jpg\" class=\"attachment-thumbnail size-thumbnail\" alt=\"\" \/><\/a>\n\t\t\t<\/div><\/figure><figure class='gallery-item'>\n\t\t\t<div class='gallery-icon landscape'>\n\t\t\t\t<a href='https:\/\/jochenhemmleb.com\/web\/wp-content\/uploads\/2017\/02\/MR_1995_159.jpg'><img loading=\"lazy\" decoding=\"async\" width=\"150\" height=\"150\" src=\"https:\/\/jochenhemmleb.com\/web\/wp-content\/uploads\/2017\/02\/MR_1995_159-150x150.jpg\" class=\"attachment-thumbnail size-thumbnail\" alt=\"\" \/><\/a>\n\t\t\t<\/div><\/figure><figure class='gallery-item'>\n\t\t\t<div class='gallery-icon portrait'>\n\t\t\t\t<a href='https:\/\/jochenhemmleb.com\/web\/wp-content\/uploads\/2017\/02\/MR_1995_161.jpg'><img loading=\"lazy\" decoding=\"async\" width=\"150\" height=\"150\" src=\"https:\/\/jochenhemmleb.com\/web\/wp-content\/uploads\/2017\/02\/MR_1995_161-150x150.jpg\" class=\"attachment-thumbnail size-thumbnail\" alt=\"\" \/><\/a>\n\t\t\t<\/div><\/figure><figure class='gallery-item'>\n\t\t\t<div class='gallery-icon landscape'>\n\t\t\t\t<a href='https:\/\/jochenhemmleb.com\/web\/wp-content\/uploads\/2017\/02\/MR_1995_167.jpg'><img loading=\"lazy\" decoding=\"async\" width=\"150\" height=\"150\" src=\"https:\/\/jochenhemmleb.com\/web\/wp-content\/uploads\/2017\/02\/MR_1995_167-150x150.jpg\" class=\"attachment-thumbnail size-thumbnail\" alt=\"\" \/><\/a>\n\t\t\t<\/div><\/figure>\n\t\t<\/div>\n\n","protected":false},"excerpt":{"rendered":"<p>Monte Rosa 1995 &#8220;Jochen, nimmst du uns mal mit in die Berge?&#8221; Logisch, dass ich dem Wunsch meiner Freunde Michael Sucker und Erik Jansen nachkommen w\u00fcrde &#8211; und da ich wusste, dass die beiden konditionsstark waren, lautete mein Vorschlag: &#8220;OK, machen wir die Monte Rosa-Traverse&#8221; &#8230; Noch heute ziehe ich&hellip; <a href=\"https:\/\/jochenhemmleb.com\/web\/touren-expeditionen\/monte-rosa\/\" class=\"more-link read-more\" rel=\"bookmark\">Continue Reading <span class=\"screen-reader-text\">Monte Rosa<\/span><i class=\"fa fa-arrow-right\"><\/i><\/a><\/p>\n","protected":false},"author":1,"featured_media":0,"parent":13,"menu_order":7,"comment_status":"closed","ping_status":"closed","template":"","meta":{"footnotes":""},"class_list":{"0":"post-440","1":"page","2":"type-page","3":"status-publish","4":"hentry","5":"h-entry","7":"h-as-page"},"_links":{"self":[{"href":"https:\/\/jochenhemmleb.com\/web\/wp-json\/wp\/v2\/pages\/440","targetHints":{"allow":["GET"]}}],"collection":[{"href":"https:\/\/jochenhemmleb.com\/web\/wp-json\/wp\/v2\/pages"}],"about":[{"href":"https:\/\/jochenhemmleb.com\/web\/wp-json\/wp\/v2\/types\/page"}],"author":[{"embeddable":true,"href":"https:\/\/jochenhemmleb.com\/web\/wp-json\/wp\/v2\/users\/1"}],"replies":[{"embeddable":true,"href":"https:\/\/jochenhemmleb.com\/web\/wp-json\/wp\/v2\/comments?post=440"}],"version-history":[{"count":2,"href":"https:\/\/jochenhemmleb.com\/web\/wp-json\/wp\/v2\/pages\/440\/revisions"}],"predecessor-version":[{"id":636,"href":"https:\/\/jochenhemmleb.com\/web\/wp-json\/wp\/v2\/pages\/440\/revisions\/636"}],"up":[{"embeddable":true,"href":"https:\/\/jochenhemmleb.com\/web\/wp-json\/wp\/v2\/pages\/13"}],"wp:attachment":[{"href":"https:\/\/jochenhemmleb.com\/web\/wp-json\/wp\/v2\/media?parent=440"}],"curies":[{"name":"wp","href":"https:\/\/api.w.org\/{rel}","templated":true}]}}