{"id":442,"date":"2017-03-02T18:23:32","date_gmt":"2017-03-02T18:23:32","guid":{"rendered":"http:\/\/jochenhemmleb.com\/web\/?page_id=442"},"modified":"2017-04-11T08:08:28","modified_gmt":"2017-04-11T08:08:28","slug":"bishorn-express","status":"publish","type":"page","link":"https:\/\/jochenhemmleb.com\/web\/touren-expeditionen\/bishorn-express\/","title":{"rendered":"Bishorn-Express"},"content":{"rendered":"<h1>Bishorn-Express<\/h1>\n<h2>1996<\/h2>\n<p>Es war die Folge eines Kneipenabends in Victoria Falls (Afrika): die Idee, einen Viertausender in den Alpen ohne Seilbahnunterst\u00fctzung von Frankfurt aus in einem 48-st\u00fcndigen Rundtrip zu besteigen. Sechs Wochen sp\u00e4ter in einer Kneipe: <em>&#8220;Du, Erik, ich hab&#8217; da so eine Idee &#8230;&#8221;<\/em> Woraufhin mich Erik lange anschaute und dann meinte: <em>&#8220;Du, da w\u00e4re ich gerne mit dabei!&#8221;<\/em> Woraufhin Eriks Freundin Jule uns lange anschaute und dann meinte: <em>&#8220;Da w\u00fcrde ich gerne mitkommen!&#8221;<\/em><\/p>\n<p>Gesagt-getan: Weitere drei Wochen sp\u00e4ter Start Sonntag um 23.30 Uhr, 2.30 Uhr in Basel \u00fcber die Schweizer Grenze, 6 Uhr Ankunft in Zinal. Drei Stunden Schlaf in der Wiese neben dem Auto. 10 Uhr Aufstieg zur Tracuit-H\u00fctte, 16 Uhr dort. 3 Uhr Aufstehen, 4 Uhr Aufbruch &#8211; Jule (auf ihrer ersten Bergtour&#8230;) ging wie eine ge\u00f6lte Maschine. 8.30 Gipfel Bishorn (4153 m), 10.30 zur\u00fcck auf der H\u00fctte. 12.30 Abstieg ins Tal, 15.30 wieder am Auto. R\u00fcckfahrt mit Bad im Lac de la Gruy\u00e8re. 20 Uhr bei Basel zur\u00fcck \u00fcber die Grenze, 23.30 daheim.<\/p>\n<p>Zwei Tage sp\u00e4ter Anruf eines Freundes: <em>&#8220;Hab&#8217; geh\u00f6rt, ihr wart in 48 Stunden auf einem Viertausender. Ginge das auch mit dem Watzmann?&#8221; &#8220;Wann?&#8221; &#8220;Dieses Wochenende.&#8221;<\/em><\/p>\n<p>P.S. Es ging.<\/p>\n<div id='gallery-1' class='gallery galleryid-442 gallery-columns-5 gallery-size-thumbnail'><figure class='gallery-item'>\n\t\t\t<div class='gallery-icon landscape'>\n\t\t\t\t<a href='https:\/\/jochenhemmleb.com\/web\/wp-content\/uploads\/2017\/02\/BH48_1996_005.jpg'><img loading=\"lazy\" decoding=\"async\" width=\"150\" height=\"150\" src=\"https:\/\/jochenhemmleb.com\/web\/wp-content\/uploads\/2017\/02\/BH48_1996_005-150x150.jpg\" class=\"attachment-thumbnail size-thumbnail\" alt=\"\" \/><\/a>\n\t\t\t<\/div><\/figure><figure class='gallery-item'>\n\t\t\t<div class='gallery-icon portrait'>\n\t\t\t\t<a href='https:\/\/jochenhemmleb.com\/web\/wp-content\/uploads\/2017\/02\/BH48_1996_007.jpg'><img loading=\"lazy\" decoding=\"async\" width=\"150\" height=\"150\" src=\"https:\/\/jochenhemmleb.com\/web\/wp-content\/uploads\/2017\/02\/BH48_1996_007-150x150.jpg\" class=\"attachment-thumbnail size-thumbnail\" alt=\"\" \/><\/a>\n\t\t\t<\/div><\/figure><figure class='gallery-item'>\n\t\t\t<div class='gallery-icon portrait'>\n\t\t\t\t<a href='https:\/\/jochenhemmleb.com\/web\/wp-content\/uploads\/2017\/02\/BH48_1996_026.jpg'><img loading=\"lazy\" decoding=\"async\" width=\"150\" height=\"150\" src=\"https:\/\/jochenhemmleb.com\/web\/wp-content\/uploads\/2017\/02\/BH48_1996_026-150x150.jpg\" class=\"attachment-thumbnail size-thumbnail\" alt=\"\" \/><\/a>\n\t\t\t<\/div><\/figure><figure class='gallery-item'>\n\t\t\t<div class='gallery-icon landscape'>\n\t\t\t\t<a href='https:\/\/jochenhemmleb.com\/web\/wp-content\/uploads\/2017\/02\/BH48_1996_030.jpg'><img loading=\"lazy\" decoding=\"async\" width=\"150\" height=\"150\" src=\"https:\/\/jochenhemmleb.com\/web\/wp-content\/uploads\/2017\/02\/BH48_1996_030-150x150.jpg\" class=\"attachment-thumbnail size-thumbnail\" alt=\"\" \/><\/a>\n\t\t\t<\/div><\/figure><figure class='gallery-item'>\n\t\t\t<div class='gallery-icon landscape'>\n\t\t\t\t<a href='https:\/\/jochenhemmleb.com\/web\/wp-content\/uploads\/2017\/02\/BH48_1996_040.jpg'><img loading=\"lazy\" decoding=\"async\" width=\"150\" height=\"150\" src=\"https:\/\/jochenhemmleb.com\/web\/wp-content\/uploads\/2017\/02\/BH48_1996_040-150x150.jpg\" class=\"attachment-thumbnail size-thumbnail\" alt=\"\" \/><\/a>\n\t\t\t<\/div><\/figure><figure class='gallery-item'>\n\t\t\t<div class='gallery-icon landscape'>\n\t\t\t\t<a href='https:\/\/jochenhemmleb.com\/web\/wp-content\/uploads\/2017\/02\/BH48_1996_043.jpg'><img loading=\"lazy\" decoding=\"async\" width=\"150\" height=\"150\" src=\"https:\/\/jochenhemmleb.com\/web\/wp-content\/uploads\/2017\/02\/BH48_1996_043-150x150.jpg\" class=\"attachment-thumbnail size-thumbnail\" alt=\"\" \/><\/a>\n\t\t\t<\/div><\/figure><figure class='gallery-item'>\n\t\t\t<div class='gallery-icon landscape'>\n\t\t\t\t<a href='https:\/\/jochenhemmleb.com\/web\/wp-content\/uploads\/2017\/02\/BH48_1996_050.jpg'><img loading=\"lazy\" decoding=\"async\" width=\"150\" height=\"150\" src=\"https:\/\/jochenhemmleb.com\/web\/wp-content\/uploads\/2017\/02\/BH48_1996_050-150x150.jpg\" class=\"attachment-thumbnail size-thumbnail\" alt=\"\" \/><\/a>\n\t\t\t<\/div><\/figure><figure class='gallery-item'>\n\t\t\t<div class='gallery-icon landscape'>\n\t\t\t\t<a href='https:\/\/jochenhemmleb.com\/web\/wp-content\/uploads\/2017\/02\/BH48_1996_051.jpg'><img loading=\"lazy\" decoding=\"async\" width=\"150\" height=\"150\" src=\"https:\/\/jochenhemmleb.com\/web\/wp-content\/uploads\/2017\/02\/BH48_1996_051-150x150.jpg\" class=\"attachment-thumbnail size-thumbnail\" alt=\"\" \/><\/a>\n\t\t\t<\/div><\/figure><figure class='gallery-item'>\n\t\t\t<div class='gallery-icon landscape'>\n\t\t\t\t<a href='https:\/\/jochenhemmleb.com\/web\/wp-content\/uploads\/2017\/02\/BH48_1996_059.jpg'><img loading=\"lazy\" decoding=\"async\" width=\"150\" height=\"150\" src=\"https:\/\/jochenhemmleb.com\/web\/wp-content\/uploads\/2017\/02\/BH48_1996_059-150x150.jpg\" class=\"attachment-thumbnail size-thumbnail\" alt=\"\" \/><\/a>\n\t\t\t<\/div><\/figure><figure class='gallery-item'>\n\t\t\t<div class='gallery-icon landscape'>\n\t\t\t\t<a href='https:\/\/jochenhemmleb.com\/web\/wp-content\/uploads\/2017\/02\/BH48_1996_060.jpg'><img loading=\"lazy\" decoding=\"async\" width=\"150\" height=\"150\" src=\"https:\/\/jochenhemmleb.com\/web\/wp-content\/uploads\/2017\/02\/BH48_1996_060-150x150.jpg\" class=\"attachment-thumbnail size-thumbnail\" alt=\"\" \/><\/a>\n\t\t\t<\/div><\/figure><figure class='gallery-item'>\n\t\t\t<div class='gallery-icon landscape'>\n\t\t\t\t<a href='https:\/\/jochenhemmleb.com\/web\/wp-content\/uploads\/2017\/02\/BH48_1996_062.jpg'><img loading=\"lazy\" decoding=\"async\" width=\"150\" height=\"150\" src=\"https:\/\/jochenhemmleb.com\/web\/wp-content\/uploads\/2017\/02\/BH48_1996_062-150x150.jpg\" class=\"attachment-thumbnail size-thumbnail\" alt=\"\" \/><\/a>\n\t\t\t<\/div><\/figure><figure class='gallery-item'>\n\t\t\t<div class='gallery-icon landscape'>\n\t\t\t\t<a href='https:\/\/jochenhemmleb.com\/web\/wp-content\/uploads\/2017\/02\/BH48_1996_065.jpg'><img loading=\"lazy\" decoding=\"async\" width=\"150\" height=\"150\" src=\"https:\/\/jochenhemmleb.com\/web\/wp-content\/uploads\/2017\/02\/BH48_1996_065-150x150.jpg\" class=\"attachment-thumbnail size-thumbnail\" alt=\"\" \/><\/a>\n\t\t\t<\/div><\/figure>\n\t\t<\/div>\n\n","protected":false},"excerpt":{"rendered":"<p>Bishorn-Express 1996 Es war die Folge eines Kneipenabends in Victoria Falls (Afrika): die Idee, einen Viertausender in den Alpen ohne Seilbahnunterst\u00fctzung von Frankfurt aus in einem 48-st\u00fcndigen Rundtrip zu besteigen. Sechs Wochen sp\u00e4ter in einer Kneipe: &#8220;Du, Erik, ich hab&#8217; da so eine Idee &#8230;&#8221; Woraufhin mich Erik lange anschaute&hellip; <a href=\"https:\/\/jochenhemmleb.com\/web\/touren-expeditionen\/bishorn-express\/\" class=\"more-link read-more\" rel=\"bookmark\">Continue Reading <span class=\"screen-reader-text\">Bishorn-Express<\/span><i class=\"fa fa-arrow-right\"><\/i><\/a><\/p>\n","protected":false},"author":1,"featured_media":0,"parent":13,"menu_order":8,"comment_status":"closed","ping_status":"closed","template":"","meta":{"footnotes":""},"class_list":{"0":"post-442","1":"page","2":"type-page","3":"status-publish","4":"hentry","5":"h-entry","7":"h-as-page"},"_links":{"self":[{"href":"https:\/\/jochenhemmleb.com\/web\/wp-json\/wp\/v2\/pages\/442","targetHints":{"allow":["GET"]}}],"collection":[{"href":"https:\/\/jochenhemmleb.com\/web\/wp-json\/wp\/v2\/pages"}],"about":[{"href":"https:\/\/jochenhemmleb.com\/web\/wp-json\/wp\/v2\/types\/page"}],"author":[{"embeddable":true,"href":"https:\/\/jochenhemmleb.com\/web\/wp-json\/wp\/v2\/users\/1"}],"replies":[{"embeddable":true,"href":"https:\/\/jochenhemmleb.com\/web\/wp-json\/wp\/v2\/comments?post=442"}],"version-history":[{"count":2,"href":"https:\/\/jochenhemmleb.com\/web\/wp-json\/wp\/v2\/pages\/442\/revisions"}],"predecessor-version":[{"id":637,"href":"https:\/\/jochenhemmleb.com\/web\/wp-json\/wp\/v2\/pages\/442\/revisions\/637"}],"up":[{"embeddable":true,"href":"https:\/\/jochenhemmleb.com\/web\/wp-json\/wp\/v2\/pages\/13"}],"wp:attachment":[{"href":"https:\/\/jochenhemmleb.com\/web\/wp-json\/wp\/v2\/media?parent=442"}],"curies":[{"name":"wp","href":"https:\/\/api.w.org\/{rel}","templated":true}]}}