{"id":477,"date":"2017-04-04T15:55:54","date_gmt":"2017-04-04T15:55:54","guid":{"rendered":"http:\/\/jochenhemmleb.com\/web\/?page_id=477"},"modified":"2017-04-04T16:19:05","modified_gmt":"2017-04-04T16:19:05","slug":"die-suche-der-sherpas","status":"publish","type":"page","link":"https:\/\/jochenhemmleb.com\/web\/filme\/die-suche-der-sherpas\/","title":{"rendered":"Die Suche der Sherpas"},"content":{"rendered":"<h2>(Servus TV\/Terra Mater, 2012)<\/h2>\n<p><strong>Regie:<\/strong> <em>Heinz Leger<\/em><br \/>\n<strong>Buch:<\/strong> <em>Heinz Leger &amp; Jochen Hemmleb<\/em><br \/>\n<strong>Produzent:<\/strong> <em>Nikolaus Wisiak (preTV)<\/em><\/p>\n<p>2011 kehrten wir abermals zum Mount Everest zur\u00fcck. Diesmal bestand unser Team f\u00fcr die Suche nach Andrew Irvine aus vier Sherpas: Phurba, Ngima Tenji, Ngima und Gelu. Sie und ihr Leben r\u00fcckten in den Mittelpunkt eines weiteren Films. Gemeinsam mit Regisseur <strong>Heinz Leger<\/strong>, den Kameram\u00e4nnern <strong>Sepp Neuper<\/strong> und <strong>Wolfram Wuinovic<\/strong>, und Theo &amp; Stefan Fritsche ging es zun\u00e4chst in die Heimat der Sherpas, die Solu-Khumbu-Region von Nepal. Unser Team durchquerte die grandiose Bergwelt von Lukla aus via Namche Bazar, Thame, Renjo La, Gokyo, Cho La nach Lobuche bis zum Kala Patthar (5550 m) nahe dem Everest Basecamp. \u00dcber Dingboche und Chhukhung ging es zum Island Peak Basecamp und auf den popul\u00e4ren Sechstausender (6183 m), bevor wir via Tengboche nach Namche und Lukla zur\u00fcckkehrten und nach Tibet auf die Everest-Nordseite wechselten. Das Resultat dieser kulturell und bergsteigerisch \u00e4u\u00dferst abwechslungsreichen Reise ist ein ruhiger, atmosph\u00e4rischer Film \u00fcber die stillen Leistungstr\u00e4ger der Himalaya-Expeditionen mit beeindruckenden Impressionen von beiden Seiten des h\u00f6chsten Berges der Welt.<\/p>\n<p><strong>Trailer:<\/strong> <a href=\"https:\/\/www.youtube.com\/watch?v=TSYtW6lOY40\" target=\"_blank\">https:\/\/www.youtube.com\/watch?v=TSYtW6lOY40<\/a><br \/>\n<strong>Die englische Version der BBC:<\/strong> <a href=\"https:\/\/www.youtube.com\/watch?v=oih37NmqKz0\" target=\"_blank\">https:\/\/www.youtube.com\/watch?v=oih37NmqKz0<\/a><\/p>\n","protected":false},"excerpt":{"rendered":"<p>(Servus TV\/Terra Mater, 2012) Regie: Heinz Leger Buch: Heinz Leger &amp; Jochen Hemmleb Produzent: Nikolaus Wisiak (preTV) 2011 kehrten wir abermals zum Mount Everest zur\u00fcck. Diesmal bestand unser Team f\u00fcr die Suche nach Andrew Irvine aus vier Sherpas: Phurba, Ngima Tenji, Ngima und Gelu. Sie und ihr Leben r\u00fcckten in&hellip; <a href=\"https:\/\/jochenhemmleb.com\/web\/filme\/die-suche-der-sherpas\/\" class=\"more-link read-more\" rel=\"bookmark\">Continue Reading <span class=\"screen-reader-text\">Die Suche der Sherpas<\/span><i class=\"fa fa-arrow-right\"><\/i><\/a><\/p>\n","protected":false},"author":1,"featured_media":0,"parent":7,"menu_order":5,"comment_status":"closed","ping_status":"closed","template":"","meta":{"footnotes":""},"class_list":{"0":"post-477","1":"page","2":"type-page","3":"status-publish","4":"hentry","5":"h-entry","7":"h-as-page"},"_links":{"self":[{"href":"https:\/\/jochenhemmleb.com\/web\/wp-json\/wp\/v2\/pages\/477","targetHints":{"allow":["GET"]}}],"collection":[{"href":"https:\/\/jochenhemmleb.com\/web\/wp-json\/wp\/v2\/pages"}],"about":[{"href":"https:\/\/jochenhemmleb.com\/web\/wp-json\/wp\/v2\/types\/page"}],"author":[{"embeddable":true,"href":"https:\/\/jochenhemmleb.com\/web\/wp-json\/wp\/v2\/users\/1"}],"replies":[{"embeddable":true,"href":"https:\/\/jochenhemmleb.com\/web\/wp-json\/wp\/v2\/comments?post=477"}],"version-history":[{"count":1,"href":"https:\/\/jochenhemmleb.com\/web\/wp-json\/wp\/v2\/pages\/477\/revisions"}],"predecessor-version":[{"id":478,"href":"https:\/\/jochenhemmleb.com\/web\/wp-json\/wp\/v2\/pages\/477\/revisions\/478"}],"up":[{"embeddable":true,"href":"https:\/\/jochenhemmleb.com\/web\/wp-json\/wp\/v2\/pages\/7"}],"wp:attachment":[{"href":"https:\/\/jochenhemmleb.com\/web\/wp-json\/wp\/v2\/media?parent=477"}],"curies":[{"name":"wp","href":"https:\/\/api.w.org\/{rel}","templated":true}]}}