{"id":562,"date":"2017-04-04T17:13:07","date_gmt":"2017-04-04T17:13:07","guid":{"rendered":"http:\/\/jochenhemmleb.com\/web\/?page_id=562"},"modified":"2017-04-04T17:26:24","modified_gmt":"2017-04-04T17:26:24","slug":"neuseeland-sued-199697","status":"publish","type":"page","link":"https:\/\/jochenhemmleb.com\/web\/touren-expeditionen\/neuseeland-sued-199697\/","title":{"rendered":"Neuseeland-S\u00fcd &#8211; 1996\/97"},"content":{"rendered":"<p>Die S\u00fcdinsel Neuseelands ist wilder, weniger besiedelt, die verschiedenen Regionen schwerer zu erreichen. Hier lag mein Arbeitsgebiet in den Remarkables, einer Gebirgskette nahe Queenstown, und hier erlebte ich die sch\u00f6nsten Abenteuer der Reise: den Kepler Track zwischen Te Anau und Lake Manapouri, den entlegenen Dusky Track in den Fjordlands, den Rees Track und die Cascade Saddle Route zum Mount Aspiring, und die wilde \u00dcberquerung der neuseel\u00e4ndischen S\u00fcdalpen von Mount Cook Village \u00fcber den Copland Pass zur West Coast. Vorbei an den gro\u00dfen Gletschern und anderen Sehensw\u00fcrdigkeiten wie den Pancake Rocks ging es bis hinauf nach Nelson, wo ein gem\u00fctlicher Tag auf dem Able Tasman Track die erlebnisreichen Wochen abschloss.<\/p>\n<p>Auf das halbe Jahr folgten dann noch drei Monate Praktikum am Institute for Geological and Nuclear Sciences in Dunedin (davon zwei Monate &#8220;far out&#8221; im Gel\u00e4nde, mit Helikopter, Jeep und allem drum und dran) &#8211; doch das ist noch ein eigenes Kapitel&#8230;<\/p>\n<div id='gallery-1' class='gallery galleryid-562 gallery-columns-5 gallery-size-thumbnail'><figure class='gallery-item'>\n\t\t\t<div class='gallery-icon landscape'>\n\t\t\t\t<a href='https:\/\/jochenhemmleb.com\/web\/wp-content\/uploads\/2017\/04\/NZ_1996-97_0310.jpg'><img loading=\"lazy\" decoding=\"async\" width=\"150\" height=\"150\" src=\"https:\/\/jochenhemmleb.com\/web\/wp-content\/uploads\/2017\/04\/NZ_1996-97_0310-150x150.jpg\" class=\"attachment-thumbnail size-thumbnail\" alt=\"\" \/><\/a>\n\t\t\t<\/div><\/figure><figure class='gallery-item'>\n\t\t\t<div class='gallery-icon landscape'>\n\t\t\t\t<a href='https:\/\/jochenhemmleb.com\/web\/wp-content\/uploads\/2017\/04\/NZ_1996-97_0335.jpg'><img loading=\"lazy\" decoding=\"async\" width=\"150\" height=\"150\" src=\"https:\/\/jochenhemmleb.com\/web\/wp-content\/uploads\/2017\/04\/NZ_1996-97_0335-150x150.jpg\" class=\"attachment-thumbnail size-thumbnail\" alt=\"\" \/><\/a>\n\t\t\t<\/div><\/figure><figure class='gallery-item'>\n\t\t\t<div class='gallery-icon landscape'>\n\t\t\t\t<a href='https:\/\/jochenhemmleb.com\/web\/wp-content\/uploads\/2017\/04\/NZ_1996-97_0364.jpg'><img loading=\"lazy\" decoding=\"async\" width=\"150\" height=\"150\" src=\"https:\/\/jochenhemmleb.com\/web\/wp-content\/uploads\/2017\/04\/NZ_1996-97_0364-150x150.jpg\" class=\"attachment-thumbnail size-thumbnail\" alt=\"\" \/><\/a>\n\t\t\t<\/div><\/figure><figure class='gallery-item'>\n\t\t\t<div class='gallery-icon landscape'>\n\t\t\t\t<a href='https:\/\/jochenhemmleb.com\/web\/wp-content\/uploads\/2017\/04\/NZ_1996-97_0415.jpg'><img loading=\"lazy\" decoding=\"async\" width=\"150\" height=\"150\" src=\"https:\/\/jochenhemmleb.com\/web\/wp-content\/uploads\/2017\/04\/NZ_1996-97_0415-150x150.jpg\" class=\"attachment-thumbnail size-thumbnail\" alt=\"\" \/><\/a>\n\t\t\t<\/div><\/figure><figure class='gallery-item'>\n\t\t\t<div class='gallery-icon landscape'>\n\t\t\t\t<a href='https:\/\/jochenhemmleb.com\/web\/wp-content\/uploads\/2017\/04\/NZ_1996-97_0454.jpg'><img loading=\"lazy\" decoding=\"async\" width=\"150\" height=\"150\" src=\"https:\/\/jochenhemmleb.com\/web\/wp-content\/uploads\/2017\/04\/NZ_1996-97_0454-150x150.jpg\" class=\"attachment-thumbnail size-thumbnail\" alt=\"\" \/><\/a>\n\t\t\t<\/div><\/figure><figure class='gallery-item'>\n\t\t\t<div class='gallery-icon landscape'>\n\t\t\t\t<a href='https:\/\/jochenhemmleb.com\/web\/wp-content\/uploads\/2017\/04\/NZ_1996-97_0455.jpg'><img loading=\"lazy\" decoding=\"async\" width=\"150\" height=\"150\" src=\"https:\/\/jochenhemmleb.com\/web\/wp-content\/uploads\/2017\/04\/NZ_1996-97_0455-150x150.jpg\" class=\"attachment-thumbnail size-thumbnail\" alt=\"\" \/><\/a>\n\t\t\t<\/div><\/figure><figure class='gallery-item'>\n\t\t\t<div class='gallery-icon landscape'>\n\t\t\t\t<a href='https:\/\/jochenhemmleb.com\/web\/wp-content\/uploads\/2017\/04\/NZ_1996-97_0462.jpg'><img loading=\"lazy\" decoding=\"async\" width=\"150\" height=\"150\" src=\"https:\/\/jochenhemmleb.com\/web\/wp-content\/uploads\/2017\/04\/NZ_1996-97_0462-150x150.jpg\" class=\"attachment-thumbnail size-thumbnail\" alt=\"\" \/><\/a>\n\t\t\t<\/div><\/figure><figure class='gallery-item'>\n\t\t\t<div class='gallery-icon landscape'>\n\t\t\t\t<a href='https:\/\/jochenhemmleb.com\/web\/wp-content\/uploads\/2017\/04\/NZ_1996-97_0530.jpg'><img loading=\"lazy\" decoding=\"async\" width=\"150\" height=\"150\" src=\"https:\/\/jochenhemmleb.com\/web\/wp-content\/uploads\/2017\/04\/NZ_1996-97_0530-150x150.jpg\" class=\"attachment-thumbnail size-thumbnail\" alt=\"\" \/><\/a>\n\t\t\t<\/div><\/figure><figure class='gallery-item'>\n\t\t\t<div class='gallery-icon landscape'>\n\t\t\t\t<a href='https:\/\/jochenhemmleb.com\/web\/wp-content\/uploads\/2017\/04\/NZ_1996-97_0531.jpg'><img loading=\"lazy\" decoding=\"async\" width=\"150\" height=\"150\" src=\"https:\/\/jochenhemmleb.com\/web\/wp-content\/uploads\/2017\/04\/NZ_1996-97_0531-150x150.jpg\" class=\"attachment-thumbnail size-thumbnail\" alt=\"\" \/><\/a>\n\t\t\t<\/div><\/figure><figure class='gallery-item'>\n\t\t\t<div class='gallery-icon landscape'>\n\t\t\t\t<a href='https:\/\/jochenhemmleb.com\/web\/wp-content\/uploads\/2017\/04\/NZ_1996-97_0534.jpg'><img loading=\"lazy\" decoding=\"async\" width=\"150\" height=\"150\" src=\"https:\/\/jochenhemmleb.com\/web\/wp-content\/uploads\/2017\/04\/NZ_1996-97_0534-150x150.jpg\" class=\"attachment-thumbnail size-thumbnail\" alt=\"\" \/><\/a>\n\t\t\t<\/div><\/figure><figure class='gallery-item'>\n\t\t\t<div class='gallery-icon portrait'>\n\t\t\t\t<a href='https:\/\/jochenhemmleb.com\/web\/wp-content\/uploads\/2017\/04\/NZ_1996-97_0575.jpg'><img loading=\"lazy\" decoding=\"async\" width=\"150\" height=\"150\" src=\"https:\/\/jochenhemmleb.com\/web\/wp-content\/uploads\/2017\/04\/NZ_1996-97_0575-150x150.jpg\" class=\"attachment-thumbnail size-thumbnail\" alt=\"\" \/><\/a>\n\t\t\t<\/div><\/figure><figure class='gallery-item'>\n\t\t\t<div class='gallery-icon landscape'>\n\t\t\t\t<a href='https:\/\/jochenhemmleb.com\/web\/wp-content\/uploads\/2017\/04\/NZ_1996-97_0621.jpg'><img loading=\"lazy\" decoding=\"async\" width=\"150\" height=\"150\" src=\"https:\/\/jochenhemmleb.com\/web\/wp-content\/uploads\/2017\/04\/NZ_1996-97_0621-150x150.jpg\" class=\"attachment-thumbnail size-thumbnail\" alt=\"\" \/><\/a>\n\t\t\t<\/div><\/figure><figure class='gallery-item'>\n\t\t\t<div class='gallery-icon portrait'>\n\t\t\t\t<a href='https:\/\/jochenhemmleb.com\/web\/wp-content\/uploads\/2017\/04\/NZ_1996-97_0640.jpg'><img loading=\"lazy\" decoding=\"async\" width=\"150\" height=\"150\" src=\"https:\/\/jochenhemmleb.com\/web\/wp-content\/uploads\/2017\/04\/NZ_1996-97_0640-150x150.jpg\" class=\"attachment-thumbnail size-thumbnail\" alt=\"\" \/><\/a>\n\t\t\t<\/div><\/figure><figure class='gallery-item'>\n\t\t\t<div class='gallery-icon landscape'>\n\t\t\t\t<a href='https:\/\/jochenhemmleb.com\/web\/wp-content\/uploads\/2017\/04\/NZ_1996-97_0644.jpg'><img loading=\"lazy\" decoding=\"async\" width=\"150\" height=\"150\" src=\"https:\/\/jochenhemmleb.com\/web\/wp-content\/uploads\/2017\/04\/NZ_1996-97_0644-150x150.jpg\" class=\"attachment-thumbnail size-thumbnail\" alt=\"\" \/><\/a>\n\t\t\t<\/div><\/figure><figure class='gallery-item'>\n\t\t\t<div class='gallery-icon portrait'>\n\t\t\t\t<a href='https:\/\/jochenhemmleb.com\/web\/wp-content\/uploads\/2017\/04\/NZ_1996-97_0645.jpg'><img loading=\"lazy\" decoding=\"async\" width=\"150\" height=\"150\" src=\"https:\/\/jochenhemmleb.com\/web\/wp-content\/uploads\/2017\/04\/NZ_1996-97_0645-150x150.jpg\" class=\"attachment-thumbnail size-thumbnail\" alt=\"\" \/><\/a>\n\t\t\t<\/div><\/figure><figure class='gallery-item'>\n\t\t\t<div class='gallery-icon portrait'>\n\t\t\t\t<a href='https:\/\/jochenhemmleb.com\/web\/wp-content\/uploads\/2017\/04\/NZ_1996-97_0655.jpg'><img loading=\"lazy\" decoding=\"async\" width=\"150\" height=\"150\" src=\"https:\/\/jochenhemmleb.com\/web\/wp-content\/uploads\/2017\/04\/NZ_1996-97_0655-150x150.jpg\" class=\"attachment-thumbnail size-thumbnail\" alt=\"\" \/><\/a>\n\t\t\t<\/div><\/figure><figure class='gallery-item'>\n\t\t\t<div class='gallery-icon landscape'>\n\t\t\t\t<a href='https:\/\/jochenhemmleb.com\/web\/wp-content\/uploads\/2017\/04\/NZ_1996-97_0664.jpg'><img loading=\"lazy\" decoding=\"async\" width=\"150\" height=\"150\" src=\"https:\/\/jochenhemmleb.com\/web\/wp-content\/uploads\/2017\/04\/NZ_1996-97_0664-150x150.jpg\" class=\"attachment-thumbnail size-thumbnail\" alt=\"\" \/><\/a>\n\t\t\t<\/div><\/figure><figure class='gallery-item'>\n\t\t\t<div class='gallery-icon landscape'>\n\t\t\t\t<a href='https:\/\/jochenhemmleb.com\/web\/wp-content\/uploads\/2017\/04\/NZ_1996-97_0679.jpg'><img loading=\"lazy\" decoding=\"async\" width=\"150\" height=\"150\" src=\"https:\/\/jochenhemmleb.com\/web\/wp-content\/uploads\/2017\/04\/NZ_1996-97_0679-150x150.jpg\" class=\"attachment-thumbnail size-thumbnail\" alt=\"\" \/><\/a>\n\t\t\t<\/div><\/figure><figure class='gallery-item'>\n\t\t\t<div class='gallery-icon portrait'>\n\t\t\t\t<a href='https:\/\/jochenhemmleb.com\/web\/wp-content\/uploads\/2017\/04\/NZ_1996-97_0734.jpg'><img loading=\"lazy\" decoding=\"async\" width=\"150\" height=\"150\" src=\"https:\/\/jochenhemmleb.com\/web\/wp-content\/uploads\/2017\/04\/NZ_1996-97_0734-150x150.jpg\" class=\"attachment-thumbnail size-thumbnail\" alt=\"\" \/><\/a>\n\t\t\t<\/div><\/figure><figure class='gallery-item'>\n\t\t\t<div class='gallery-icon landscape'>\n\t\t\t\t<a href='https:\/\/jochenhemmleb.com\/web\/wp-content\/uploads\/2017\/04\/NZ_1996-97_0754.jpg'><img loading=\"lazy\" decoding=\"async\" width=\"150\" height=\"150\" src=\"https:\/\/jochenhemmleb.com\/web\/wp-content\/uploads\/2017\/04\/NZ_1996-97_0754-150x150.jpg\" class=\"attachment-thumbnail size-thumbnail\" alt=\"\" \/><\/a>\n\t\t\t<\/div><\/figure><figure class='gallery-item'>\n\t\t\t<div class='gallery-icon landscape'>\n\t\t\t\t<a href='https:\/\/jochenhemmleb.com\/web\/wp-content\/uploads\/2017\/04\/NZ_1996-97_0782.jpg'><img loading=\"lazy\" decoding=\"async\" width=\"150\" height=\"150\" src=\"https:\/\/jochenhemmleb.com\/web\/wp-content\/uploads\/2017\/04\/NZ_1996-97_0782-150x150.jpg\" class=\"attachment-thumbnail size-thumbnail\" alt=\"\" \/><\/a>\n\t\t\t<\/div><\/figure><figure class='gallery-item'>\n\t\t\t<div class='gallery-icon landscape'>\n\t\t\t\t<a href='https:\/\/jochenhemmleb.com\/web\/wp-content\/uploads\/2017\/04\/NZ_1996-97_0810.jpg'><img loading=\"lazy\" decoding=\"async\" width=\"150\" height=\"150\" src=\"https:\/\/jochenhemmleb.com\/web\/wp-content\/uploads\/2017\/04\/NZ_1996-97_0810-150x150.jpg\" class=\"attachment-thumbnail size-thumbnail\" alt=\"\" \/><\/a>\n\t\t\t<\/div><\/figure><figure class='gallery-item'>\n\t\t\t<div class='gallery-icon landscape'>\n\t\t\t\t<a href='https:\/\/jochenhemmleb.com\/web\/wp-content\/uploads\/2017\/04\/NZ_1996-97_0826.jpg'><img loading=\"lazy\" decoding=\"async\" width=\"150\" height=\"150\" src=\"https:\/\/jochenhemmleb.com\/web\/wp-content\/uploads\/2017\/04\/NZ_1996-97_0826-150x150.jpg\" class=\"attachment-thumbnail size-thumbnail\" alt=\"\" \/><\/a>\n\t\t\t<\/div><\/figure><figure class='gallery-item'>\n\t\t\t<div class='gallery-icon landscape'>\n\t\t\t\t<a href='https:\/\/jochenhemmleb.com\/web\/wp-content\/uploads\/2017\/04\/NZ_1996-97_0843.jpg'><img loading=\"lazy\" decoding=\"async\" width=\"150\" height=\"150\" src=\"https:\/\/jochenhemmleb.com\/web\/wp-content\/uploads\/2017\/04\/NZ_1996-97_0843-150x150.jpg\" class=\"attachment-thumbnail size-thumbnail\" alt=\"\" \/><\/a>\n\t\t\t<\/div><\/figure><figure class='gallery-item'>\n\t\t\t<div class='gallery-icon portrait'>\n\t\t\t\t<a href='https:\/\/jochenhemmleb.com\/web\/wp-content\/uploads\/2017\/04\/NZ_1996-97_0877.jpg'><img loading=\"lazy\" decoding=\"async\" width=\"150\" height=\"150\" src=\"https:\/\/jochenhemmleb.com\/web\/wp-content\/uploads\/2017\/04\/NZ_1996-97_0877-150x150.jpg\" class=\"attachment-thumbnail size-thumbnail\" alt=\"\" \/><\/a>\n\t\t\t<\/div><\/figure><figure class='gallery-item'>\n\t\t\t<div class='gallery-icon landscape'>\n\t\t\t\t<a href='https:\/\/jochenhemmleb.com\/web\/wp-content\/uploads\/2017\/04\/NZ_1996-97_0888.jpg'><img loading=\"lazy\" decoding=\"async\" width=\"150\" height=\"150\" src=\"https:\/\/jochenhemmleb.com\/web\/wp-content\/uploads\/2017\/04\/NZ_1996-97_0888-150x150.jpg\" class=\"attachment-thumbnail size-thumbnail\" alt=\"\" \/><\/a>\n\t\t\t<\/div><\/figure><figure class='gallery-item'>\n\t\t\t<div class='gallery-icon landscape'>\n\t\t\t\t<a href='https:\/\/jochenhemmleb.com\/web\/wp-content\/uploads\/2017\/04\/NZ_1996-97_0905.jpg'><img loading=\"lazy\" decoding=\"async\" width=\"150\" height=\"150\" src=\"https:\/\/jochenhemmleb.com\/web\/wp-content\/uploads\/2017\/04\/NZ_1996-97_0905-150x150.jpg\" class=\"attachment-thumbnail size-thumbnail\" alt=\"\" \/><\/a>\n\t\t\t<\/div><\/figure><figure class='gallery-item'>\n\t\t\t<div class='gallery-icon landscape'>\n\t\t\t\t<a href='https:\/\/jochenhemmleb.com\/web\/wp-content\/uploads\/2017\/04\/NZ_1996-97_0916.jpg'><img loading=\"lazy\" decoding=\"async\" width=\"150\" height=\"150\" src=\"https:\/\/jochenhemmleb.com\/web\/wp-content\/uploads\/2017\/04\/NZ_1996-97_0916-150x150.jpg\" class=\"attachment-thumbnail size-thumbnail\" alt=\"\" \/><\/a>\n\t\t\t<\/div><\/figure><figure class='gallery-item'>\n\t\t\t<div class='gallery-icon landscape'>\n\t\t\t\t<a href='https:\/\/jochenhemmleb.com\/web\/wp-content\/uploads\/2017\/04\/NZ_1996-97_0955.jpg'><img loading=\"lazy\" decoding=\"async\" width=\"150\" height=\"150\" src=\"https:\/\/jochenhemmleb.com\/web\/wp-content\/uploads\/2017\/04\/NZ_1996-97_0955-150x150.jpg\" class=\"attachment-thumbnail size-thumbnail\" alt=\"\" \/><\/a>\n\t\t\t<\/div><\/figure><figure class='gallery-item'>\n\t\t\t<div class='gallery-icon landscape'>\n\t\t\t\t<a href='https:\/\/jochenhemmleb.com\/web\/wp-content\/uploads\/2017\/04\/NZ_1996-97_1011.jpg'><img loading=\"lazy\" decoding=\"async\" width=\"150\" height=\"150\" src=\"https:\/\/jochenhemmleb.com\/web\/wp-content\/uploads\/2017\/04\/NZ_1996-97_1011-150x150.jpg\" class=\"attachment-thumbnail size-thumbnail\" alt=\"\" \/><\/a>\n\t\t\t<\/div><\/figure>\n\t\t<\/div>\n\n","protected":false},"excerpt":{"rendered":"<p>Die S\u00fcdinsel Neuseelands ist wilder, weniger besiedelt, die verschiedenen Regionen schwerer zu erreichen. Hier lag mein Arbeitsgebiet in den Remarkables, einer Gebirgskette nahe Queenstown, und hier erlebte ich die sch\u00f6nsten Abenteuer der Reise: den Kepler Track zwischen Te Anau und Lake Manapouri, den entlegenen Dusky Track in den Fjordlands, den&hellip; <a href=\"https:\/\/jochenhemmleb.com\/web\/touren-expeditionen\/neuseeland-sued-199697\/\" class=\"more-link read-more\" rel=\"bookmark\">Continue Reading <span class=\"screen-reader-text\">Neuseeland-S\u00fcd &#8211; 1996\/97<\/span><i class=\"fa fa-arrow-right\"><\/i><\/a><\/p>\n","protected":false},"author":1,"featured_media":0,"parent":13,"menu_order":12,"comment_status":"closed","ping_status":"closed","template":"","meta":{"footnotes":""},"class_list":{"0":"post-562","1":"page","2":"type-page","3":"status-publish","4":"hentry","5":"h-entry","7":"h-as-page"},"_links":{"self":[{"href":"https:\/\/jochenhemmleb.com\/web\/wp-json\/wp\/v2\/pages\/562","targetHints":{"allow":["GET"]}}],"collection":[{"href":"https:\/\/jochenhemmleb.com\/web\/wp-json\/wp\/v2\/pages"}],"about":[{"href":"https:\/\/jochenhemmleb.com\/web\/wp-json\/wp\/v2\/types\/page"}],"author":[{"embeddable":true,"href":"https:\/\/jochenhemmleb.com\/web\/wp-json\/wp\/v2\/users\/1"}],"replies":[{"embeddable":true,"href":"https:\/\/jochenhemmleb.com\/web\/wp-json\/wp\/v2\/comments?post=562"}],"version-history":[{"count":1,"href":"https:\/\/jochenhemmleb.com\/web\/wp-json\/wp\/v2\/pages\/562\/revisions"}],"predecessor-version":[{"id":593,"href":"https:\/\/jochenhemmleb.com\/web\/wp-json\/wp\/v2\/pages\/562\/revisions\/593"}],"up":[{"embeddable":true,"href":"https:\/\/jochenhemmleb.com\/web\/wp-json\/wp\/v2\/pages\/13"}],"wp:attachment":[{"href":"https:\/\/jochenhemmleb.com\/web\/wp-json\/wp\/v2\/media?parent=562"}],"curies":[{"name":"wp","href":"https:\/\/api.w.org\/{rel}","templated":true}]}}