{"id":63,"date":"2017-02-12T23:37:06","date_gmt":"2017-02-12T23:37:06","guid":{"rendered":"http:\/\/jochenhemmleb.com\/web\/?page_id=63"},"modified":"2017-03-02T19:04:08","modified_gmt":"2017-03-02T19:04:08","slug":"mount-everest-spurensuche-in-eisigen-hohen","status":"publish","type":"page","link":"https:\/\/jochenhemmleb.com\/web\/vortrage\/mount-everest-spurensuche-in-eisigen-hohen\/","title":{"rendered":"Mount Everest &#8211; Spurensuche in eisigen H\u00f6hen"},"content":{"rendered":"<h2>Dauerbrenner!<\/h2>\n<h3><img loading=\"lazy\" decoding=\"async\" class=\"alignleft size-medium wp-image-64\" src=\"http:\/\/jochenhemmleb.com\/web\/wp-content\/uploads\/2017\/02\/Vortragsplakat-1-223x300.jpg\" alt=\"\" width=\"223\" height=\"300\" srcset=\"https:\/\/jochenhemmleb.com\/web\/wp-content\/uploads\/2017\/02\/Vortragsplakat-1-223x300.jpg 223w, https:\/\/jochenhemmleb.com\/web\/wp-content\/uploads\/2017\/02\/Vortragsplakat-1-768x1032.jpg 768w, https:\/\/jochenhemmleb.com\/web\/wp-content\/uploads\/2017\/02\/Vortragsplakat-1-762x1024.jpg 762w\" sizes=\"auto, (max-width: 223px) 100vw, 223px\" \/>Mount Everest &#8211; Spurensuche in eisigen H\u00f6hen<\/h3>\n<p>Mount Everest, in den fr\u00fchen Morgenstunden des 8. Juni 1924: Die englischen Bergsteiger George Mallory und Andrew Irvine unternehmen einen letzten verzweifelten Versuch, als Erste den Gipfel des h\u00f6chsten Berges der Welt zu erreichen &#8211; und kommen dabei ums Leben. Mehr als 70 Jahre bleibt ihr Verschwinden das gro\u00dfe R\u00e4tsel des Mount Everest: Was geschah mit Mallory &amp; Irvine? Sind sie die wahren Erstbesteiger des Mount Everest? Ein Forscherteam um den jungen Geologen Jochen Hemmleb begibt sich auf eine abenteuerliche Suche, um dem Geheimnis endlich auf die Spur zu kommen.<\/p>\n<p>Jochen Hemmleb erz\u00e4hlt mit einer Mischung aus Bildern, B\u00fccherlesung und H\u00f6rspiel von einem Krimi auf dem Dach der Welt &#8211; mit Original-Tonaufnahmen und Fundst\u00fccken vom Mount Everest!<\/p>\n<p>Vortragsl\u00e4nge ca. 45 min &#8211; f\u00fcr Sch\u00fclerInnen ab der 5. Klasse (Ende Grundschule &#8211; Mittelschule &#8211; Oberschule)<\/p>\n<p>Jochen Hemmleb und Maja Nielsen, Autorin des Buchs <em>Abenteuer! Maja Nielsen erz\u00e4hlt: Mount Everest, Spurensuche in eisigen H\u00f6hen<\/em>, bieten auch gemeinsame Veranstaltungen an. <a href=\"http:\/\/majanielsen.com\/\">http:\/\/majanielsen.com\/<\/a><\/p>\n","protected":false},"excerpt":{"rendered":"<p>Dauerbrenner! Mount Everest &#8211; Spurensuche in eisigen H\u00f6hen Mount Everest, in den fr\u00fchen Morgenstunden des 8. Juni 1924: Die englischen Bergsteiger George Mallory und Andrew Irvine unternehmen einen letzten verzweifelten Versuch, als Erste den Gipfel des h\u00f6chsten Berges der Welt zu erreichen &#8211; und kommen dabei ums Leben. Mehr als&hellip; <a href=\"https:\/\/jochenhemmleb.com\/web\/vortrage\/mount-everest-spurensuche-in-eisigen-hohen\/\" class=\"more-link read-more\" rel=\"bookmark\">Continue Reading <span class=\"screen-reader-text\">Mount Everest &#8211; Spurensuche in eisigen H\u00f6hen<\/span><i class=\"fa fa-arrow-right\"><\/i><\/a><\/p>\n","protected":false},"author":1,"featured_media":0,"parent":9,"menu_order":1,"comment_status":"closed","ping_status":"closed","template":"","meta":{"footnotes":""},"class_list":{"0":"post-63","1":"page","2":"type-page","3":"status-publish","4":"hentry","5":"h-entry","7":"h-as-page"},"_links":{"self":[{"href":"https:\/\/jochenhemmleb.com\/web\/wp-json\/wp\/v2\/pages\/63","targetHints":{"allow":["GET"]}}],"collection":[{"href":"https:\/\/jochenhemmleb.com\/web\/wp-json\/wp\/v2\/pages"}],"about":[{"href":"https:\/\/jochenhemmleb.com\/web\/wp-json\/wp\/v2\/types\/page"}],"author":[{"embeddable":true,"href":"https:\/\/jochenhemmleb.com\/web\/wp-json\/wp\/v2\/users\/1"}],"replies":[{"embeddable":true,"href":"https:\/\/jochenhemmleb.com\/web\/wp-json\/wp\/v2\/comments?post=63"}],"version-history":[{"count":1,"href":"https:\/\/jochenhemmleb.com\/web\/wp-json\/wp\/v2\/pages\/63\/revisions"}],"predecessor-version":[{"id":65,"href":"https:\/\/jochenhemmleb.com\/web\/wp-json\/wp\/v2\/pages\/63\/revisions\/65"}],"up":[{"embeddable":true,"href":"https:\/\/jochenhemmleb.com\/web\/wp-json\/wp\/v2\/pages\/9"}],"wp:attachment":[{"href":"https:\/\/jochenhemmleb.com\/web\/wp-json\/wp\/v2\/media?parent=63"}],"curies":[{"name":"wp","href":"https:\/\/api.w.org\/{rel}","templated":true}]}}