{"id":66,"date":"2017-02-12T23:39:03","date_gmt":"2017-02-12T23:39:03","guid":{"rendered":"http:\/\/jochenhemmleb.com\/web\/?page_id=66"},"modified":"2017-03-02T19:04:16","modified_gmt":"2017-03-02T19:04:16","slug":"die-geister-des-mount-everest-die-suche-nach-mallory-irvine","status":"publish","type":"page","link":"https:\/\/jochenhemmleb.com\/web\/vortrage\/die-geister-des-mount-everest-die-suche-nach-mallory-irvine\/","title":{"rendered":"Die Geister des Mount Everest \u2013 Die Suche nach Mallory &#038; Irvine"},"content":{"rendered":"<p><img loading=\"lazy\" decoding=\"async\" class=\"alignleft size-medium wp-image-67\" src=\"http:\/\/jochenhemmleb.com\/web\/wp-content\/uploads\/2017\/02\/Vortragsplakat-2-212x300.jpg\" alt=\"\" width=\"212\" height=\"300\" srcset=\"https:\/\/jochenhemmleb.com\/web\/wp-content\/uploads\/2017\/02\/Vortragsplakat-2-212x300.jpg 212w, https:\/\/jochenhemmleb.com\/web\/wp-content\/uploads\/2017\/02\/Vortragsplakat-2-768x1086.jpg 768w, https:\/\/jochenhemmleb.com\/web\/wp-content\/uploads\/2017\/02\/Vortragsplakat-2-724x1024.jpg 724w\" sizes=\"auto, (max-width: 212px) 100vw, 212px\" \/>Am 29. Mai 1953 standen Edmund Hillary und Tensing Norgay auf dem Gipfel des Mount Everest (8848 m), dem h\u00f6chsten Berg der Welt \u2013 als erste Menschen. So schreiben es die Geschichtsb\u00fccher.<\/p>\n<p>Doch schon 29 Jahre zuvor hatten die beiden Engl\u00e4nder George Mallory und Andrew Irvine die Besteigung versucht. Am 8. Juni 1924 wurden sie nur 300 Meter unterhalb des Gipfels zum letzten Mal gesehen, bevor sie in den Wolken verschwanden.<\/p>\n<p>Hatten Mallory und Irvine vor ihrem Tod den Gipfel erreicht und waren somit die wahren Erstbesteiger des Mount Everest?<\/p>\n<p>Vierundsechzig Jahre sp\u00e4ter liest der damals 16-j\u00e4hrige Jochen Hemmleb ein Buch \u00fcber das Verschwinden der beiden Bergsteiger, welches ihn fortan nicht mehr losl\u00e4sst. Elf Jahre lang begibt er sich auf Spurensuche, bevor er zum Initiator der \u201eMallory &amp; Irvine Research Expedition\u201c wird und im Fr\u00fchjahr 1999 zum Mount Everest reist.<\/p>\n<p>In \u201eDie Geister des Mount Everest\u201c erz\u00e4hlt Jochen Hemmleb vom Geheimnis um Mallory und Irvine, von den langj\u00e4hrigen Vorbereitungen der Suche, von ihren Ergebnissen und von den gel\u00f6sten und ungel\u00f6sten Fragen im \u201eFall Mallory &amp; Irvine\u201c. Es ist eine packende Detektivgeschichte, welche in einer Bad Homburger Wohnung beginnt und mit einem atemberaubenden Fund in den eisigen H\u00f6hen des Mount Everest endet\u2026<\/p>\n<p>Vortragsl\u00e4nge ca. 80 min &#8211; f\u00fcr Erwachsene &amp; Jugendliche, \u00f6ffentliche (Bibliotheken, Volkshochschulen usw.) und private Veranstaltungen.<\/p>\n","protected":false},"excerpt":{"rendered":"<p>Am 29. Mai 1953 standen Edmund Hillary und Tensing Norgay auf dem Gipfel des Mount Everest (8848 m), dem h\u00f6chsten Berg der Welt \u2013 als erste Menschen. So schreiben es die Geschichtsb\u00fccher. Doch schon 29 Jahre zuvor hatten die beiden Engl\u00e4nder George Mallory und Andrew Irvine die Besteigung versucht. Am&hellip; <a href=\"https:\/\/jochenhemmleb.com\/web\/vortrage\/die-geister-des-mount-everest-die-suche-nach-mallory-irvine\/\" class=\"more-link read-more\" rel=\"bookmark\">Continue Reading <span class=\"screen-reader-text\">Die Geister des Mount Everest \u2013 Die Suche nach Mallory &#038; Irvine<\/span><i class=\"fa fa-arrow-right\"><\/i><\/a><\/p>\n","protected":false},"author":1,"featured_media":0,"parent":9,"menu_order":2,"comment_status":"closed","ping_status":"closed","template":"","meta":{"footnotes":""},"class_list":{"0":"post-66","1":"page","2":"type-page","3":"status-publish","4":"hentry","5":"h-entry","7":"h-as-page"},"_links":{"self":[{"href":"https:\/\/jochenhemmleb.com\/web\/wp-json\/wp\/v2\/pages\/66","targetHints":{"allow":["GET"]}}],"collection":[{"href":"https:\/\/jochenhemmleb.com\/web\/wp-json\/wp\/v2\/pages"}],"about":[{"href":"https:\/\/jochenhemmleb.com\/web\/wp-json\/wp\/v2\/types\/page"}],"author":[{"embeddable":true,"href":"https:\/\/jochenhemmleb.com\/web\/wp-json\/wp\/v2\/users\/1"}],"replies":[{"embeddable":true,"href":"https:\/\/jochenhemmleb.com\/web\/wp-json\/wp\/v2\/comments?post=66"}],"version-history":[{"count":1,"href":"https:\/\/jochenhemmleb.com\/web\/wp-json\/wp\/v2\/pages\/66\/revisions"}],"predecessor-version":[{"id":68,"href":"https:\/\/jochenhemmleb.com\/web\/wp-json\/wp\/v2\/pages\/66\/revisions\/68"}],"up":[{"embeddable":true,"href":"https:\/\/jochenhemmleb.com\/web\/wp-json\/wp\/v2\/pages\/9"}],"wp:attachment":[{"href":"https:\/\/jochenhemmleb.com\/web\/wp-json\/wp\/v2\/media?parent=66"}],"curies":[{"name":"wp","href":"https:\/\/api.w.org\/{rel}","templated":true}]}}