{"id":7,"date":"2017-02-07T17:02:37","date_gmt":"2017-02-07T17:02:37","guid":{"rendered":"http:\/\/jochenhemmleb.com\/web\/?page_id=7"},"modified":"2024-06-15T20:18:14","modified_gmt":"2024-06-15T20:18:14","slug":"filme","status":"publish","type":"page","link":"https:\/\/jochenhemmleb.com\/web\/filme\/","title":{"rendered":"Filme"},"content":{"rendered":"\n<h2 class=\"wp-block-heading\">Filmografie<\/h2>\n\n\n\n<h3 class=\"wp-block-heading\">S\u00fcdtirols hoher Norden (Albolina Film\/Servus TV, 2021\/22)<\/h3>\n\n\n\n<p>Die raue Gegend um das Tauferer Ahrntal ist ein Geheimtipp \u2013 nicht nur f\u00fcr die Erstbegehungen des S\u00fcdtiroler Kletterass Simon Gietl und dessen Bruder Manuel, f\u00fcr die Tourend von Extrembergsteiger und Eiskletterer Christoph Hainz und das H\u00f6hentraining von Biathlon-Star Dorothea Wierer. <a href=\"https:\/\/jochenhemmleb.com\/web\/filme\/sudtirols-hoher-norden-albolina-film-servus-tv-2021-22\/\" data-type=\"page\" data-id=\"961\">Weiterlesen&#8230;<\/a><\/p>\n\n\n\n<h3 class=\"wp-block-heading\">Manaslu \u2013 Berg der Seelen<br>Das Lebensportrait von Hans Kammerlander (2018)<\/h3>\n\n\n\n<p>Seine schmerzvollste Trag\u00f6die erlitt Hans Kammerlander 1991 am Manaslu in Nepal, wo er zwei seiner besten Freunde verlor. Einer st\u00fcrzte aus unerfindlichen Gr\u00fcnden ab, der andere wurde neben ihm vom Blitz erschlagen. Hans, selbst in akuter Lebensgefahr, \u00fcberlebte das Gewitter am Rande des Wahnsinns. Es war ein Berggewitter, das es gar nicht geben durfte. <a href=\"https:\/\/jochenhemmleb.com\/web\/filme\/manaslu-berg-der-seelen\/\">Weiterlesen&#8230;<\/a><\/p>\n\n\n\n<h3 class=\"wp-block-heading\">Der Ortler &#8211; S\u00fcdtirols K\u00f6nig der Berge (Servus TV, 2016)<\/h3>\n\n\n\n<p><span style=\"color: #ff0000;\"><em>Mein Regiedeb\u00fct!<\/em><\/span><\/p>\n\n\n\n<p>Der Ortler. Wie eine eisgepanzerte Burg erhebt sich sein Gipfel aus der grandiosen Gebirgslandschaft im Westen S\u00fcdtirols.<\/p>\n\n\n\n<p>Ortler &#8211; das ist ein Spielfeld f\u00fcr Grenzg\u00e4nger. F\u00fcr den Film durchklettern der S\u00fcdtiroler Bergf\u00fchrer und Profibergsteiger <strong>Christoph Hainz<\/strong>, der Kitzb\u00fchler Extremskifahrer <strong>Axel Naglich <\/strong>und die Gr\u00f6dner Speedriding-Piloten <strong>Armin Senoner <\/strong>und <strong>Guido Senoner<\/strong> die Ortler-Nordwand. W\u00e4hrend die beiden Speedrider anschlie\u00dfend mit Ski und Gleitschirm durch den eisstarrenden Trichter der Wand hinabfliegen, fahren Naglich und Hainz nach dem Gipfel durch die schwindelerregende Minnigerode-Rinne der S\u00fcdwand ab. <a href=\"http:\/\/jochenhemmleb.com\/web\/filme\/der-ortler-suedtirols-koenig-der-berge\/\"><em>Weiterlesen&#8230;<\/em><\/a><\/p>\n\n\n\n<h3 class=\"wp-block-heading\">Matterhorn &#8211; Vom Mythos zur Marke (Servus TV, 2015)<\/h3>\n\n\n\n<p>Es ist der ideale Berg, der Toblerone-Berg &#8211; ein Berg, so wie Kinder ihn zeichnen w\u00fcrden: Das Matterhorn. Der bekannteste Berg der Alpen, vielleicht der ganzen Welt. Und es ist weit mehr als ein Berg: Eine Marke, ein Mythos, ein Symbol &#8211; f\u00fcr die Landschaft Alpen wie f\u00fcr das Bergsteigen.<\/p>\n\n\n\n<p>Zum 150. Jubil\u00e4um seiner Erstbesteigung 1865 n\u00e4hert sich der Film dem Faszinosum Matterhorn und den Menschen, die an seinem Fu\u00df leben und vom Berg gepr\u00e4gt werden, von seinen beiden ganz unterschiedlichen Seiten: Auf der Nordseite, im schweizerischen Zermatt, ist der Berg allgegenw\u00e4rtig &#8211; in einem eigenen Museum, in unz\u00e4hligen Produkten, auf zahllosen Fotos und Bildern. F\u00fcr <strong>Michi<\/strong> und <strong>Urs Lerjen<\/strong>, Bergf\u00fchrer in 6. bzw. 5. Generation, ist es ihr Hausberg, den sie hunderte Male auf verschiedensten Routen bestiegen haben.&nbsp;<a href=\"http:\/\/jochenhemmleb.com\/web\/filme\/matterhorn-vom-mythos-zur-marke\/\"><em>Weiterlesen&#8230;<\/em><\/a><\/p>\n\n\n\n<h3 class=\"wp-block-heading\">Peter Ressmann &#8211; Eine Widmung (Servus TV, 2013)<\/h3>\n\n\n\n<p><em>&#8220;&#8230; ruhig, unpret\u00e4nti\u00f6s &#8211; jemand, der sagte, was er dachte, tat, was er sagte, und dabei weder zu viele noch zu wenige Worte verlor.&#8221; <\/em><\/p>\n\n\n\n<p>Dies schrieb ich 2007 \u00fcber den Kitzb\u00fcheler Peter &#8220;Resl&#8221; Ressmann, nachdem ich mit ihm auf einer Expedition zum Broad Peak in Pakistan unterwegs gewesen war. Drei Jahre sp\u00e4ter, im Mai 2010, verungl\u00fcckte Resl bei einer routinem\u00e4\u00dfigen Abseil\u00fcbung im Salzburger Land t\u00f6dlich.<\/p>\n\n\n\n<p>Zu Resls 50. Geburtstag und 5. Todestag produzierte Gerald Salmina ein ber\u00fchrendes Portr\u00e4t, in dem sich Angeh\u00f6rige, Freunde und Bergpartner wie Axel Naglich an diesen bemerkenswerten Menschen erinnern, der f\u00fcr alle, die ihn kannten und sch\u00e4tzten, eine stille Legende bleibt.&nbsp;<a href=\"http:\/\/jochenhemmleb.com\/web\/filme\/peter-ressmann-eine-widmung\/\"><em>Weiterlesen&#8230;<\/em><\/a><\/p>\n\n\n\n<h3 class=\"wp-block-heading\">Die sechs gro\u00dfen Nordw\u00e4nde der Alpen (Servus TV, 2012\/13)<\/h3>\n\n\n\n<p>Noch auf der Everest-Expedition 2010 erz\u00e4hlten mir Gerald Salmina und G\u00fcnther G\u00f6berl von der Serie &#8220;Bergwelten&#8221; auf Servus TV, f\u00fcr die sie regelm\u00e4\u00dfig Beitr\u00e4ge produzierten, und fragten mich, ob ich als Autor und Alpinjournalist nicht weitere Geschichten f\u00fcr sie h\u00e4tte. So entstand noch im gleichen Sommer das Konzept einer sechsteiligen Sendereihe \u00fcber die gro\u00dfen Nordw\u00e4nde der Alpen. Da ich im Fr\u00fchjahr 2011 abermals am Everest unterwegs war, verst\u00e4rkte mein Kollege <strong>Tom Dauer <\/strong>das Team als Regisseur und Autor&#8230;<\/p>\n\n\n\n<ul class=\"wp-block-list\">\n<li><strong>Eiger-Nordwand &#8211; Die Wand der W\u00e4nde<\/strong><\/li>\n\n\n\n<li><strong>Der zerfallene Berg &#8211; Die Petit-Dru-Nordwand<\/strong><\/li>\n\n\n\n<li><strong>Zwischen Licht und Schatten &#8211; Piz Badile-Nordostwand<\/strong><\/li>\n\n\n\n<li><strong>Drei Zinnen &#8211; Grenzen der Felskletterei<\/strong><\/li>\n\n\n\n<li><strong>Das letzte Wort hat der Berg &#8211; Matterhorn-Nordwand<\/strong><\/li>\n\n\n\n<li><strong>Selig, wer in Tr\u00e4umen stirbt &#8211; Grandes Jorasses-Nordwand<\/strong><\/li>\n<\/ul>\n\n\n\n<p><a href=\"http:\/\/jochenhemmleb.com\/web\/filme\/die-sechs-grossen-nordwaende-der-alpen\/\"><em>Weiterlesen&#8230;<\/em><\/a><\/p>\n\n\n\n<h3 class=\"wp-block-heading\">Die Suche der Sherpas (Servus TV\/Terra Mater, 2012)<\/h3>\n\n\n\n<p>2011 kehrten wir abermals zum Mount Everest zur\u00fcck. Diesmal bestand unser Team f\u00fcr die Suche nach Andrew Irvine aus vier Sherpas: Phurba, Ngima Tenji, Ngima und Gelu. Sie und ihr Leben r\u00fcckten in den Mittelpunkt eines weiteren Films. Gemeinsam mit Regisseur <strong>Heinz Leger<\/strong>, den Kameram\u00e4nnern <strong>Sepp Neuper<\/strong> und <strong>Wolfram Wuinovic<\/strong>, und Theo &amp; Stefan Fritsche ging es zun\u00e4chst in die Heimat der Sherpas, die Solu-Khumbu-Region von Nepal. Unser Team durchquerte die grandiose Bergwelt von Lukla aus via Namche Bazar, Thame, Renjo La, Gokyo, Cho La nach Lobuche bis zum Kala Patthar (5550 m) nahe dem Everest Basecamp.&nbsp;<a href=\"http:\/\/jochenhemmleb.com\/web\/filme\/die-suche-der-sherpas\/\"><em>Weiterlesen&#8230;<\/em><\/a><\/p>\n\n\n\n<h3 class=\"wp-block-heading\">Erster auf dem Everest (ORF Universum, 2010)<\/h3>\n\n\n\n<p>Gut Ding will Weile haben &#8230; Die urspr\u00fcngliche Idee zu diesem Film stammte von dem deutschen Produzenten und Regisseur <strong>Christoph Weber <\/strong>(Taglicht Media, K\u00f6ln), der damit ca. 2004\/2005 &#8211; es ist schon so lange her! &#8211; auf mich zukam. Jahrelang bem\u00fchten sich er und Gesch\u00e4ftsf\u00fchrer Bernd Wilting unersch\u00fctterlich um die Finanzierung des Projektes. 2007 erm\u00f6glichte es mir und dem damaligen Co-Produzenten Werner Vennewald eine denkw\u00fcrdige Recherchereise nach Beijing, bei der wir dokumentarisch einmalige Interviews mit chinesischen Bergsteigern aus den 1960er- und 1970er-Jahren f\u00fchren konnten. Die Ereignisse um und nach dem olympischen Fackellauf am Everest 2008\/2009 vereitelten dann zweimal eine Expedition, bevor diese dann schlie\u00dflich 2010 dank der Beteiligung der \u00f6sterreichischen Produktionsfirma preTV (Wien\/Graz) durchgef\u00fchrt werden konnte.&nbsp;<a href=\"http:\/\/jochenhemmleb.com\/web\/filme\/erster-auf-dem-everest\/\"><em>Weiterlesen&#8230;<\/em><\/a><\/p>\n","protected":false},"excerpt":{"rendered":"<p>Filmografie S\u00fcdtirols hoher Norden (Albolina Film\/Servus TV, 2021\/22) Die raue Gegend um das Tauferer Ahrntal ist ein Geheimtipp \u2013 nicht nur f\u00fcr die Erstbegehungen des S\u00fcdtiroler Kletterass Simon Gietl und dessen Bruder Manuel, f\u00fcr die Tourend von Extrembergsteiger und Eiskletterer Christoph Hainz und das H\u00f6hentraining von Biathlon-Star Dorothea Wierer. Weiterlesen&#8230;&hellip; <a href=\"https:\/\/jochenhemmleb.com\/web\/filme\/\" class=\"more-link read-more\" rel=\"bookmark\">Continue Reading <span class=\"screen-reader-text\">Filme<\/span><i class=\"fa fa-arrow-right\"><\/i><\/a><\/p>\n","protected":false},"author":1,"featured_media":220,"parent":0,"menu_order":0,"comment_status":"closed","ping_status":"closed","template":"","meta":{"footnotes":""},"class_list":{"0":"post-7","1":"page","2":"type-page","3":"status-publish","4":"has-post-thumbnail","5":"hentry","6":"h-entry","8":"h-as-page"},"_links":{"self":[{"href":"https:\/\/jochenhemmleb.com\/web\/wp-json\/wp\/v2\/pages\/7","targetHints":{"allow":["GET"]}}],"collection":[{"href":"https:\/\/jochenhemmleb.com\/web\/wp-json\/wp\/v2\/pages"}],"about":[{"href":"https:\/\/jochenhemmleb.com\/web\/wp-json\/wp\/v2\/types\/page"}],"author":[{"embeddable":true,"href":"https:\/\/jochenhemmleb.com\/web\/wp-json\/wp\/v2\/users\/1"}],"replies":[{"embeddable":true,"href":"https:\/\/jochenhemmleb.com\/web\/wp-json\/wp\/v2\/comments?post=7"}],"version-history":[{"count":11,"href":"https:\/\/jochenhemmleb.com\/web\/wp-json\/wp\/v2\/pages\/7\/revisions"}],"predecessor-version":[{"id":979,"href":"https:\/\/jochenhemmleb.com\/web\/wp-json\/wp\/v2\/pages\/7\/revisions\/979"}],"wp:featuredmedia":[{"embeddable":true,"href":"https:\/\/jochenhemmleb.com\/web\/wp-json\/wp\/v2\/media\/220"}],"wp:attachment":[{"href":"https:\/\/jochenhemmleb.com\/web\/wp-json\/wp\/v2\/media?parent=7"}],"curies":[{"name":"wp","href":"https:\/\/api.w.org\/{rel}","templated":true}]}}