{"id":756,"date":"2018-12-02T23:12:04","date_gmt":"2018-12-02T23:12:04","guid":{"rendered":"https:\/\/jochenhemmleb.com\/web\/?page_id=756"},"modified":"2018-12-02T23:12:34","modified_gmt":"2018-12-02T23:12:34","slug":"berner-alpen-part-1","status":"publish","type":"page","link":"https:\/\/jochenhemmleb.com\/web\/en\/tours-expeditions\/berner-alpen-part-1\/","title":{"rendered":"Berner Alpen &#8211; Part 1"},"content":{"rendered":"<h1>Berner Alpen &#8211; Part 1<\/h1>\n<h2>1994<\/h2>\n<p>In retrospect I have realized how indifferent I had become after the death of my father in early 1994, and what kind of risk I had been willing to take as a result. Gerhard Deigendesch from Munich and I met at the M\u00e4rjelen Lake and hiked along the Aletschgletscher into the heart of the Bernese Alps, each of us carrying 66 lbs. In quick succession we climbed M\u00f6nch, Gro\u00df-Fiescherhorn and Finsteraarhorn, hiked back to the Mittelaletschgletscher and finished with an ascent of Aletschhorn.<\/p>\n<p>After Gerhard had gone on to climb in the Valais Alps, I continued solo: Gro\u00df-Gr\u00fcnhorn (a very emotional experience, during which I felt very close to my father), then in bad visibility to the Ober-M\u00f6nchsjoch (including several unprotected jumps over crevasses \u2013 talk about indifference&#8230;), Hinter-Fiescherhorn \u2013 and as a crowning finale, a solo climb of the Jungfrau.<\/p>\n<p>The last page of my diary from the trip spoke of \u201ca breakthrough holiday\u201d. It was a \u201cconcentration of experience\u201d and my personal way of turning the mixed emotions and grief into positive, creative energy. Yet the certain fatalism with which I had gone into the trip gives it retrospectively, at least in part, the appearance of an act of desperation \u2013 a glimpse of the dark side of adventure.<\/p>\n<div id='gallery-1' class='gallery galleryid-756 gallery-columns-5 gallery-size-thumbnail'><figure class='gallery-item'>\n\t\t\t<div class='gallery-icon landscape'>\n\t\t\t\t<a href='https:\/\/jochenhemmleb.com\/web\/wp-content\/uploads\/2017\/02\/BA_1994_012.jpg'><img loading=\"lazy\" decoding=\"async\" width=\"150\" height=\"150\" src=\"https:\/\/jochenhemmleb.com\/web\/wp-content\/uploads\/2017\/02\/BA_1994_012-150x150.jpg\" class=\"attachment-thumbnail size-thumbnail\" alt=\"\" \/><\/a>\n\t\t\t<\/div><\/figure><figure class='gallery-item'>\n\t\t\t<div class='gallery-icon landscape'>\n\t\t\t\t<a href='https:\/\/jochenhemmleb.com\/web\/wp-content\/uploads\/2017\/02\/BA_1994_013.jpg'><img loading=\"lazy\" decoding=\"async\" width=\"150\" height=\"150\" src=\"https:\/\/jochenhemmleb.com\/web\/wp-content\/uploads\/2017\/02\/BA_1994_013-150x150.jpg\" class=\"attachment-thumbnail size-thumbnail\" alt=\"\" \/><\/a>\n\t\t\t<\/div><\/figure><figure class='gallery-item'>\n\t\t\t<div class='gallery-icon portrait'>\n\t\t\t\t<a href='https:\/\/jochenhemmleb.com\/web\/wp-content\/uploads\/2017\/02\/BA_1994_017.jpg'><img loading=\"lazy\" decoding=\"async\" width=\"150\" height=\"150\" src=\"https:\/\/jochenhemmleb.com\/web\/wp-content\/uploads\/2017\/02\/BA_1994_017-150x150.jpg\" class=\"attachment-thumbnail size-thumbnail\" alt=\"\" \/><\/a>\n\t\t\t<\/div><\/figure><figure class='gallery-item'>\n\t\t\t<div class='gallery-icon landscape'>\n\t\t\t\t<a href='https:\/\/jochenhemmleb.com\/web\/wp-content\/uploads\/2017\/02\/BA_1994_018.jpg'><img loading=\"lazy\" decoding=\"async\" width=\"150\" height=\"150\" src=\"https:\/\/jochenhemmleb.com\/web\/wp-content\/uploads\/2017\/02\/BA_1994_018-150x150.jpg\" class=\"attachment-thumbnail size-thumbnail\" alt=\"\" \/><\/a>\n\t\t\t<\/div><\/figure><figure class='gallery-item'>\n\t\t\t<div class='gallery-icon landscape'>\n\t\t\t\t<a href='https:\/\/jochenhemmleb.com\/web\/wp-content\/uploads\/2017\/02\/BA_1994_020.jpg'><img loading=\"lazy\" decoding=\"async\" width=\"150\" height=\"150\" src=\"https:\/\/jochenhemmleb.com\/web\/wp-content\/uploads\/2017\/02\/BA_1994_020-150x150.jpg\" class=\"attachment-thumbnail size-thumbnail\" alt=\"\" \/><\/a>\n\t\t\t<\/div><\/figure><figure class='gallery-item'>\n\t\t\t<div class='gallery-icon landscape'>\n\t\t\t\t<a href='https:\/\/jochenhemmleb.com\/web\/wp-content\/uploads\/2017\/02\/BA_1994_022.jpg'><img loading=\"lazy\" decoding=\"async\" width=\"150\" height=\"150\" src=\"https:\/\/jochenhemmleb.com\/web\/wp-content\/uploads\/2017\/02\/BA_1994_022-150x150.jpg\" class=\"attachment-thumbnail size-thumbnail\" alt=\"\" \/><\/a>\n\t\t\t<\/div><\/figure><figure class='gallery-item'>\n\t\t\t<div class='gallery-icon portrait'>\n\t\t\t\t<a href='https:\/\/jochenhemmleb.com\/web\/wp-content\/uploads\/2017\/02\/BA_1994_026.jpg'><img loading=\"lazy\" decoding=\"async\" width=\"150\" height=\"150\" src=\"https:\/\/jochenhemmleb.com\/web\/wp-content\/uploads\/2017\/02\/BA_1994_026-150x150.jpg\" class=\"attachment-thumbnail size-thumbnail\" alt=\"\" \/><\/a>\n\t\t\t<\/div><\/figure><figure class='gallery-item'>\n\t\t\t<div class='gallery-icon landscape'>\n\t\t\t\t<a href='https:\/\/jochenhemmleb.com\/web\/wp-content\/uploads\/2017\/02\/BA_1994_027.jpg'><img loading=\"lazy\" decoding=\"async\" width=\"150\" height=\"150\" src=\"https:\/\/jochenhemmleb.com\/web\/wp-content\/uploads\/2017\/02\/BA_1994_027-150x150.jpg\" class=\"attachment-thumbnail size-thumbnail\" alt=\"\" \/><\/a>\n\t\t\t<\/div><\/figure><figure class='gallery-item'>\n\t\t\t<div class='gallery-icon landscape'>\n\t\t\t\t<a href='https:\/\/jochenhemmleb.com\/web\/wp-content\/uploads\/2017\/02\/BA_1994_034.jpg'><img loading=\"lazy\" decoding=\"async\" width=\"150\" height=\"150\" src=\"https:\/\/jochenhemmleb.com\/web\/wp-content\/uploads\/2017\/02\/BA_1994_034-150x150.jpg\" class=\"attachment-thumbnail size-thumbnail\" alt=\"\" \/><\/a>\n\t\t\t<\/div><\/figure><figure class='gallery-item'>\n\t\t\t<div class='gallery-icon portrait'>\n\t\t\t\t<a href='https:\/\/jochenhemmleb.com\/web\/wp-content\/uploads\/2017\/02\/BA_1994_037.jpg'><img loading=\"lazy\" decoding=\"async\" width=\"150\" height=\"150\" src=\"https:\/\/jochenhemmleb.com\/web\/wp-content\/uploads\/2017\/02\/BA_1994_037-150x150.jpg\" class=\"attachment-thumbnail size-thumbnail\" alt=\"\" \/><\/a>\n\t\t\t<\/div><\/figure><figure class='gallery-item'>\n\t\t\t<div class='gallery-icon landscape'>\n\t\t\t\t<a href='https:\/\/jochenhemmleb.com\/web\/wp-content\/uploads\/2017\/02\/BA_1994_038.jpg'><img loading=\"lazy\" decoding=\"async\" width=\"150\" height=\"150\" src=\"https:\/\/jochenhemmleb.com\/web\/wp-content\/uploads\/2017\/02\/BA_1994_038-150x150.jpg\" class=\"attachment-thumbnail size-thumbnail\" alt=\"\" \/><\/a>\n\t\t\t<\/div><\/figure><figure class='gallery-item'>\n\t\t\t<div class='gallery-icon portrait'>\n\t\t\t\t<a href='https:\/\/jochenhemmleb.com\/web\/wp-content\/uploads\/2017\/02\/BA_1994_040.jpg'><img loading=\"lazy\" decoding=\"async\" width=\"150\" height=\"150\" src=\"https:\/\/jochenhemmleb.com\/web\/wp-content\/uploads\/2017\/02\/BA_1994_040-150x150.jpg\" class=\"attachment-thumbnail size-thumbnail\" alt=\"\" \/><\/a>\n\t\t\t<\/div><\/figure><figure class='gallery-item'>\n\t\t\t<div class='gallery-icon landscape'>\n\t\t\t\t<a href='https:\/\/jochenhemmleb.com\/web\/wp-content\/uploads\/2017\/02\/BA_1994_043.jpg'><img loading=\"lazy\" decoding=\"async\" width=\"150\" height=\"150\" src=\"https:\/\/jochenhemmleb.com\/web\/wp-content\/uploads\/2017\/02\/BA_1994_043-150x150.jpg\" class=\"attachment-thumbnail size-thumbnail\" alt=\"\" \/><\/a>\n\t\t\t<\/div><\/figure><figure class='gallery-item'>\n\t\t\t<div class='gallery-icon portrait'>\n\t\t\t\t<a href='https:\/\/jochenhemmleb.com\/web\/wp-content\/uploads\/2017\/02\/BA_1994_046.jpg'><img loading=\"lazy\" decoding=\"async\" width=\"150\" height=\"150\" src=\"https:\/\/jochenhemmleb.com\/web\/wp-content\/uploads\/2017\/02\/BA_1994_046-150x150.jpg\" class=\"attachment-thumbnail size-thumbnail\" alt=\"\" \/><\/a>\n\t\t\t<\/div><\/figure><figure class='gallery-item'>\n\t\t\t<div class='gallery-icon landscape'>\n\t\t\t\t<a href='https:\/\/jochenhemmleb.com\/web\/wp-content\/uploads\/2017\/02\/BA_1994_048.jpg'><img loading=\"lazy\" decoding=\"async\" width=\"150\" height=\"150\" src=\"https:\/\/jochenhemmleb.com\/web\/wp-content\/uploads\/2017\/02\/BA_1994_048-150x150.jpg\" class=\"attachment-thumbnail size-thumbnail\" alt=\"\" \/><\/a>\n\t\t\t<\/div><\/figure><figure class='gallery-item'>\n\t\t\t<div class='gallery-icon landscape'>\n\t\t\t\t<a href='https:\/\/jochenhemmleb.com\/web\/wp-content\/uploads\/2017\/02\/BA_1994_055.jpg'><img loading=\"lazy\" decoding=\"async\" width=\"150\" height=\"150\" src=\"https:\/\/jochenhemmleb.com\/web\/wp-content\/uploads\/2017\/02\/BA_1994_055-150x150.jpg\" class=\"attachment-thumbnail size-thumbnail\" alt=\"\" \/><\/a>\n\t\t\t<\/div><\/figure><figure class='gallery-item'>\n\t\t\t<div class='gallery-icon landscape'>\n\t\t\t\t<a href='https:\/\/jochenhemmleb.com\/web\/wp-content\/uploads\/2017\/02\/BA_1994_056.jpg'><img loading=\"lazy\" decoding=\"async\" width=\"150\" height=\"150\" src=\"https:\/\/jochenhemmleb.com\/web\/wp-content\/uploads\/2017\/02\/BA_1994_056-150x150.jpg\" class=\"attachment-thumbnail size-thumbnail\" alt=\"\" \/><\/a>\n\t\t\t<\/div><\/figure><figure class='gallery-item'>\n\t\t\t<div class='gallery-icon landscape'>\n\t\t\t\t<a href='https:\/\/jochenhemmleb.com\/web\/wp-content\/uploads\/2017\/02\/BA_1994_058.jpg'><img loading=\"lazy\" decoding=\"async\" width=\"150\" height=\"150\" src=\"https:\/\/jochenhemmleb.com\/web\/wp-content\/uploads\/2017\/02\/BA_1994_058-150x150.jpg\" class=\"attachment-thumbnail size-thumbnail\" alt=\"\" \/><\/a>\n\t\t\t<\/div><\/figure><figure class='gallery-item'>\n\t\t\t<div class='gallery-icon landscape'>\n\t\t\t\t<a href='https:\/\/jochenhemmleb.com\/web\/wp-content\/uploads\/2017\/02\/BA_1994_063.jpg'><img loading=\"lazy\" decoding=\"async\" width=\"150\" height=\"150\" src=\"https:\/\/jochenhemmleb.com\/web\/wp-content\/uploads\/2017\/02\/BA_1994_063-150x150.jpg\" class=\"attachment-thumbnail size-thumbnail\" alt=\"\" \/><\/a>\n\t\t\t<\/div><\/figure><figure class='gallery-item'>\n\t\t\t<div class='gallery-icon portrait'>\n\t\t\t\t<a href='https:\/\/jochenhemmleb.com\/web\/wp-content\/uploads\/2017\/02\/BA_1994_065.jpg'><img loading=\"lazy\" decoding=\"async\" width=\"150\" height=\"150\" src=\"https:\/\/jochenhemmleb.com\/web\/wp-content\/uploads\/2017\/02\/BA_1994_065-150x150.jpg\" class=\"attachment-thumbnail size-thumbnail\" alt=\"\" \/><\/a>\n\t\t\t<\/div><\/figure><figure class='gallery-item'>\n\t\t\t<div class='gallery-icon landscape'>\n\t\t\t\t<a href='https:\/\/jochenhemmleb.com\/web\/wp-content\/uploads\/2017\/02\/BA_1994_070.jpg'><img loading=\"lazy\" decoding=\"async\" width=\"150\" height=\"150\" src=\"https:\/\/jochenhemmleb.com\/web\/wp-content\/uploads\/2017\/02\/BA_1994_070-150x150.jpg\" class=\"attachment-thumbnail size-thumbnail\" alt=\"\" \/><\/a>\n\t\t\t<\/div><\/figure><figure class='gallery-item'>\n\t\t\t<div class='gallery-icon portrait'>\n\t\t\t\t<a href='https:\/\/jochenhemmleb.com\/web\/wp-content\/uploads\/2017\/02\/BA_1994_071.jpg'><img loading=\"lazy\" decoding=\"async\" width=\"150\" height=\"150\" src=\"https:\/\/jochenhemmleb.com\/web\/wp-content\/uploads\/2017\/02\/BA_1994_071-150x150.jpg\" class=\"attachment-thumbnail size-thumbnail\" alt=\"\" \/><\/a>\n\t\t\t<\/div><\/figure><figure class='gallery-item'>\n\t\t\t<div class='gallery-icon landscape'>\n\t\t\t\t<a href='https:\/\/jochenhemmleb.com\/web\/wp-content\/uploads\/2017\/02\/BA_1994_075.jpg'><img loading=\"lazy\" decoding=\"async\" width=\"150\" height=\"150\" src=\"https:\/\/jochenhemmleb.com\/web\/wp-content\/uploads\/2017\/02\/BA_1994_075-150x150.jpg\" class=\"attachment-thumbnail size-thumbnail\" alt=\"\" \/><\/a>\n\t\t\t<\/div><\/figure><figure class='gallery-item'>\n\t\t\t<div class='gallery-icon landscape'>\n\t\t\t\t<a href='https:\/\/jochenhemmleb.com\/web\/wp-content\/uploads\/2017\/02\/BA_1994_076.jpg'><img loading=\"lazy\" decoding=\"async\" width=\"150\" height=\"150\" src=\"https:\/\/jochenhemmleb.com\/web\/wp-content\/uploads\/2017\/02\/BA_1994_076-150x150.jpg\" class=\"attachment-thumbnail size-thumbnail\" alt=\"\" \/><\/a>\n\t\t\t<\/div><\/figure><figure class='gallery-item'>\n\t\t\t<div class='gallery-icon landscape'>\n\t\t\t\t<a href='https:\/\/jochenhemmleb.com\/web\/wp-content\/uploads\/2017\/02\/BA_1994_081.jpg'><img loading=\"lazy\" decoding=\"async\" width=\"150\" height=\"150\" src=\"https:\/\/jochenhemmleb.com\/web\/wp-content\/uploads\/2017\/02\/BA_1994_081-150x150.jpg\" class=\"attachment-thumbnail size-thumbnail\" alt=\"\" \/><\/a>\n\t\t\t<\/div><\/figure>\n\t\t<\/div>\n\n","protected":false},"excerpt":{"rendered":"<p>Berner Alpen &#8211; Part 1 1994 In retrospect I have realized how indifferent I had become after the death of my father in early 1994, and what kind of risk I had been willing to take as a result. Gerhard Deigendesch from Munich and I met at the M\u00e4rjelen Lake&hellip; <a href=\"https:\/\/jochenhemmleb.com\/web\/en\/tours-expeditions\/berner-alpen-part-1\/\" class=\"more-link read-more\" rel=\"bookmark\">Continue Reading <span class=\"screen-reader-text\">Berner Alpen &#8211; Part 1<\/span><i class=\"fa fa-arrow-right\"><\/i><\/a><\/p>\n","protected":false},"author":1,"featured_media":0,"parent":680,"menu_order":5,"comment_status":"closed","ping_status":"closed","template":"","meta":{"footnotes":""},"class_list":{"0":"post-756","1":"page","2":"type-page","3":"status-publish","4":"hentry","5":"h-entry","7":"h-as-page"},"_links":{"self":[{"href":"https:\/\/jochenhemmleb.com\/web\/wp-json\/wp\/v2\/pages\/756","targetHints":{"allow":["GET"]}}],"collection":[{"href":"https:\/\/jochenhemmleb.com\/web\/wp-json\/wp\/v2\/pages"}],"about":[{"href":"https:\/\/jochenhemmleb.com\/web\/wp-json\/wp\/v2\/types\/page"}],"author":[{"embeddable":true,"href":"https:\/\/jochenhemmleb.com\/web\/wp-json\/wp\/v2\/users\/1"}],"replies":[{"embeddable":true,"href":"https:\/\/jochenhemmleb.com\/web\/wp-json\/wp\/v2\/comments?post=756"}],"version-history":[{"count":1,"href":"https:\/\/jochenhemmleb.com\/web\/wp-json\/wp\/v2\/pages\/756\/revisions"}],"predecessor-version":[{"id":757,"href":"https:\/\/jochenhemmleb.com\/web\/wp-json\/wp\/v2\/pages\/756\/revisions\/757"}],"up":[{"embeddable":true,"href":"https:\/\/jochenhemmleb.com\/web\/wp-json\/wp\/v2\/pages\/680"}],"wp:attachment":[{"href":"https:\/\/jochenhemmleb.com\/web\/wp-json\/wp\/v2\/media?parent=756"}],"curies":[{"name":"wp","href":"https:\/\/api.w.org\/{rel}","templated":true}]}}