{"id":758,"date":"2018-12-02T23:19:24","date_gmt":"2018-12-02T23:19:24","guid":{"rendered":"https:\/\/jochenhemmleb.com\/web\/?page_id=758"},"modified":"2018-12-02T23:19:24","modified_gmt":"2018-12-02T23:19:24","slug":"berner-alpen-part-2","status":"publish","type":"page","link":"https:\/\/jochenhemmleb.com\/web\/en\/tours-expeditions\/berner-alpen-part-2\/","title":{"rendered":"Berner Alpen &#8211; Part 2"},"content":{"rendered":"<h1>Berner Alpen &#8211; Part 2<\/h1>\n<h2>1994<\/h2>\n<p>In retrospect I have realized how indifferent I had become after the death of my father in early 1994, and what kind of risk I had been willing to take as a result. Gerhard Deigendesch from Munich and I met at the M\u00e4rjelen Lake and hiked along the Aletschgletscher into the heart of the Bernese Alps, each of us carrying 66 lbs. In quick succession we climbed M\u00f6nch, Gro\u00df-Fiescherhorn and Finsteraarhorn, hiked back to the Mittelaletschgletscher and finished with an ascent of Aletschhorn.<\/p>\n<p>After Gerhard had gone on to climb in the Valais Alps, I continued solo: Gro\u00df-Gr\u00fcnhorn (a very emotional experience, during which I felt very close to my father), then in bad visibility to the Ober-M\u00f6nchsjoch (including several unprotected jumps over crevasses \u2013 talk about indifference&#8230;), Hinter-Fiescherhorn \u2013 and as a crowning finale, a solo climb of the Jungfrau.<\/p>\n<p>The last page of my diary from the trip spoke of \u201ca breakthrough holiday\u201d. It was a \u201cconcentration of experience\u201d and my personal way of turning the mixed emotions and grief into positive, creative energy. Yet the certain fatalism with which I had gone into the trip gives it retrospectively, at least in part, the appearance of an act of desperation \u2013 a glimpse of the dark side of adventure&#8230;<\/p>\n<div id='gallery-1' class='gallery galleryid-758 gallery-columns-5 gallery-size-thumbnail'><figure class='gallery-item'>\n\t\t\t<div class='gallery-icon portrait'>\n\t\t\t\t<a href='https:\/\/jochenhemmleb.com\/web\/wp-content\/uploads\/2017\/02\/BA_1994_091.jpg'><img loading=\"lazy\" decoding=\"async\" width=\"150\" height=\"150\" src=\"https:\/\/jochenhemmleb.com\/web\/wp-content\/uploads\/2017\/02\/BA_1994_091-150x150.jpg\" class=\"attachment-thumbnail size-thumbnail\" alt=\"\" \/><\/a>\n\t\t\t<\/div><\/figure><figure class='gallery-item'>\n\t\t\t<div class='gallery-icon landscape'>\n\t\t\t\t<a href='https:\/\/jochenhemmleb.com\/web\/wp-content\/uploads\/2017\/02\/BA_1994_098.jpg'><img loading=\"lazy\" decoding=\"async\" width=\"150\" height=\"150\" src=\"https:\/\/jochenhemmleb.com\/web\/wp-content\/uploads\/2017\/02\/BA_1994_098-150x150.jpg\" class=\"attachment-thumbnail size-thumbnail\" alt=\"\" \/><\/a>\n\t\t\t<\/div><\/figure><figure class='gallery-item'>\n\t\t\t<div class='gallery-icon landscape'>\n\t\t\t\t<a href='https:\/\/jochenhemmleb.com\/web\/wp-content\/uploads\/2017\/02\/BA_1994_100.jpg'><img loading=\"lazy\" decoding=\"async\" width=\"150\" height=\"150\" src=\"https:\/\/jochenhemmleb.com\/web\/wp-content\/uploads\/2017\/02\/BA_1994_100-150x150.jpg\" class=\"attachment-thumbnail size-thumbnail\" alt=\"\" \/><\/a>\n\t\t\t<\/div><\/figure><figure class='gallery-item'>\n\t\t\t<div class='gallery-icon landscape'>\n\t\t\t\t<a href='https:\/\/jochenhemmleb.com\/web\/wp-content\/uploads\/2017\/02\/BA_1994_102.jpg'><img loading=\"lazy\" decoding=\"async\" width=\"150\" height=\"150\" src=\"https:\/\/jochenhemmleb.com\/web\/wp-content\/uploads\/2017\/02\/BA_1994_102-150x150.jpg\" class=\"attachment-thumbnail size-thumbnail\" alt=\"\" \/><\/a>\n\t\t\t<\/div><\/figure><figure class='gallery-item'>\n\t\t\t<div class='gallery-icon landscape'>\n\t\t\t\t<a href='https:\/\/jochenhemmleb.com\/web\/wp-content\/uploads\/2017\/02\/BA_1994_104.jpg'><img loading=\"lazy\" decoding=\"async\" width=\"150\" height=\"150\" src=\"https:\/\/jochenhemmleb.com\/web\/wp-content\/uploads\/2017\/02\/BA_1994_104-150x150.jpg\" class=\"attachment-thumbnail size-thumbnail\" alt=\"\" \/><\/a>\n\t\t\t<\/div><\/figure><figure class='gallery-item'>\n\t\t\t<div class='gallery-icon landscape'>\n\t\t\t\t<a href='https:\/\/jochenhemmleb.com\/web\/wp-content\/uploads\/2017\/02\/BA_1994_118.jpg'><img loading=\"lazy\" decoding=\"async\" width=\"150\" height=\"150\" src=\"https:\/\/jochenhemmleb.com\/web\/wp-content\/uploads\/2017\/02\/BA_1994_118-150x150.jpg\" class=\"attachment-thumbnail size-thumbnail\" alt=\"\" \/><\/a>\n\t\t\t<\/div><\/figure><figure class='gallery-item'>\n\t\t\t<div class='gallery-icon landscape'>\n\t\t\t\t<a href='https:\/\/jochenhemmleb.com\/web\/wp-content\/uploads\/2017\/02\/BA_1994_126.jpg'><img loading=\"lazy\" decoding=\"async\" width=\"150\" height=\"150\" src=\"https:\/\/jochenhemmleb.com\/web\/wp-content\/uploads\/2017\/02\/BA_1994_126-150x150.jpg\" class=\"attachment-thumbnail size-thumbnail\" alt=\"\" \/><\/a>\n\t\t\t<\/div><\/figure><figure class='gallery-item'>\n\t\t\t<div class='gallery-icon portrait'>\n\t\t\t\t<a href='https:\/\/jochenhemmleb.com\/web\/wp-content\/uploads\/2017\/02\/BA_1994_134.jpg'><img loading=\"lazy\" decoding=\"async\" width=\"150\" height=\"150\" src=\"https:\/\/jochenhemmleb.com\/web\/wp-content\/uploads\/2017\/02\/BA_1994_134-150x150.jpg\" class=\"attachment-thumbnail size-thumbnail\" alt=\"\" \/><\/a>\n\t\t\t<\/div><\/figure><figure class='gallery-item'>\n\t\t\t<div class='gallery-icon landscape'>\n\t\t\t\t<a href='https:\/\/jochenhemmleb.com\/web\/wp-content\/uploads\/2017\/02\/BA_1994_141.jpg'><img loading=\"lazy\" decoding=\"async\" width=\"150\" height=\"150\" src=\"https:\/\/jochenhemmleb.com\/web\/wp-content\/uploads\/2017\/02\/BA_1994_141-150x150.jpg\" class=\"attachment-thumbnail size-thumbnail\" alt=\"\" \/><\/a>\n\t\t\t<\/div><\/figure><figure class='gallery-item'>\n\t\t\t<div class='gallery-icon landscape'>\n\t\t\t\t<a href='https:\/\/jochenhemmleb.com\/web\/wp-content\/uploads\/2017\/02\/BA_1994_153.jpg'><img loading=\"lazy\" decoding=\"async\" width=\"150\" height=\"150\" src=\"https:\/\/jochenhemmleb.com\/web\/wp-content\/uploads\/2017\/02\/BA_1994_153-150x150.jpg\" class=\"attachment-thumbnail size-thumbnail\" alt=\"\" \/><\/a>\n\t\t\t<\/div><\/figure><figure class='gallery-item'>\n\t\t\t<div class='gallery-icon landscape'>\n\t\t\t\t<a href='https:\/\/jochenhemmleb.com\/web\/wp-content\/uploads\/2017\/02\/BA_1994_157.jpg'><img loading=\"lazy\" decoding=\"async\" width=\"150\" height=\"150\" src=\"https:\/\/jochenhemmleb.com\/web\/wp-content\/uploads\/2017\/02\/BA_1994_157-150x150.jpg\" class=\"attachment-thumbnail size-thumbnail\" alt=\"\" \/><\/a>\n\t\t\t<\/div><\/figure><figure class='gallery-item'>\n\t\t\t<div class='gallery-icon landscape'>\n\t\t\t\t<a href='https:\/\/jochenhemmleb.com\/web\/wp-content\/uploads\/2017\/02\/BA_1994_160.jpg'><img loading=\"lazy\" decoding=\"async\" width=\"150\" height=\"150\" src=\"https:\/\/jochenhemmleb.com\/web\/wp-content\/uploads\/2017\/02\/BA_1994_160-150x150.jpg\" class=\"attachment-thumbnail size-thumbnail\" alt=\"\" \/><\/a>\n\t\t\t<\/div><\/figure><figure class='gallery-item'>\n\t\t\t<div class='gallery-icon portrait'>\n\t\t\t\t<a href='https:\/\/jochenhemmleb.com\/web\/wp-content\/uploads\/2017\/02\/BA_1994_164.jpg'><img loading=\"lazy\" decoding=\"async\" width=\"150\" height=\"150\" src=\"https:\/\/jochenhemmleb.com\/web\/wp-content\/uploads\/2017\/02\/BA_1994_164-150x150.jpg\" class=\"attachment-thumbnail size-thumbnail\" alt=\"\" \/><\/a>\n\t\t\t<\/div><\/figure><figure class='gallery-item'>\n\t\t\t<div class='gallery-icon portrait'>\n\t\t\t\t<a href='https:\/\/jochenhemmleb.com\/web\/wp-content\/uploads\/2017\/02\/BA_1994_165.jpg'><img loading=\"lazy\" decoding=\"async\" width=\"150\" height=\"150\" src=\"https:\/\/jochenhemmleb.com\/web\/wp-content\/uploads\/2017\/02\/BA_1994_165-150x150.jpg\" class=\"attachment-thumbnail size-thumbnail\" alt=\"\" \/><\/a>\n\t\t\t<\/div><\/figure><figure class='gallery-item'>\n\t\t\t<div class='gallery-icon landscape'>\n\t\t\t\t<a href='https:\/\/jochenhemmleb.com\/web\/wp-content\/uploads\/2017\/02\/BA_1994_166.jpg'><img loading=\"lazy\" decoding=\"async\" width=\"150\" height=\"150\" src=\"https:\/\/jochenhemmleb.com\/web\/wp-content\/uploads\/2017\/02\/BA_1994_166-150x150.jpg\" class=\"attachment-thumbnail size-thumbnail\" alt=\"\" \/><\/a>\n\t\t\t<\/div><\/figure><figure class='gallery-item'>\n\t\t\t<div class='gallery-icon portrait'>\n\t\t\t\t<a href='https:\/\/jochenhemmleb.com\/web\/wp-content\/uploads\/2017\/02\/BA_1994_168.jpg'><img loading=\"lazy\" decoding=\"async\" width=\"150\" height=\"150\" src=\"https:\/\/jochenhemmleb.com\/web\/wp-content\/uploads\/2017\/02\/BA_1994_168-150x150.jpg\" class=\"attachment-thumbnail size-thumbnail\" alt=\"\" \/><\/a>\n\t\t\t<\/div><\/figure><figure class='gallery-item'>\n\t\t\t<div class='gallery-icon landscape'>\n\t\t\t\t<a href='https:\/\/jochenhemmleb.com\/web\/wp-content\/uploads\/2017\/02\/BA_1994_170.jpg'><img loading=\"lazy\" decoding=\"async\" width=\"150\" height=\"150\" src=\"https:\/\/jochenhemmleb.com\/web\/wp-content\/uploads\/2017\/02\/BA_1994_170-150x150.jpg\" class=\"attachment-thumbnail size-thumbnail\" alt=\"\" \/><\/a>\n\t\t\t<\/div><\/figure><figure class='gallery-item'>\n\t\t\t<div class='gallery-icon landscape'>\n\t\t\t\t<a href='https:\/\/jochenhemmleb.com\/web\/wp-content\/uploads\/2017\/02\/BA_1994_171.jpg'><img loading=\"lazy\" decoding=\"async\" width=\"150\" height=\"150\" src=\"https:\/\/jochenhemmleb.com\/web\/wp-content\/uploads\/2017\/02\/BA_1994_171-150x150.jpg\" class=\"attachment-thumbnail size-thumbnail\" alt=\"\" \/><\/a>\n\t\t\t<\/div><\/figure><figure class='gallery-item'>\n\t\t\t<div class='gallery-icon landscape'>\n\t\t\t\t<a href='https:\/\/jochenhemmleb.com\/web\/wp-content\/uploads\/2017\/02\/BA_1994_172.jpg'><img loading=\"lazy\" decoding=\"async\" width=\"150\" height=\"150\" src=\"https:\/\/jochenhemmleb.com\/web\/wp-content\/uploads\/2017\/02\/BA_1994_172-150x150.jpg\" class=\"attachment-thumbnail size-thumbnail\" alt=\"\" \/><\/a>\n\t\t\t<\/div><\/figure><figure class='gallery-item'>\n\t\t\t<div class='gallery-icon landscape'>\n\t\t\t\t<a href='https:\/\/jochenhemmleb.com\/web\/wp-content\/uploads\/2017\/02\/BA_1994_173.jpg'><img loading=\"lazy\" decoding=\"async\" width=\"150\" height=\"150\" src=\"https:\/\/jochenhemmleb.com\/web\/wp-content\/uploads\/2017\/02\/BA_1994_173-150x150.jpg\" class=\"attachment-thumbnail size-thumbnail\" alt=\"\" \/><\/a>\n\t\t\t<\/div><\/figure>\n\t\t<\/div>\n\n","protected":false},"excerpt":{"rendered":"<p>Berner Alpen &#8211; Part 2 1994 In retrospect I have realized how indifferent I had become after the death of my father in early 1994, and what kind of risk I had been willing to take as a result. Gerhard Deigendesch from Munich and I met at the M\u00e4rjelen Lake&hellip; <a href=\"https:\/\/jochenhemmleb.com\/web\/en\/tours-expeditions\/berner-alpen-part-2\/\" class=\"more-link read-more\" rel=\"bookmark\">Continue Reading <span class=\"screen-reader-text\">Berner Alpen &#8211; Part 2<\/span><i class=\"fa fa-arrow-right\"><\/i><\/a><\/p>\n","protected":false},"author":1,"featured_media":0,"parent":680,"menu_order":6,"comment_status":"closed","ping_status":"closed","template":"","meta":{"footnotes":""},"class_list":{"0":"post-758","1":"page","2":"type-page","3":"status-publish","4":"hentry","5":"h-entry","7":"h-as-page"},"_links":{"self":[{"href":"https:\/\/jochenhemmleb.com\/web\/wp-json\/wp\/v2\/pages\/758","targetHints":{"allow":["GET"]}}],"collection":[{"href":"https:\/\/jochenhemmleb.com\/web\/wp-json\/wp\/v2\/pages"}],"about":[{"href":"https:\/\/jochenhemmleb.com\/web\/wp-json\/wp\/v2\/types\/page"}],"author":[{"embeddable":true,"href":"https:\/\/jochenhemmleb.com\/web\/wp-json\/wp\/v2\/users\/1"}],"replies":[{"embeddable":true,"href":"https:\/\/jochenhemmleb.com\/web\/wp-json\/wp\/v2\/comments?post=758"}],"version-history":[{"count":1,"href":"https:\/\/jochenhemmleb.com\/web\/wp-json\/wp\/v2\/pages\/758\/revisions"}],"predecessor-version":[{"id":759,"href":"https:\/\/jochenhemmleb.com\/web\/wp-json\/wp\/v2\/pages\/758\/revisions\/759"}],"up":[{"embeddable":true,"href":"https:\/\/jochenhemmleb.com\/web\/wp-json\/wp\/v2\/pages\/680"}],"wp:attachment":[{"href":"https:\/\/jochenhemmleb.com\/web\/wp-json\/wp\/v2\/media?parent=758"}],"curies":[{"name":"wp","href":"https:\/\/api.w.org\/{rel}","templated":true}]}}