{"id":76,"date":"2017-02-14T19:37:21","date_gmt":"2017-02-14T19:37:21","guid":{"rendered":"http:\/\/jochenhemmleb.com\/web\/?page_id=76"},"modified":"2024-05-13T22:47:24","modified_gmt":"2024-05-13T22:47:24","slug":"5-juni-1924","status":"publish","type":"page","link":"https:\/\/jochenhemmleb.com\/web\/mallory-irvine\/5-juni-1924\/","title":{"rendered":"5. Juni 1924"},"content":{"rendered":"\n<ul class=\"wp-block-list\">\n<li>Mallory, Irvine &amp; Odell in Lager 4, Vorbereitungen auf den letzten Gipfelversuch (Norton 4, S. 124).<\/li>\n\n\n\n<li>Hazard + 5 Tr\u00e4ger von Lager 3 nach Lager 4, Aufbruch 11.00., Ankunft 14:30 (Hazard 16.00) (L3 &amp; L4 Logb\u00fccher ; Norton 4, S. 117 &amp; 124); der Transport von Sauerstoffflaschen durch diese Tr\u00e4ger wird im Logbuch von Lager 4 explizit erw\u00e4hnt<\/li>\n\n\n\n<li>Abstieg Somervells am Nachmittag von L 4 to L 3 , Ankunft 17.30; am n\u00e4chsten Tag ins Basislager (BC) (L3 Logbuch; Norton 4, ibid.).<\/li>\n<\/ul>\n\n\n\n<p class=\"has-text-align-left\">An diesem Tag schickte Geoffrey Bruce folgende Notiz von Lager 3 nach Lager 4, welche 1999 bei Mallorys Leiche gefunden wurde:<\/p>\n\n\n\n<p class=\"has-text-align-center\">~ ~ ~<\/p>\n\n\n\n<p><em>Dear Mallory,<\/em><\/p>\n\n\n\n<p class=\"has-text-align-left\"><em>Herewith 2 tins Bully Beef, 2 tins Bovril, 1 tin Meta, 1 tongue, 1 tin Foie, + 1 tin Biscuits<br>Also 1 tin Mixed Petrol &amp; Oil from dump.<br>The porters have instruction to pick up the oxygen cylinders put aside by you at the dump.<br>For coolies: 1 tin Biscuits, 1 lb. Salt<br>Let us know developments as soon as you can. Hazard is off to the Base today!<br>Hingston, Noel, &amp; I are ready for any emergency.<br>Do you want me up yet? I think I could manage to do a bit, though my heart is undoubtedly a bit \u201dworky\u201d.<\/em><\/p>\n\n\n\n<p class=\"has-text-align-left\"><em>&nbsp; &nbsp;<\/em><em>Yours<br>Geoffrey Bruce<\/em><\/p>\n\n\n\n<p class=\"has-text-align-center\">~ ~ ~<\/p>\n\n\n\n<p class=\"has-text-align-left\"><em>Werter Mallory,<\/em><\/p>\n\n\n\n<p class=\"has-text-align-left\"><em>Anbei 2 Dosen Rindfleisch, 2 Dosen Bovril <\/em>[Fleischextrakt]<em>, 1 Dose Meta <\/em>[Trockenspiritus]<em>, 1 Dose Zunge, 1 Dose Foie <\/em>[G\u00e4nseleberpastete] <em>+ 1 Dose Kekse.<\/em><br><em>Zudem 1 Dose Zweitaktgemisch <\/em>[Benzin &amp; \u00d6l]<em> aus dem Depot.<\/em><br><em>Die Tr\u00e4ger haben Anweisungen, die Sauerstoffflaschen mitzunehmen, die Sie aus dem Depot beiseite gelegt haben.<\/em><br><em>F\u00fcr die Tr\u00e4ger: 1 Dose Kekse, 1 Pfund Salz<\/em><br><em>Lassen Sie uns baldm\u00f6glichst wissen, wie es weitergeht. Hazard steigt heute ins Basislager ab!<\/em><br><em>Hingston, Noel &amp; ich stehen f\u00fcr jegliche Notf\u00e4lle bereit.<\/em><br><em>Wollen Sie, dass ich jetzt schon aufsteige? Ich denke, dass ich ein wenig tun kann, obwohl mein Herz zweifelsohne etwas &#8220;\u00fcberarbeitet&#8221; ist.<\/em><\/p>\n\n\n\n<p><em>Ihr<\/em><br><em>Geoffrey Bruce<\/em><\/p>\n\n\n\n<p class=\"has-text-align-center\"><em>~ ~ ~<\/em><\/p>\n\n\n\n<p>Da die Notiz den Vermerk <em>&#8220;Lager III, 5. Juni&#8221; <\/em>tr\u00e4gt, muss sie am selben Tag von Hazard mit den angeforderten Vorr\u00e4ten hainaufgebracht worden sein.<\/p>\n\n\n\n<p>Die Bemerkung &#8220;Hazard steigt heute ins Basislager ab&#8221; bezieht sich auf den Originalplan, bevor Hazard am Morgen des 5. Juni aufgefordert wurde, wieder ins Lager 4 aufzusteigen.<\/p>\n\n\n\n<p>Bruces Bemerkung \u00fcber den Zustand seines Herzens bezieht sich auf die Nachwirkungen seiner Anstrengungen beim Lastentransport ins Lager 5 w\u00e4hrend des Versuchs mit Mallory am 1. Juni.<\/p>\n\n\n\n<p>Wetter an diesem Tag: <em>&#8220;Ein strahlender Tag mit einer H\u00f6chsttemperatur von 105\u00b0F <\/em>[40,6\u00b0C]<em>, obwohl die Lufttemperatur nie \u00fcber den Gefrierpunkt stieg.&#8221; <\/em>(Norton 4, S. 124)<\/p>\n","protected":false},"excerpt":{"rendered":"<p>An diesem Tag schickte Geoffrey Bruce folgende Notiz von Lager 3 nach Lager 4, welche 1999 bei Mallorys Leiche gefunden wurde: ~ ~ ~ Dear Mallory, Herewith 2 tins Bully Beef, 2 tins Bovril, 1 tin Meta, 1 tongue, 1 tin Foie, + 1 tin BiscuitsAlso 1 tin Mixed Petrol&hellip; <a href=\"https:\/\/jochenhemmleb.com\/web\/mallory-irvine\/5-juni-1924\/\" class=\"more-link read-more\" rel=\"bookmark\">Continue Reading <span class=\"screen-reader-text\">5. Juni 1924<\/span><i class=\"fa fa-arrow-right\"><\/i><\/a><\/p>\n","protected":false},"author":1,"featured_media":0,"parent":11,"menu_order":1,"comment_status":"closed","ping_status":"closed","template":"","meta":{"footnotes":""},"class_list":{"0":"post-76","1":"page","2":"type-page","3":"status-publish","4":"hentry","5":"h-entry","7":"h-as-page"},"_links":{"self":[{"href":"https:\/\/jochenhemmleb.com\/web\/wp-json\/wp\/v2\/pages\/76","targetHints":{"allow":["GET"]}}],"collection":[{"href":"https:\/\/jochenhemmleb.com\/web\/wp-json\/wp\/v2\/pages"}],"about":[{"href":"https:\/\/jochenhemmleb.com\/web\/wp-json\/wp\/v2\/types\/page"}],"author":[{"embeddable":true,"href":"https:\/\/jochenhemmleb.com\/web\/wp-json\/wp\/v2\/users\/1"}],"replies":[{"embeddable":true,"href":"https:\/\/jochenhemmleb.com\/web\/wp-json\/wp\/v2\/comments?post=76"}],"version-history":[{"count":2,"href":"https:\/\/jochenhemmleb.com\/web\/wp-json\/wp\/v2\/pages\/76\/revisions"}],"predecessor-version":[{"id":784,"href":"https:\/\/jochenhemmleb.com\/web\/wp-json\/wp\/v2\/pages\/76\/revisions\/784"}],"up":[{"embeddable":true,"href":"https:\/\/jochenhemmleb.com\/web\/wp-json\/wp\/v2\/pages\/11"}],"wp:attachment":[{"href":"https:\/\/jochenhemmleb.com\/web\/wp-json\/wp\/v2\/media?parent=76"}],"curies":[{"name":"wp","href":"https:\/\/api.w.org\/{rel}","templated":true}]}}