{"id":776,"date":"2018-12-03T13:30:06","date_gmt":"2018-12-03T13:30:06","guid":{"rendered":"https:\/\/jochenhemmleb.com\/web\/?page_id=776"},"modified":"2018-12-03T13:48:57","modified_gmt":"2018-12-03T13:48:57","slug":"kommentar-zur-mallorys-ausruestungsliste","status":"publish","type":"page","link":"https:\/\/jochenhemmleb.com\/web\/mallory-irvine\/7-juni-1924\/kommentar-zur-mallorys-ausruestungsliste\/","title":{"rendered":"Kommentar zur Mallorys Ausr\u00fcstungsliste"},"content":{"rendered":"<p>Weitere Einsichten in Mallorys Planungen f\u00fcr den Gipfelaufstieg liefert eine Liste von Proviant und Ausr\u00fcstung, die 1999 bei seiner Leiche gefunden wurde.<\/p>\n<figure id=\"attachment_775\" aria-describedby=\"caption-attachment-775\" style=\"width: 300px\" class=\"wp-caption alignleft\"><a href=\"https:\/\/jochenhemmleb.com\/web\/wp-content\/uploads\/2018\/12\/GLM_DOC_025.jpeg\"><img loading=\"lazy\" decoding=\"async\" class=\"size-medium wp-image-775\" src=\"https:\/\/jochenhemmleb.com\/web\/wp-content\/uploads\/2018\/12\/GLM_DOC_025-300x197.jpeg\" alt=\"Mallorys Ausr\u00fcstungsliste\" width=\"300\" height=\"197\" srcset=\"https:\/\/jochenhemmleb.com\/web\/wp-content\/uploads\/2018\/12\/GLM_DOC_025-300x197.jpeg 300w, https:\/\/jochenhemmleb.com\/web\/wp-content\/uploads\/2018\/12\/GLM_DOC_025-768x505.jpeg 768w, https:\/\/jochenhemmleb.com\/web\/wp-content\/uploads\/2018\/12\/GLM_DOC_025-1024x673.jpeg 1024w, https:\/\/jochenhemmleb.com\/web\/wp-content\/uploads\/2018\/12\/GLM_DOC_025.jpeg 1280w\" sizes=\"auto, (max-width: 300px) 100vw, 300px\" \/><\/a><figcaption id=\"caption-attachment-775\" class=\"wp-caption-text\">Mallorys Ausr\u00fcstungsliste<\/figcaption><\/figure>\n<p>Die Liste enth\u00e4lt eine halbe Zeltstange, was belegt, dass Mallory wusste, dass Somervell eine solche als Ersatz f\u00fcr seinen verlorenen Eispickel aus L6 mitgenommen hatte (Norton 4, S. 114). Dies datiert die Liste auf einen Zeitpunkt nach dem Abend des 4. Juni, an dem Norton &amp; Somervell von ihrem Versuch zur\u00fcckgekehrt waren.<\/p>\n<p>Die H\u00e4lfte der \u00fcbrigen Liste ist eine detaillierte Aufz\u00e4hlung von Proviant, den Mallorys Tr\u00e4ger aus L4 mitnahmen bzw. der in L5 und L6 bereits vorhanden war. Mallory scheint diese Liste sorgf\u00e4ltig aus anderen Notizen zusammengestellt zu haben, um m\u00f6glichst wenig mitf\u00fchren zu m\u00fcssen und eine m\u00f6glichst hohe Transportkapazit\u00e4t f\u00fcr Sauerstoffflaschen zur Verf\u00fcgung zu haben (wie es Norton4, S. 166, best\u00e4tigt; siehe 3.2.) &#8211; und wie bereits zuvor erw\u00e4hnt, enth\u00e4lt die Liste 3&#215;2 Sauerstoffflaschen.<\/p>\n<p>Ein r\u00e4tselhafter Aspekt von Mallorys Ausr\u00fcstungsliste ist das Beinhalten von 1 Tr\u00e4ger (coolie)- und 2 Bergsteiger (sahib)-Schlafs\u00e4cken plus Isoliermatten. Den diversen Aufzeichnungen zufolge wurde L5 am 1. Juni von Mallory &amp; Bruces Gruppe mit 2 Bergsteiger-Schlafs\u00e4cken und einer ausreichenden Anzahl Tr\u00e4ger-Schlafs\u00e4cken best\u00fcckt; die f\u00fcr L6 ben\u00f6tigten 2 Bergsteiger-Schlafs\u00e4cke wurden am folgenden Tag von Norton &amp; Sommervells Gruppe mintgef\u00fchrt. Damit waren vor Mallory &amp; Irvines Gipfelversuch L5 und L6 mit einer ausreichenden Zahl Bergsteiger- und Tr\u00e4ger-Schlafs\u00e4cke ausgestattet. Warum also f\u00fchrte Mallory &amp; Irvines Gruppe dann einen weiteren Tr\u00e4ger- und 2 Bergsteiger-Schlafs\u00e4cke mit?<\/p>\n<p>Eine m\u00f6gliche Erkl\u00e4rung f\u00fcr den Tr\u00e4ger-Schlafsack ist, dass einer der Schlafs\u00e4cke in L5 bei dem Steinschlagunfall am Nachmittag des 2. Juni besch\u00e4digt wurde, von dem Norton 4 (S. 106) berichtet. Dies wird sehr vage durch die Tatsache gest\u00fctzt, dass auf Mallorys Ausr\u00fcstungsliste der Tr\u00e4ger-Schlafsack vor den Proviantrationen der Tr\u00e4ger gef\u00fchrt wird und somit ein Teil der von den Tr\u00e4gern ben\u00f6tigten Dinge ist (und nicht etwa zum Inventar der Bergsteiger hinzugef\u00fcgt wurde).<\/p>\n<p>Einer der beiden Bergsteiger-Schlafs\u00e4cke wurde m\u00f6glicherweise als Ersatz f\u00fcr Nortons Schlafsack in L6 ben\u00f6tigt, welcher durch eine leckende Thermosflasche feucht geworden war \u2013 aber dies l\u00e4\u00dft immer noch einen zus\u00e4tzlichen Bergsteiger-Schlafsack unerkl\u00e4rt (f\u00fcr eine entfernte, aber m\u00f6glicherweise aufsehenerregende Erkl\u00e4rungsm\u00f6glichkeit siehe <a href=\"https:\/\/jochenhemmleb.com\/web\/mallory-irvine\/wo-ist-andrew-irvine\/\"><em>Wo ist Andrew Irvine?<\/em><\/a>)<\/p>\n","protected":false},"excerpt":{"rendered":"<p>Weitere Einsichten in Mallorys Planungen f\u00fcr den Gipfelaufstieg liefert eine Liste von Proviant und Ausr\u00fcstung, die 1999 bei seiner Leiche gefunden wurde. Die Liste enth\u00e4lt eine halbe Zeltstange, was belegt, dass Mallory wusste, dass Somervell eine solche als Ersatz f\u00fcr seinen verlorenen Eispickel aus L6 mitgenommen hatte (Norton 4, S.&hellip; <a href=\"https:\/\/jochenhemmleb.com\/web\/mallory-irvine\/7-juni-1924\/kommentar-zur-mallorys-ausruestungsliste\/\" class=\"more-link read-more\" rel=\"bookmark\">Continue Reading <span class=\"screen-reader-text\">Kommentar zur Mallorys Ausr\u00fcstungsliste<\/span><i class=\"fa fa-arrow-right\"><\/i><\/a><\/p>\n","protected":false},"author":1,"featured_media":0,"parent":85,"menu_order":4,"comment_status":"closed","ping_status":"closed","template":"","meta":{"footnotes":""},"class_list":{"0":"post-776","1":"page","2":"type-page","3":"status-publish","4":"hentry","5":"h-entry","7":"h-as-page"},"_links":{"self":[{"href":"https:\/\/jochenhemmleb.com\/web\/wp-json\/wp\/v2\/pages\/776","targetHints":{"allow":["GET"]}}],"collection":[{"href":"https:\/\/jochenhemmleb.com\/web\/wp-json\/wp\/v2\/pages"}],"about":[{"href":"https:\/\/jochenhemmleb.com\/web\/wp-json\/wp\/v2\/types\/page"}],"author":[{"embeddable":true,"href":"https:\/\/jochenhemmleb.com\/web\/wp-json\/wp\/v2\/users\/1"}],"replies":[{"embeddable":true,"href":"https:\/\/jochenhemmleb.com\/web\/wp-json\/wp\/v2\/comments?post=776"}],"version-history":[{"count":2,"href":"https:\/\/jochenhemmleb.com\/web\/wp-json\/wp\/v2\/pages\/776\/revisions"}],"predecessor-version":[{"id":780,"href":"https:\/\/jochenhemmleb.com\/web\/wp-json\/wp\/v2\/pages\/776\/revisions\/780"}],"up":[{"embeddable":true,"href":"https:\/\/jochenhemmleb.com\/web\/wp-json\/wp\/v2\/pages\/85"}],"wp:attachment":[{"href":"https:\/\/jochenhemmleb.com\/web\/wp-json\/wp\/v2\/media?parent=776"}],"curies":[{"name":"wp","href":"https:\/\/api.w.org\/{rel}","templated":true}]}}