{"id":83,"date":"2017-02-14T20:20:54","date_gmt":"2017-02-14T20:20:54","guid":{"rendered":"http:\/\/jochenhemmleb.com\/web\/?page_id=83"},"modified":"2017-02-14T20:20:54","modified_gmt":"2017-02-14T20:20:54","slug":"6-juni-1924","status":"publish","type":"page","link":"https:\/\/jochenhemmleb.com\/web\/mallory-irvine\/6-juni-1924\/","title":{"rendered":"6. Juni 1924"},"content":{"rendered":"<ul>\n<li><strong>Mallory &amp; Irvine + 8 Tr\u00e4ger<\/strong>\u00a0(Norton 4, S. 125; Norton 1 erw\u00e4hnt zun\u00e4chst nur 5, sp\u00e4ter 9, S.. 222 &amp; 232f.)\u00a0<strong>von L 4 nach C 5, Aufbruch 8.40<\/strong>\u00a0(Norton 4, S. 125; kein Eintrag im L4 Logbuch!), verwenden Flaschensauerstoff.<\/li>\n<\/ul>\n<p>Pers\u00f6nliches Gep\u00e4ck &#8220;umfasste das modifizierte Sauerstoffger\u00e4t mit nur zwei Flaschen und einigen weiteren kleineren Gegenst\u00e4nden wie Verpackungsmaterial und eine Essensration f\u00fcr einen Tag, zusammen nicht mehr als vielleicht 25 Pfund.&#8221; Die Lasten der Tr\u00e4ger enthielten der Beschreibung nach Schlafs\u00e4cke und Isoliermatten, Vorr\u00e4te und weitere Sauerstoffflaschen (Norton 4, S. 125).<\/p>\n<p><strong>4 Tr\u00e4ger kehren kurz nach 17.00 aus L 5 zur\u00fcck<\/strong>\u00a0(Norton 4, S. 125) und berichten, dass Mallory &amp; Irvine &#8220;gut vorankommen&#8221; (Odell, S. 266; Norton 3, S. 13). Sie \u00fcberbringen eine Notiz von Mallory an Odell:<\/p>\n<p style=\"text-align: center;\">~~~<\/p>\n<p><em>Dear Odell<\/em><\/p>\n<p><em>Here with Ang Tenjin Tewang Nimija Dareda<br \/>\nThe first is anxious to go down to III &amp; as he has done well I should be glad if you could let him go.<br \/>\nThe provision rucksack which he carries has been pretty well gone through by us.<br \/>\nNo wind here &amp; things look hopeful.<br \/>\nG.M<\/em><\/p>\n<p style=\"text-align: center;\">~~~<\/p>\n<p><em>Werter Odell,<\/em><\/p>\n<p><em>hier gemeinsam mit Ang Tenjin, Tewang, Nimija, Dareda.<\/em><br \/>\n<em>Ersterer dr\u00e4ngt darauf, nach <\/em>[Lager] <em>III abzusteigen &amp; und da er seine Sache gut gemacht hat, w\u00e4re ich dankbar, Sie lie\u00dfen ihn gehen.<\/em><br \/>\n<em>Den Rucksack mit den Vorr\u00e4ten, den er tr\u00e4gt, sind wir gr\u00fcndlich durchgegangen.<\/em><br \/>\n<em>Kein Wind hier oben &amp; die Dinge schauen hoffnungsvoll aus.<\/em><br \/>\n<em>G.M.<\/em><\/p>\n<p style=\"text-align: center;\"><em>~ ~ ~<\/em><\/p>\n<p>Die relativ sp\u00e4te R\u00fcckkehr der Tr\u00e4ger zeigt, dass die Aufstiegszeit der Seilschaft vergleichbar mit jener des ersten Versuchs von Mallory &amp; Bruce am 1. Juni gewesen sein muss, die mit 8 Tr\u00e4gern um 8.30 Uhr von Lager 4 aufbrachen (Irvine, S. 109; L4 Logbuch vermerkt 6:10 a.m., m\u00f6glicherweise schlecht lesbar und tats\u00e4chlich 8:10 a.m.). F\u00fcnf der Tr\u00e4ger kehrten am Nachmittag ins Lager 4 zur\u00fcck (Irvine, S. 109; Norton 4, S. 97).<\/p>\n<p>Norton gibt <strong>5h 10min<\/strong> als durchschnittliche Aufstiegszeit von L 4 nach L 5 an, basierend auf 3 Angaben von Aufstiegszeiten (vermutlich von Norton &amp; Somervell und 2x Odell, or 1x Odell and Mallory &amp; Bruce), und\u00a0<strong>1h 35min<\/strong>\u00a0als durchschnittliche Zeit f\u00fcr den Abstieg, basierend auf 2 Angaben von Abstiegszeiten (vermutlich von Norton &amp; Somervell und Odell).<\/p>\n<p>Sollten Mallory &amp; Irvine durchschnittlich 5 Stunden f\u00fcr den Aufstieg von L 4 nach L 5 ben\u00f6tigt haben und dort gegen 14 Uhr eingetroffen sein, und nimmt man 2 Stunden f\u00fcr den Abstieg der Tr\u00e4ger bis zu deren Ankunft kurz nach 17 Uhr in L 4 an, ergibt sich daraus ein sehr plausibles Szenario mit einem etwa 1-st\u00fcndigen Aufenthalt der Tr\u00e4ger in L 5.<\/p>\n<p>Im Gegensatz dazu w\u00fcrde eine angenommene schnellere Aufstiegszeit von Mallorys Seilschaft automatisch einen ungew\u00f6hnlich langen Aufenthalt der Tr\u00e4ger im L 5 bedeuten, da ihre sp\u00e4te R\u00fcckkehr ins L 4 ja bekannt ist.<\/p>\n<p><strong>Die Bedeutung dieses Sachverhalts f\u00fcr die Rekonstruktion des letzten Anstiegs von Mallory &amp; Irvine wird im Abschnitt \u00fcber die Ereignisse vom 7. Juni n\u00e4her erl\u00e4utert (siehe 3.)<\/strong><\/p>\n<ul>\n<li><strong>Hingston + 2 Tr\u00e4ger (Nima Tundrup, Chutin) von L 3 ins L 4, Ankunft 10.30<\/strong>\u00a0(Norton 4, S. 118; Odell verzeichnet 9:45, ibid., S. 125; L3 Logbuch vermerkt 5:30 a.m., m\u00f6glicherweise schlecht lesbar, tats\u00e4chlich 9:30 a.m.),\u00a0<strong>geleiten Norton hinab ins L 3, assistiert von Hazard bis zum oberen Ende des Eiskamins. Seilschaft kehrt 17 Uhr ins L 3 zur\u00fcck<\/strong>\u00a0(Norton 4, S. 119; L3 Logbuch vermerkt 16 Uhr).<\/li>\n<\/ul>\n<p>Wetter an diesem Tag: <em>&#8220;Zwar ein strahlender Morgen, aber sehr wolkig am Nachmittag und sogar ein wenig Schneefall am Abend.&#8221; <\/em>(Norton 4, S. 125)<\/p>\n<p>Kein Wind in L 5 (Mallorys Notiz an Odell, s.o.).<\/p>\n","protected":false},"excerpt":{"rendered":"<p>Mallory &amp; Irvine + 8 Tr\u00e4ger\u00a0(Norton 4, S. 125; Norton 1 erw\u00e4hnt zun\u00e4chst nur 5, sp\u00e4ter 9, S.. 222 &amp; 232f.)\u00a0von L 4 nach C 5, Aufbruch 8.40\u00a0(Norton 4, S. 125; kein Eintrag im L4 Logbuch!), verwenden Flaschensauerstoff. Pers\u00f6nliches Gep\u00e4ck &#8220;umfasste das modifizierte Sauerstoffger\u00e4t mit nur zwei Flaschen und einigen&hellip; <a href=\"https:\/\/jochenhemmleb.com\/web\/mallory-irvine\/6-juni-1924\/\" class=\"more-link read-more\" rel=\"bookmark\">Continue Reading <span class=\"screen-reader-text\">6. Juni 1924<\/span><i class=\"fa fa-arrow-right\"><\/i><\/a><\/p>\n","protected":false},"author":1,"featured_media":0,"parent":11,"menu_order":2,"comment_status":"closed","ping_status":"closed","template":"","meta":{"footnotes":""},"class_list":{"0":"post-83","1":"page","2":"type-page","3":"status-publish","4":"hentry","5":"h-entry","7":"h-as-page"},"_links":{"self":[{"href":"https:\/\/jochenhemmleb.com\/web\/wp-json\/wp\/v2\/pages\/83","targetHints":{"allow":["GET"]}}],"collection":[{"href":"https:\/\/jochenhemmleb.com\/web\/wp-json\/wp\/v2\/pages"}],"about":[{"href":"https:\/\/jochenhemmleb.com\/web\/wp-json\/wp\/v2\/types\/page"}],"author":[{"embeddable":true,"href":"https:\/\/jochenhemmleb.com\/web\/wp-json\/wp\/v2\/users\/1"}],"replies":[{"embeddable":true,"href":"https:\/\/jochenhemmleb.com\/web\/wp-json\/wp\/v2\/comments?post=83"}],"version-history":[{"count":1,"href":"https:\/\/jochenhemmleb.com\/web\/wp-json\/wp\/v2\/pages\/83\/revisions"}],"predecessor-version":[{"id":84,"href":"https:\/\/jochenhemmleb.com\/web\/wp-json\/wp\/v2\/pages\/83\/revisions\/84"}],"up":[{"embeddable":true,"href":"https:\/\/jochenhemmleb.com\/web\/wp-json\/wp\/v2\/pages\/11"}],"wp:attachment":[{"href":"https:\/\/jochenhemmleb.com\/web\/wp-json\/wp\/v2\/media?parent=83"}],"curies":[{"name":"wp","href":"https:\/\/api.w.org\/{rel}","templated":true}]}}