{"id":839,"date":"2024-05-16T18:35:35","date_gmt":"2024-05-16T18:35:35","guid":{"rendered":"https:\/\/jochenhemmleb.com\/web\/?page_id=839"},"modified":"2024-05-16T18:35:35","modified_gmt":"2024-05-16T18:35:35","slug":"spuren-am-everest","status":"publish","type":"page","link":"https:\/\/jochenhemmleb.com\/web\/","title":{"rendered":"Spuren am Everest"},"content":{"rendered":"\n<h2 class=\"wp-block-heading\">Das R\u00e4tsel um Mallory und Irvine<\/h2>\n\n\n<div class=\"wp-block-image\">\n<figure class=\"alignleft size-full is-resized\"><img loading=\"lazy\" decoding=\"async\" width=\"300\" height=\"420\" src=\"https:\/\/jochenhemmleb.com\/web\/wp-content\/uploads\/2024\/05\/Spuren-am-Everest.jpg\" alt=\"\" class=\"wp-image-841\" style=\"width:211px;height:auto\" srcset=\"https:\/\/jochenhemmleb.com\/web\/wp-content\/uploads\/2024\/05\/Spuren-am-Everest.jpg 300w, https:\/\/jochenhemmleb.com\/web\/wp-content\/uploads\/2024\/05\/Spuren-am-Everest-214x300.jpg 214w\" sizes=\"auto, (max-width: 300px) 100vw, 300px\" \/><\/figure><\/div>\n\n\n<p>Ein Buch \u00fcber das Verschwinden von Mallory und Irvine am Everest ver\u00e4ndert 1987 das Leben von Jochen Hemmleb. In den folgenden Jahrzehnten begibt sich der heutige Autor und passionierte Bergg\u00e4nger auf Spurensuche. Was war 1924 passiert? Haben Mallory und Irvine damals schon den Gipfel erreicht? Dabei wird die Suche nach Antworten f\u00fcr Jochen Hemmleb zu einer Richtschnur f\u00fcr seinen gesamten Lebensweg. <\/p>\n\n\n\n<p>Als der Engl\u00e4nder George Mallory 1921 zum ersten Mal den Mount Everest erblickt, wird das Erlebnis den Rest seines Lebens bestimmen, bis er am 8. Juni 1924 mit seinem Partner Andrew Irvine Nahe des Gipfels im Nebel verschwindet. Dreiundsechzig Jahre sp\u00e4ter liest der damals 16-j\u00e4hrige Jochen Hemmleb ein Buch \u00fcber das Verschwinden von Mallory und Irvine &#8211; und ihn \u00fcberkommt das untr\u00fcgliche Gef\u00fchl, dass diese Geschichte sein Leben ver\u00e4ndern wird&#8230; <\/p>\n\n\n\n<p>Ausgehend von beiden Schl\u00fcsselmomenten verwebt Jochen Hemmleb den Lebensweg Mallorys mit seinem eigenen. Dabei bilden die Suche nach der Antwort, was mit Mallory und Irvine geschah, sowie die Berge im Allgemeinen eine Richtschnur in seinem Leben, die ihn durch alle H\u00f6hen und Tiefen leitet. <\/p>\n\n\n\n<p>Eine packende Detektivgeschichte verkn\u00fcpft mit einer bewegenden, refl ektierend erz\u00e4hlten Lebensgeschichte um Intuition, Berufung und die Heilkraft der Berge. Und um das Suchen, Finden und Gehen eines eigenen Weges.<\/p>\n\n\n\n<hr class=\"wp-block-separator has-alpha-channel-opacity\"\/>\n\n\n\n<figure class=\"wp-block-gallery has-nested-images columns-default is-cropped wp-block-gallery-1 is-layout-flex wp-block-gallery-is-layout-flex\">\n<figure class=\"wp-block-image size-medium is-style-default\"><a href=\"https:\/\/jochenhemmleb.com\/web\/wp-content\/uploads\/2024\/05\/01-scaled.jpg\" target=\"_blank\" rel=\"noopener\"><img loading=\"lazy\" decoding=\"async\" width=\"246\" height=\"300\" data-id=\"845\" src=\"https:\/\/jochenhemmleb.com\/web\/wp-content\/uploads\/2024\/05\/01-246x300.jpg\" alt=\"\" class=\"wp-image-845\" srcset=\"https:\/\/jochenhemmleb.com\/web\/wp-content\/uploads\/2024\/05\/01-246x300.jpg 246w, https:\/\/jochenhemmleb.com\/web\/wp-content\/uploads\/2024\/05\/01-838x1024.jpg 838w, https:\/\/jochenhemmleb.com\/web\/wp-content\/uploads\/2024\/05\/01-768x938.jpg 768w, https:\/\/jochenhemmleb.com\/web\/wp-content\/uploads\/2024\/05\/01-1257x1536.jpg 1257w, https:\/\/jochenhemmleb.com\/web\/wp-content\/uploads\/2024\/05\/01-1676x2048.jpg 1676w\" sizes=\"auto, (max-width: 246px) 100vw, 246px\" \/><\/a><\/figure>\n\n\n\n<figure class=\"wp-block-image size-medium is-style-default\"><a href=\"https:\/\/jochenhemmleb.com\/web\/wp-content\/uploads\/2024\/05\/02-scaled.jpg\" target=\"_blank\" rel=\"noopener\"><img loading=\"lazy\" decoding=\"async\" width=\"201\" height=\"300\" data-id=\"846\" src=\"https:\/\/jochenhemmleb.com\/web\/wp-content\/uploads\/2024\/05\/02-201x300.jpg\" alt=\"\" class=\"wp-image-846\" srcset=\"https:\/\/jochenhemmleb.com\/web\/wp-content\/uploads\/2024\/05\/02-201x300.jpg 201w, https:\/\/jochenhemmleb.com\/web\/wp-content\/uploads\/2024\/05\/02-685x1024.jpg 685w, https:\/\/jochenhemmleb.com\/web\/wp-content\/uploads\/2024\/05\/02-768x1148.jpg 768w, https:\/\/jochenhemmleb.com\/web\/wp-content\/uploads\/2024\/05\/02-1027x1536.jpg 1027w, https:\/\/jochenhemmleb.com\/web\/wp-content\/uploads\/2024\/05\/02-1370x2048.jpg 1370w, https:\/\/jochenhemmleb.com\/web\/wp-content\/uploads\/2024\/05\/02-scaled.jpg 1712w\" sizes=\"auto, (max-width: 201px) 100vw, 201px\" \/><\/a><\/figure>\n\n\n\n<figure class=\"wp-block-image size-medium is-style-default\"><a href=\"https:\/\/jochenhemmleb.com\/web\/wp-content\/uploads\/2024\/05\/03-scaled.jpg\" target=\"_blank\" rel=\"noopener\"><img loading=\"lazy\" decoding=\"async\" width=\"201\" height=\"300\" data-id=\"847\" src=\"https:\/\/jochenhemmleb.com\/web\/wp-content\/uploads\/2024\/05\/03-201x300.jpg\" alt=\"\" class=\"wp-image-847\" srcset=\"https:\/\/jochenhemmleb.com\/web\/wp-content\/uploads\/2024\/05\/03-201x300.jpg 201w, https:\/\/jochenhemmleb.com\/web\/wp-content\/uploads\/2024\/05\/03-685x1024.jpg 685w, https:\/\/jochenhemmleb.com\/web\/wp-content\/uploads\/2024\/05\/03-768x1148.jpg 768w, https:\/\/jochenhemmleb.com\/web\/wp-content\/uploads\/2024\/05\/03-1027x1536.jpg 1027w, https:\/\/jochenhemmleb.com\/web\/wp-content\/uploads\/2024\/05\/03-1370x2048.jpg 1370w, https:\/\/jochenhemmleb.com\/web\/wp-content\/uploads\/2024\/05\/03-scaled.jpg 1712w\" sizes=\"auto, (max-width: 201px) 100vw, 201px\" \/><\/a><\/figure>\n<\/figure>\n\n\n\n<hr class=\"wp-block-separator has-alpha-channel-opacity\"\/>\n\n\n\n<h3 class=\"wp-block-heading\">Details:<\/h3>\n\n\n\n<p class=\"has-small-font-size\" style=\"letter-spacing:0px\"><strong>ISBN\/GTIN <\/strong>978-3-03913-053-5<br><strong>Produktart <\/strong>Buch<br><strong>Einband <\/strong>Kartoniert, Paperback<br><strong>Verlag <\/strong><a href=\"https:\/\/asverlag.lesestoff.ch\/de\/suchergebnis?bpmquery=V%3A%22AS%20Verlag%22\">AS Verlag<\/a><br><strong>Erscheinungsdatum <\/strong>15.06.2024<br><strong>Seiten <\/strong>240 Seiten<br><strong>Sprache <\/strong>Deutsch<br><strong>Masse <\/strong>Breite: 170mm. H\u00f6he: 240mm<br><strong>Illustrationen <\/strong>Zahlre farbige Abbildungen<br><strong>Art.Nr<\/strong>. 22106127<\/p>\n\n\n\n<hr class=\"wp-block-separator has-alpha-channel-opacity\"\/>\n\n\n\n<p class=\"has-text-align-center\"><a href=\"https:\/\/asverlag.lesestoff.ch\/de\/detail\/ISBN-9783039130535\/Hemmleb-Jochen\/Spuren-am-Everest\" target=\"_blank\" rel=\"noreferrer noopener\"><strong>Erscheint im Juni , jetzt vorbestellen!<\/strong><\/a><\/p>\n\n\n\n<hr class=\"wp-block-separator has-alpha-channel-opacity\"\/>\n","protected":false},"excerpt":{"rendered":"<p>Das R\u00e4tsel um Mallory und Irvine Ein Buch \u00fcber das Verschwinden von Mallory und Irvine am Everest ver\u00e4ndert 1987 das Leben von Jochen Hemmleb. In den folgenden Jahrzehnten begibt sich der heutige Autor und passionierte Bergg\u00e4nger auf Spurensuche. Was war 1924 passiert? Haben Mallory und Irvine damals schon den Gipfel&hellip; <a href=\"https:\/\/jochenhemmleb.com\/web\/\" class=\"more-link read-more\" rel=\"bookmark\">Continue Reading <span class=\"screen-reader-text\">Spuren am Everest<\/span><i class=\"fa fa-arrow-right\"><\/i><\/a><\/p>\n","protected":false},"author":1,"featured_media":41,"parent":0,"menu_order":0,"comment_status":"closed","ping_status":"closed","template":"","meta":{"footnotes":""},"class_list":{"0":"post-839","1":"page","2":"type-page","3":"status-publish","4":"has-post-thumbnail","5":"hentry","6":"h-entry","8":"h-as-page"},"_links":{"self":[{"href":"https:\/\/jochenhemmleb.com\/web\/wp-json\/wp\/v2\/pages\/839","targetHints":{"allow":["GET"]}}],"collection":[{"href":"https:\/\/jochenhemmleb.com\/web\/wp-json\/wp\/v2\/pages"}],"about":[{"href":"https:\/\/jochenhemmleb.com\/web\/wp-json\/wp\/v2\/types\/page"}],"author":[{"embeddable":true,"href":"https:\/\/jochenhemmleb.com\/web\/wp-json\/wp\/v2\/users\/1"}],"replies":[{"embeddable":true,"href":"https:\/\/jochenhemmleb.com\/web\/wp-json\/wp\/v2\/comments?post=839"}],"version-history":[{"count":8,"href":"https:\/\/jochenhemmleb.com\/web\/wp-json\/wp\/v2\/pages\/839\/revisions"}],"predecessor-version":[{"id":851,"href":"https:\/\/jochenhemmleb.com\/web\/wp-json\/wp\/v2\/pages\/839\/revisions\/851"}],"wp:featuredmedia":[{"embeddable":true,"href":"https:\/\/jochenhemmleb.com\/web\/wp-json\/wp\/v2\/media\/41"}],"wp:attachment":[{"href":"https:\/\/jochenhemmleb.com\/web\/wp-json\/wp\/v2\/media?parent=839"}],"curies":[{"name":"wp","href":"https:\/\/api.w.org\/{rel}","templated":true}]}}