{"id":85,"date":"2017-02-14T20:30:50","date_gmt":"2017-02-14T20:30:50","guid":{"rendered":"http:\/\/jochenhemmleb.com\/web\/?page_id=85"},"modified":"2017-02-14T20:30:50","modified_gmt":"2017-02-14T20:30:50","slug":"7-juni-1924","status":"publish","type":"page","link":"https:\/\/jochenhemmleb.com\/web\/mallory-irvine\/7-juni-1924\/","title":{"rendered":"7. Juni 1924"},"content":{"rendered":"<ul>\n<li>Mallory &amp; Irvine + 4 Tr\u00e4ger von L 5 nach L 6, \u201cgingen mit Sauerstoff au\u00dferordentlich stark\u201d (Norton 1, S. 216, nach Angabe der Tr\u00e4ger). Verglichen mit vorherigen Aufstiegszeiten und R\u00fcckkehrzeiten der Tr\u00e4ger (s.u.) m\u00fcssen Mallory &amp; Irvine L 6 sp\u00e4testens zwischen 12 und 13 Uhr erreicht haben.<\/li>\n<li>Odell + 2 Tr\u00e4ger von L 4 nach L 5, Aufbruch 10.00 (L4 Logbuch; Norton 1, S. 222), findet beim Aufstieg Sauerstoffger\u00e4t ohne Mundst\u00fcck und tr\u00e4gt es ins L 5 (Norton 4, S. 126; in diesem Bericht, S. 127, schreibt Odell, dass ihn nur ein Tr\u00e4ger, Nima, begleitet habe; L4 Logbuch vermerkt ebenfalls nur 1 Tr\u00e4ger).<\/li>\n<\/ul>\n<p>Seine Bemerkung, <em>&#8220;Ich hatte erwartet, bei meinem Aufstieg ins Lager 5 ein weiteres Sauerstoffger\u00e4t zu finden, das dort fr\u00fcher zur\u00fcckgelassen wurde&#8221;<\/em>, zeigt, dass es sich nicht um ein zur\u00fcckgelassenes Ger\u00e4t von Mallory &amp; Irvine handelte, sondern von einem Aufstieg vor dem 6. Juni. Da Mallory &amp; Bruce bei ihrem Versuch am 1. Juni keinen Sauerstoff verwendeten, kann es nur das Ger\u00e4t sein, welches Mallory &amp; Odell am 4. Juni mitgenommen hatten, als sie der zur\u00fcckkehrenden Seilschaft Norton &amp; Somervell entgegen stiegen.<\/p>\n<p><strong>Kurz nach Odells Ankunft kehren die 4 Tr\u00e4ger von Mallory &amp; Irvine ins L 5 zur\u00fcck<\/strong> (Norton 3, Frontispiz, deutet eine Ankunftszeit gegen 15.00 an).\u00a0<strong>Sp\u00e4ter steigen sie ins L 4 ab, Ankunft dort 17.00 <\/strong>(L3 &amp; L4 Logb\u00fccher). Sie \u00fcberbringen zwei Nachrichten von Mallory:<\/p>\n<p style=\"text-align: center;\">~ ~ ~<\/p>\n<p><em>Dear Noel,<\/em><\/p>\n<p><em>We\u2019ll probably start early to-morrow (8th) in order to have clear weather.<\/em><br \/>\n<em> It won\u2019t be too early to start looking out for us either crossing the rockband under the pyramid or going up skyline at 8 p.m. [sic]<\/em><\/p>\n<p><em>Yours ever, G. Mallory<\/em><\/p>\n<p style=\"text-align: center;\">\u00a0~ ~ ~<\/p>\n<p><em>Werter Noel,<\/em><\/p>\n<p><em>Wir brechen morgen (8. [Juni]) wahrscheinlich fr\u00fch auf, um klares Wetter zu haben.<\/em><br \/>\n<em> Es d\u00fcrfte nicht zu fr\u00fch sein, ab 8 Uhr <\/em>[Mallory schrieb &#8220;p.m.&#8221; [nachmittags], d\u00fcrfte aber &#8220;a.m.&#8221; [vormittags] gemeint haben] <em>nach uns Ausschau zu halten, wenn wir entweder das Felsband unter der Pyramide queren oder entlang der Gratlinie aufsteigen.<\/em><\/p>\n<p><em>Immer Ihr G. Mallory<\/em><\/p>\n<p style=\"text-align: center;\">~ ~ ~<\/p>\n<p><em>Dear Odell,<\/em><\/p>\n<p><em>We\u2019re awfully sorry to have left things in such a mess \u2013 our Unna cooker rolled down the slope at the last moment.<\/em><br \/>\n<em> Be sure of getting back to IV to-morrow in time to evacuate before dark as I hope to.<\/em><br \/>\n<em> In the tent I must have left a compass \u2013 for the Lord\u2019s sake rescue it, we are without.<\/em><br \/>\n<em> To here on 90 atmospheres for the 2 days \u2013 so we\u2019ll probably go on 2 cylinders \u2013 but it\u2019s a bloody load for climbing.<\/em><br \/>\n<em> Perfect weather for the job!<\/em><\/p>\n<p><em>Yours ever<\/em><br \/>\n<em> G. Mallory<\/em><\/p>\n<p style=\"text-align: center;\">~ ~ ~<\/p>\n<p><em>Werter Odell,<\/em><\/p>\n<p><em>Es tut uns schrecklich leid, dass wir solche Unordnung hinterlassen haben &#8211; unser Unna-Kocher rollte im letzten Moment den Hang hinab.<\/em><br \/>\n<em> Kehren sie morgen rechtzeitig nach [Lager] IV zur\u00fcck, damit wir vor Dunkelheit [das Lager 6] r\u00e4umen k\u00f6nnen, wie ich es zu tun hoffe.<\/em><br \/>\n<em> Im Zelt muss ich einen Kompass zur\u00fcckgelassen haben &#8211; nehmen Sie ihn um Himmels willen mit, denn wir haben keinen.<\/em><br \/>\n<em> Bis hierhin mit 90 Atmosph\u00e4ren \u00fcber die zwei Tage &#8211; also werde wir wahrscheinlich mit 2 Flaschen aufsteigen &#8211; ist aber eine h\u00f6llische Last zum Klettern.<\/em><br \/>\n<em> Perfektes Wetter f\u00fcr den Aufstieg!<\/em><\/p>\n<p><em>Immer Ihr<\/em><br \/>\n<em> Mallory<\/em><\/p>\n<p>~~~<\/p>\n<ul>\n<li>Noel + 4 Tr\u00e4ger von L 3 nach L 4, Ankunft 16.30, zur\u00fcck ins L 3 17.30 (L4 Logbuch)<\/li>\n<\/ul>\n<p>Wetter an diesem Tag: <em>&#8220;An diesem Abend <\/em>[&#8230;] <em>schien das Wetter sehr vielversprechend<\/em> [&#8230;] <em>Selbst der Wind war nicht wie \u00fcblich b\u00f6ig.&#8221;<\/em> (Norton 4, S. 127f.)<\/p>\n","protected":false},"excerpt":{"rendered":"<p>Mallory &amp; Irvine + 4 Tr\u00e4ger von L 5 nach L 6, \u201cgingen mit Sauerstoff au\u00dferordentlich stark\u201d (Norton 1, S. 216, nach Angabe der Tr\u00e4ger). Verglichen mit vorherigen Aufstiegszeiten und R\u00fcckkehrzeiten der Tr\u00e4ger (s.u.) m\u00fcssen Mallory &amp; Irvine L 6 sp\u00e4testens zwischen 12 und 13 Uhr erreicht haben. Odell +&hellip; <a href=\"https:\/\/jochenhemmleb.com\/web\/mallory-irvine\/7-juni-1924\/\" class=\"more-link read-more\" rel=\"bookmark\">Continue Reading <span class=\"screen-reader-text\">7. Juni 1924<\/span><i class=\"fa fa-arrow-right\"><\/i><\/a><\/p>\n","protected":false},"author":1,"featured_media":0,"parent":11,"menu_order":3,"comment_status":"closed","ping_status":"closed","template":"","meta":{"footnotes":""},"class_list":{"0":"post-85","1":"page","2":"type-page","3":"status-publish","4":"hentry","5":"h-entry","7":"h-as-page"},"_links":{"self":[{"href":"https:\/\/jochenhemmleb.com\/web\/wp-json\/wp\/v2\/pages\/85","targetHints":{"allow":["GET"]}}],"collection":[{"href":"https:\/\/jochenhemmleb.com\/web\/wp-json\/wp\/v2\/pages"}],"about":[{"href":"https:\/\/jochenhemmleb.com\/web\/wp-json\/wp\/v2\/types\/page"}],"author":[{"embeddable":true,"href":"https:\/\/jochenhemmleb.com\/web\/wp-json\/wp\/v2\/users\/1"}],"replies":[{"embeddable":true,"href":"https:\/\/jochenhemmleb.com\/web\/wp-json\/wp\/v2\/comments?post=85"}],"version-history":[{"count":1,"href":"https:\/\/jochenhemmleb.com\/web\/wp-json\/wp\/v2\/pages\/85\/revisions"}],"predecessor-version":[{"id":86,"href":"https:\/\/jochenhemmleb.com\/web\/wp-json\/wp\/v2\/pages\/85\/revisions\/86"}],"up":[{"embeddable":true,"href":"https:\/\/jochenhemmleb.com\/web\/wp-json\/wp\/v2\/pages\/11"}],"wp:attachment":[{"href":"https:\/\/jochenhemmleb.com\/web\/wp-json\/wp\/v2\/media?parent=85"}],"curies":[{"name":"wp","href":"https:\/\/api.w.org\/{rel}","templated":true}]}}