{"id":87,"date":"2017-02-14T20:33:29","date_gmt":"2017-02-14T20:33:29","guid":{"rendered":"http:\/\/jochenhemmleb.com\/web\/?page_id=87"},"modified":"2017-02-14T20:33:29","modified_gmt":"2017-02-14T20:33:29","slug":"kommentar-zu-mallorys-notiz-an-john-noel","status":"publish","type":"page","link":"https:\/\/jochenhemmleb.com\/web\/mallory-irvine\/7-juni-1924\/kommentar-zu-mallorys-notiz-an-john-noel\/","title":{"rendered":"Kommentar zu Mallorys Notiz an John Noel"},"content":{"rendered":"<p>In verschiedenen Quellen wird vermutet, mit der Stelle, an der Noel laut Mallory nach ihm und Irvine Ausschau halten sollte, sei die Zweite Stufe gemeint gewesen &#8211; und Mallory &amp; Irvine w\u00e4ren demnach fast 5 Stunden hinter ihrer geplanten Zeit gewesen, als sie am n\u00e4chsten Tag von Odell gesichtet wurden. Eine erste solche Interpretation der Nachricht geschah bereits am 7. Juni in Lager 3, als Geoffrey Bruce in einem Eintag im Lager_logbuch behauptet: <em>&#8220;<\/em>[Die Tr\u00e4ger] <em>\u00fcberbrachten eine sehr optimistische Nachricht von Mallory, in der er meinte, Noel sollte morgen um 8 Uhr vormittags <u>am Fu\u00df der Gipfelpyramide<\/u> nach ihnen Ausschau halten.&#8221;<\/em><\/p>\n<p>F\u00fcr diese Annahme gibt es in der Notiz jedoch kein Anzeichen. Vielmehr scheint die Nachricht zu zeigen, dass Mallory zu diesem Zeitpunkt Nortons Route als Alternative zum Aufstieg \u00fcber den Grat noch nicht ausgeschlossen hatte &#8211; daher konnte er nicht sagen, ob er und Irvine am n\u00e4chsten Morgen gegen 8 Uhr das Gelbe Band queren (was letztendlich die Traverse beider Felsb\u00e4nder unter der Gipfelpyramide bedeutete) oder entlang der Gratkante aufsteigen w\u00fcrden. In Erwartung eines fr\u00fchen Aufbruchs, z.B. gegen 5 Uhr, und bei Verwendung von Flaschensauerstoff war es f\u00fcr Mallory nicht unrealistisch zu vermuten, er k\u00f6nne von L 6 aus in 3 Stunden die Gratschneide erreichen.<\/p>\n<p>Odell scheint anf\u00e4nglich einen \u00e4hnlichen Gedanken gehabt zu haben: <em>&#8220;Ich war \u00fcberrascht <\/em>[&#8230;] <em>sie erst so sp\u00e4t, d.h. um 12.50 Uhr, an diesem Punkt zu sehen, den sie nach Mallorys Plan h\u00e4tten sp\u00e4testens <u>um 10 Uhr vormittags<\/u> erreichen sollen.&#8221; <\/em>(Odell, S. 268; Hervorhebung JH]) Dies deutet an, dass auch Odell Mallorys Nachricht so interpretiert hatte, als wollten sie <em>die Gratschneide <\/em>gegen 8 Uhr vormittags erreichen &#8211; und er daraus ableitete, sie h\u00e4tten die Zweite Stufe (wo er sie gesehen haben glaubte) gegen 10 Uhr erreicht. Dies ist abermals nicht unrealistisch, da man damals die tats\u00e4chlichen Schwierigkeiten des Gel\u00e4ndes nicht kannte. Im offiziellen Bericht jedoch nimmt Odell aufgrund der Nachricht an Noel an, Mallory habe gehofft, <em>die Zweite Stufe<\/em> gegen 8 Uhr zu erreichen (Norton 4, S. 130).<\/p>\n","protected":false},"excerpt":{"rendered":"<p>In verschiedenen Quellen wird vermutet, mit der Stelle, an der Noel laut Mallory nach ihm und Irvine Ausschau halten sollte, sei die Zweite Stufe gemeint gewesen &#8211; und Mallory &amp; Irvine w\u00e4ren demnach fast 5 Stunden hinter ihrer geplanten Zeit gewesen, als sie am n\u00e4chsten Tag von Odell gesichtet wurden.&hellip; <a href=\"https:\/\/jochenhemmleb.com\/web\/mallory-irvine\/7-juni-1924\/kommentar-zu-mallorys-notiz-an-john-noel\/\" class=\"more-link read-more\" rel=\"bookmark\">Continue Reading <span class=\"screen-reader-text\">Kommentar zu Mallorys Notiz an John Noel<\/span><i class=\"fa fa-arrow-right\"><\/i><\/a><\/p>\n","protected":false},"author":1,"featured_media":0,"parent":85,"menu_order":1,"comment_status":"closed","ping_status":"closed","template":"","meta":{"footnotes":""},"class_list":{"0":"post-87","1":"page","2":"type-page","3":"status-publish","4":"hentry","5":"h-entry","7":"h-as-page"},"_links":{"self":[{"href":"https:\/\/jochenhemmleb.com\/web\/wp-json\/wp\/v2\/pages\/87","targetHints":{"allow":["GET"]}}],"collection":[{"href":"https:\/\/jochenhemmleb.com\/web\/wp-json\/wp\/v2\/pages"}],"about":[{"href":"https:\/\/jochenhemmleb.com\/web\/wp-json\/wp\/v2\/types\/page"}],"author":[{"embeddable":true,"href":"https:\/\/jochenhemmleb.com\/web\/wp-json\/wp\/v2\/users\/1"}],"replies":[{"embeddable":true,"href":"https:\/\/jochenhemmleb.com\/web\/wp-json\/wp\/v2\/comments?post=87"}],"version-history":[{"count":1,"href":"https:\/\/jochenhemmleb.com\/web\/wp-json\/wp\/v2\/pages\/87\/revisions"}],"predecessor-version":[{"id":88,"href":"https:\/\/jochenhemmleb.com\/web\/wp-json\/wp\/v2\/pages\/87\/revisions\/88"}],"up":[{"embeddable":true,"href":"https:\/\/jochenhemmleb.com\/web\/wp-json\/wp\/v2\/pages\/85"}],"wp:attachment":[{"href":"https:\/\/jochenhemmleb.com\/web\/wp-json\/wp\/v2\/media?parent=87"}],"curies":[{"name":"wp","href":"https:\/\/api.w.org\/{rel}","templated":true}]}}