{"id":927,"date":"2024-06-12T15:50:01","date_gmt":"2024-06-12T15:50:01","guid":{"rendered":"https:\/\/jochenhemmleb.com\/web\/?page_id=927"},"modified":"2024-06-12T15:51:29","modified_gmt":"2024-06-12T15:51:29","slug":"eiger-quergange-und-abgrunde","status":"publish","type":"page","link":"https:\/\/jochenhemmleb.com\/web\/bucher\/eiger-quergange-und-abgrunde\/","title":{"rendered":"Eiger \u2013 Querg\u00e4nge und Abgr\u00fcnde"},"content":{"rendered":"\n<h4 class=\"wp-block-heading\">(Rainer Rettner, Buchgestaltung von Jochen Hemmleb)<br>Rimpar: Eigenverlag Rainer Rettner, 2022<\/h4>\n\n\n<div class=\"wp-block-image\">\n<figure class=\"alignleft size-full is-resized\"><img loading=\"lazy\" decoding=\"async\" width=\"535\" height=\"839\" src=\"https:\/\/jochenhemmleb.com\/web\/wp-content\/uploads\/2024\/06\/image.png\" alt=\"\" class=\"wp-image-928\" style=\"width:246px;height:auto\" srcset=\"https:\/\/jochenhemmleb.com\/web\/wp-content\/uploads\/2024\/06\/image.png 535w, https:\/\/jochenhemmleb.com\/web\/wp-content\/uploads\/2024\/06\/image-191x300.png 191w\" sizes=\"auto, (max-width: 535px) 100vw, 535px\" \/><\/figure><\/div>\n\n\n<p>F\u00fcnfzehn Hintergrundgeschichten aus der turbulenten Historie des Eigers \u2013 von Anderl Heckmair bis Sasha DiGiulian. Neu beleuchtet werden bekannte Episoden, vor allem aber auch Ereignisse, die bis jetzt wenig oder nur verk\u00fcrzt publiziert worden sind, wie der Absturz von vier erstklassigen Alpinisten aus der DDR im Jahr 1967 oder das tragische Ungl\u00fcck zweier junger Schweizer 2009. Mit zahlreichen, vielfach bislang unver\u00f6ffentlichten Fotos. <\/p>\n\n\n\n<p><strong>Aus der Presse:<\/strong><\/p>\n\n\n\n<p><em>\u201eRainer Rettner ist DER Kenner der Geschichte der Eiger-Nordwand, seine Eiger-Bibliothek f\u00fcllt W\u00e4nde. Durch die Nordwand kletterte er nie, stand 2006 aber schon mal bei der Station Eigerwand gut gesichert darin. Sein f\u00fcnftes Buch zum Eiger verfasste er w\u00e4hrend des Corona-Lockdowns; vielleicht auch deshalb, weil er dann nicht mehr von Rimpar bei W\u00fcrzburg nach Grindelwald fahren konnte. So widmete er sich seinem Eiger-Archiv und realisierte, \u201edass es da noch einige Ereignisse am Eiger gab, die bisher entweder gar nicht in der Literatur behandelt oder nur stark verk\u00fcrzt wiedergegeben worden waren\u201c, wie er im Vorwort von \u201eEiger \u2013 Querg\u00e4nge und Abgr\u00fcnde. Hintergrundgeschichten 1936 bis heute\u201c schreibt. 15 meist dramatische Geschichten sind es, genau recherchiert, gekonnt geschrieben und souver\u00e4n illustriert. \u2026 Leider erscheint der neue Rettner nur in einer Auflage von 30 Exemplaren; kaufen kann man \u201eEiger \u2013 Querg\u00e4nge und Abgr\u00fcnde\u201c also nicht, aber ausleihen in der Schweizerischen Nationalbibliothek in Bern und in der Zentralbibliothek des Schweizer Alpen-Clubs in Z\u00fcrich\u201c<\/em> (Daniel Anker, www.bergliteratur.ch)<\/p>\n\n\n\n<hr class=\"wp-block-separator has-alpha-channel-opacity\"\/>\n\n\n\n<h3 class=\"wp-block-heading\">Buchdaten<\/h3>\n\n\n\n<p>157 S., mit zahlreichen Farb- und SW-Abbildungen<\/p>\n\n\n\n<p>23,2 x 15,5 cm<\/p>\n","protected":false},"excerpt":{"rendered":"<p>(Rainer Rettner, Buchgestaltung von Jochen Hemmleb)Rimpar: Eigenverlag Rainer Rettner, 2022 F\u00fcnfzehn Hintergrundgeschichten aus der turbulenten Historie des Eigers \u2013 von Anderl Heckmair bis Sasha DiGiulian. Neu beleuchtet werden bekannte Episoden, vor allem aber auch Ereignisse, die bis jetzt wenig oder nur verk\u00fcrzt publiziert worden sind, wie der Absturz von vier&hellip; <a href=\"https:\/\/jochenhemmleb.com\/web\/bucher\/eiger-quergange-und-abgrunde\/\" class=\"more-link read-more\" rel=\"bookmark\">Continue Reading <span class=\"screen-reader-text\">Eiger \u2013 Querg\u00e4nge und Abgr\u00fcnde<\/span><i class=\"fa fa-arrow-right\"><\/i><\/a><\/p>\n","protected":false},"author":1,"featured_media":0,"parent":5,"menu_order":0,"comment_status":"closed","ping_status":"closed","template":"","meta":{"footnotes":""},"class_list":{"0":"post-927","1":"page","2":"type-page","3":"status-publish","4":"hentry","5":"h-entry","7":"h-as-page"},"_links":{"self":[{"href":"https:\/\/jochenhemmleb.com\/web\/wp-json\/wp\/v2\/pages\/927","targetHints":{"allow":["GET"]}}],"collection":[{"href":"https:\/\/jochenhemmleb.com\/web\/wp-json\/wp\/v2\/pages"}],"about":[{"href":"https:\/\/jochenhemmleb.com\/web\/wp-json\/wp\/v2\/types\/page"}],"author":[{"embeddable":true,"href":"https:\/\/jochenhemmleb.com\/web\/wp-json\/wp\/v2\/users\/1"}],"replies":[{"embeddable":true,"href":"https:\/\/jochenhemmleb.com\/web\/wp-json\/wp\/v2\/comments?post=927"}],"version-history":[{"count":4,"href":"https:\/\/jochenhemmleb.com\/web\/wp-json\/wp\/v2\/pages\/927\/revisions"}],"predecessor-version":[{"id":932,"href":"https:\/\/jochenhemmleb.com\/web\/wp-json\/wp\/v2\/pages\/927\/revisions\/932"}],"up":[{"embeddable":true,"href":"https:\/\/jochenhemmleb.com\/web\/wp-json\/wp\/v2\/pages\/5"}],"wp:attachment":[{"href":"https:\/\/jochenhemmleb.com\/web\/wp-json\/wp\/v2\/media?parent=927"}],"curies":[{"name":"wp","href":"https:\/\/api.w.org\/{rel}","templated":true}]}}