{"id":937,"date":"2024-06-12T16:11:23","date_gmt":"2024-06-12T16:11:23","guid":{"rendered":"https:\/\/jochenhemmleb.com\/web\/?page_id=937"},"modified":"2024-06-12T16:49:00","modified_gmt":"2024-06-12T16:49:00","slug":"berg-steil-meine-erstbegehungen-zum-nachklettern","status":"publish","type":"page","link":"https:\/\/jochenhemmleb.com\/web\/bucher\/berg-steil-meine-erstbegehungen-zum-nachklettern\/","title":{"rendered":"Berg steil! \u2013 Meine Erstbegehungen zum Nachklettern"},"content":{"rendered":"\n<h3 class=\"wp-block-heading\">(Christoph Hainz, mit Jochen Hemmleb)<br>Bozen: Raetia, 2022<\/h3>\n\n\n<div class=\"wp-block-image\">\n<figure class=\"alignleft size-full is-resized\"><img loading=\"lazy\" decoding=\"async\" width=\"669\" height=\"836\" src=\"https:\/\/jochenhemmleb.com\/web\/wp-content\/uploads\/2024\/06\/image-1.png\" alt=\"\" class=\"wp-image-938\" style=\"width:258px;height:auto\" srcset=\"https:\/\/jochenhemmleb.com\/web\/wp-content\/uploads\/2024\/06\/image-1.png 669w, https:\/\/jochenhemmleb.com\/web\/wp-content\/uploads\/2024\/06\/image-1-240x300.png 240w\" sizes=\"auto, (max-width: 669px) 100vw, 669px\" \/><\/figure><\/div>\n\n\n<p><strong>Von Moderat bis Extrem<\/strong><\/p>\n\n\n\n<p>Christoph Hainz ist der Zinnen-Mann: Seine Erschlie\u00dfungen in den Dolomiten sind legend\u00e4r. \u00dcber 60 seiner Erstbegehungen fordern zum Nachklettern heraus. Die Leidenschaft des Extrembergsteigers Christoph Hainz ist das Klettern. Mit diesem Buch stellt er sein bisheriges bergsteigerisches Lebenswerk vor: seine zahlreichen Erstbegehungen in den Dolomiten, aber auch im \u00fcbrigen S\u00fcdtirol, den Alpen und weltweit. Mit genauen Informationen, Fotos und Topos jeder Route k\u00f6nnen Kletter- und Bergbegeisterte nun seinen Spuren in Fels und Eis folgen.<\/p>\n\n\n\n<p>.<\/p>\n\n\n\n<ul class=\"wp-block-list\">\n<li><em>mehr als 60 Routen in allen Schwierigkeitsgraden\u00a0(Fels III\u2013IX, Eis WI3\u2013WI7-, Mixed M4\u2013M13)<\/em> Eis- und Sportkletterrouten<\/li>\n\n\n\n<li><em>prominente Ziele wie Gro\u00dfe Zinne, Marmolada, Eiger u.v.m.<\/em><\/li>\n\n\n\n<li><em>Informationen und Erlebnisberichte<\/em><\/li>\n\n\n\n<li><em>kompakt auf 1 Seite: Detailinfos, \u00dcbersichtsfotos und Topos zu jeder Route<\/em><\/li>\n<\/ul>\n\n\n\n<p>Aus der Presse:<em>\u201eEs ist ein etwas unkonventioneller Kletterf\u00fchrer. Auch weil \u201eMeine Erstbegehungen zum Nachklettern\u201c die jeweiligen Touren erz\u00e4hlend umrahmt und einen guten Teil seines bergsteigerischen Lebenswerkes umfasst.\u201c <\/em>(Markus Larcher, ff)<\/p>\n\n\n\n<hr class=\"wp-block-separator has-alpha-channel-opacity\"\/>\n\n\n\n<h2 class=\"wp-block-heading\">Buchdaten<\/h2>\n\n\n\n<ul class=\"wp-block-list\">\n<li>Edition Raetia, 2020. <\/li>\n\n\n\n<li>208 S., mit zahlreichen Farb-Abbildungen und Topos<\/li>\n\n\n\n<li>21,2 x 15,5 cm, broschiert<\/li>\n\n\n\n<li>ISBN-Nr. 978-88-7283-843-3<\/li>\n\n\n\n<li><a href=\"https:\/\/www.asverlag.lesestoff.ch\">www.asverlag.lesestoff.ch<\/a><\/li>\n<\/ul>\n","protected":false},"excerpt":{"rendered":"<p>(Christoph Hainz, mit Jochen Hemmleb)Bozen: Raetia, 2022 Von Moderat bis Extrem Christoph Hainz ist der Zinnen-Mann: Seine Erschlie\u00dfungen in den Dolomiten sind legend\u00e4r. \u00dcber 60 seiner Erstbegehungen fordern zum Nachklettern heraus. Die Leidenschaft des Extrembergsteigers Christoph Hainz ist das Klettern. Mit diesem Buch stellt er sein bisheriges bergsteigerisches Lebenswerk vor:&hellip; <a href=\"https:\/\/jochenhemmleb.com\/web\/bucher\/berg-steil-meine-erstbegehungen-zum-nachklettern\/\" class=\"more-link read-more\" rel=\"bookmark\">Continue Reading <span class=\"screen-reader-text\">Berg steil! \u2013 Meine Erstbegehungen zum Nachklettern<\/span><i class=\"fa fa-arrow-right\"><\/i><\/a><\/p>\n","protected":false},"author":1,"featured_media":0,"parent":5,"menu_order":1,"comment_status":"closed","ping_status":"closed","template":"","meta":{"footnotes":""},"class_list":{"0":"post-937","1":"page","2":"type-page","3":"status-publish","4":"hentry","5":"h-entry","7":"h-as-page"},"_links":{"self":[{"href":"https:\/\/jochenhemmleb.com\/web\/wp-json\/wp\/v2\/pages\/937","targetHints":{"allow":["GET"]}}],"collection":[{"href":"https:\/\/jochenhemmleb.com\/web\/wp-json\/wp\/v2\/pages"}],"about":[{"href":"https:\/\/jochenhemmleb.com\/web\/wp-json\/wp\/v2\/types\/page"}],"author":[{"embeddable":true,"href":"https:\/\/jochenhemmleb.com\/web\/wp-json\/wp\/v2\/users\/1"}],"replies":[{"embeddable":true,"href":"https:\/\/jochenhemmleb.com\/web\/wp-json\/wp\/v2\/comments?post=937"}],"version-history":[{"count":2,"href":"https:\/\/jochenhemmleb.com\/web\/wp-json\/wp\/v2\/pages\/937\/revisions"}],"predecessor-version":[{"id":940,"href":"https:\/\/jochenhemmleb.com\/web\/wp-json\/wp\/v2\/pages\/937\/revisions\/940"}],"up":[{"embeddable":true,"href":"https:\/\/jochenhemmleb.com\/web\/wp-json\/wp\/v2\/pages\/5"}],"wp:attachment":[{"href":"https:\/\/jochenhemmleb.com\/web\/wp-json\/wp\/v2\/media?parent=937"}],"curies":[{"name":"wp","href":"https:\/\/api.w.org\/{rel}","templated":true}]}}