{"id":942,"date":"2024-06-12T16:19:03","date_gmt":"2024-06-12T16:19:03","guid":{"rendered":"https:\/\/jochenhemmleb.com\/web\/?page_id=942"},"modified":"2024-06-12T16:49:09","modified_gmt":"2024-06-12T16:49:09","slug":"passion-eiger-legendare-routen-damals-und-heute","status":"publish","type":"page","link":"https:\/\/jochenhemmleb.com\/web\/bucher\/passion-eiger-legendare-routen-damals-und-heute\/","title":{"rendered":"Passion Eiger \u2013 Legend\u00e4re Routen damals und heute"},"content":{"rendered":"\n<h4 class=\"wp-block-heading\">(Roger Sch\u00e4li, mit Rainer Rettner &amp; Jochen Hemmleb)<br>Ziegelbr\u00fccke: AS Verlag, 2020<\/h4>\n\n\n<div class=\"wp-block-image\">\n<figure class=\"alignleft size-full is-resized\"><img loading=\"lazy\" decoding=\"async\" width=\"593\" height=\"837\" src=\"https:\/\/jochenhemmleb.com\/web\/wp-content\/uploads\/2024\/06\/image-2.png\" alt=\"\" class=\"wp-image-943\" style=\"width:274px;height:auto\" srcset=\"https:\/\/jochenhemmleb.com\/web\/wp-content\/uploads\/2024\/06\/image-2.png 593w, https:\/\/jochenhemmleb.com\/web\/wp-content\/uploads\/2024\/06\/image-2-213x300.png 213w\" sizes=\"auto, (max-width: 593px) 100vw, 593px\" \/><\/figure><\/div>\n\n\n<p>Zu den spektakul\u00e4rsten Erfolgen Roger Sch\u00e4lis am Eiger z\u00e4hlen die ersten freien Begehungen der John-Harlin-Route (Winterdirettissima) und der Japaner-Route (Sommerdirettissima), die Erstbegehung der bislang schwierigsten Eiger-Nordwand-Route Odyssee, die Erstbegehung der Freikletterroute Magic Mushroom und die zweitschnellste Seilschaftsbegehung der klassischen Heckmair-Route in knapp 4,5 Stunden. Das Buch verbindet die Schilderung des goldenen Zeitalters am Eiger (1966\u20131991: John-Harlin Route, Japaner-Route, Tschechenpfeiler, Piola-Ghilini, Jeff Lowe &#8230;) mit den Aktivit\u00e4ten Roger Sch\u00e4lis in der Gegenwart: Grenzg\u00e4nge, Dramen und Triumphe \u2013 von monatelangen Nordwand-Expeditionen zu atemberaubenden Freikletterrouten und bahnbrechenden Alleing\u00e4ngen. Eine einmalige Kombination aus pers\u00f6nlichen Erlebnissen, historischen Berichten und Portr\u00e4ts \u2013 spannend wie ein Krimi, informativ wie ein Fachbuch.<\/p>\n\n\n\n<p>Aus der Presse:<em>\u201eWenn sich solche Spezialisten zu einer neuen Eiger-Seilschaft verbinden, kann nichts schiefgehen: Rainer Rettner, Kenner und Archivar der Eiger-Geschichte schlechthin sowie Autor von drei B\u00fcchern zum Thema; Jochen Hemmleb, Mitautor des Buches \u00fcber die Eiger-Winterdirettissima von 1966; Roger Sch\u00e4li, Extremalpinist und Begeher fast aller alten und neuen Routen in der Nordwand. Ihr Buch \u00fcber die Eigernordwand ist so markant und spannend wie diese Wand. In 15 Seill\u00e4ngen wird die Geschichte der Direktrouten von den Anf\u00e4ngen bis zu den spektakul\u00e4ren Wiederholungen durch Sch\u00e4li &amp; Co. erz\u00e4hlt und beschrieben, mit vielen unbekannten Fotos gezeigt und mit Portr\u00e4ts von Eigerm\u00e4nnern und -frauen erg\u00e4nzt. &#8230; Schlicht grossartig, wie Christel, Michel und Pavel einst voraus spurten, was Roger mit Robert und Nina in freier Manier wieder und neu erkletterte \u2013 und was sich nun alles auf fast 300 Buchseiten nachlesen l\u00e4sst. Kurz: \u201eRoger Sch\u00e4li \u2013 Passion Eiger\u201c ist ein Eckpfeiler der Bergliteratur.\u201c <\/em>(Daniel Anker, <a href=\"http:\/\/www.bergliteratur.ch\/\">www.bergliteratur.ch<\/a>)<\/p>\n\n\n\n<hr class=\"wp-block-separator has-alpha-channel-opacity\"\/>\n\n\n\n<h2 class=\"wp-block-heading\">Buchdaten<\/h2>\n\n\n\n<ul class=\"wp-block-list\">\n<li>AS Verlag, 2020<\/li>\n\n\n\n<li>296 S., mit zahlreichen Farb- und SW-Abbildungen<\/li>\n\n\n\n<li>24 x 17 cm, gebunden<\/li>\n\n\n\n<li>ISBN-Nr. 978-3-03913-008-5<\/li>\n\n\n\n<li><a href=\"http:\/\/www.asverlag.lesestoff.ch\/\">www.asverlag.lesestoff.ch<\/a><\/li>\n<\/ul>\n","protected":false},"excerpt":{"rendered":"<p>(Roger Sch\u00e4li, mit Rainer Rettner &amp; Jochen Hemmleb)Ziegelbr\u00fccke: AS Verlag, 2020 Zu den spektakul\u00e4rsten Erfolgen Roger Sch\u00e4lis am Eiger z\u00e4hlen die ersten freien Begehungen der John-Harlin-Route (Winterdirettissima) und der Japaner-Route (Sommerdirettissima), die Erstbegehung der bislang schwierigsten Eiger-Nordwand-Route Odyssee, die Erstbegehung der Freikletterroute Magic Mushroom und die zweitschnellste Seilschaftsbegehung der klassischen&hellip; <a href=\"https:\/\/jochenhemmleb.com\/web\/bucher\/passion-eiger-legendare-routen-damals-und-heute\/\" class=\"more-link read-more\" rel=\"bookmark\">Continue Reading <span class=\"screen-reader-text\">Passion Eiger \u2013 Legend\u00e4re Routen damals und heute<\/span><i class=\"fa fa-arrow-right\"><\/i><\/a><\/p>\n","protected":false},"author":1,"featured_media":0,"parent":5,"menu_order":2,"comment_status":"closed","ping_status":"closed","template":"","meta":{"footnotes":""},"class_list":{"0":"post-942","1":"page","2":"type-page","3":"status-publish","4":"hentry","5":"h-entry","7":"h-as-page"},"_links":{"self":[{"href":"https:\/\/jochenhemmleb.com\/web\/wp-json\/wp\/v2\/pages\/942","targetHints":{"allow":["GET"]}}],"collection":[{"href":"https:\/\/jochenhemmleb.com\/web\/wp-json\/wp\/v2\/pages"}],"about":[{"href":"https:\/\/jochenhemmleb.com\/web\/wp-json\/wp\/v2\/types\/page"}],"author":[{"embeddable":true,"href":"https:\/\/jochenhemmleb.com\/web\/wp-json\/wp\/v2\/users\/1"}],"replies":[{"embeddable":true,"href":"https:\/\/jochenhemmleb.com\/web\/wp-json\/wp\/v2\/comments?post=942"}],"version-history":[{"count":1,"href":"https:\/\/jochenhemmleb.com\/web\/wp-json\/wp\/v2\/pages\/942\/revisions"}],"predecessor-version":[{"id":944,"href":"https:\/\/jochenhemmleb.com\/web\/wp-json\/wp\/v2\/pages\/942\/revisions\/944"}],"up":[{"embeddable":true,"href":"https:\/\/jochenhemmleb.com\/web\/wp-json\/wp\/v2\/pages\/5"}],"wp:attachment":[{"href":"https:\/\/jochenhemmleb.com\/web\/wp-json\/wp\/v2\/media?parent=942"}],"curies":[{"name":"wp","href":"https:\/\/api.w.org\/{rel}","templated":true}]}}