{"id":946,"date":"2024-06-12T16:32:16","date_gmt":"2024-06-12T16:32:16","guid":{"rendered":"https:\/\/jochenhemmleb.com\/web\/?page_id=946"},"modified":"2024-06-12T16:50:43","modified_gmt":"2024-06-12T16:50:43","slug":"nur-der-berg-ist-mein-boss-das-leben-des-sudtiroler-extremkletterers-und-bergfuhrers","status":"publish","type":"page","link":"https:\/\/jochenhemmleb.com\/web\/bucher\/nur-der-berg-ist-mein-boss-das-leben-des-sudtiroler-extremkletterers-und-bergfuhrers\/","title":{"rendered":"Nur der Berg ist mein Boss \u2013 Das Leben des S\u00fcdtiroler Extremkletterers und Bergf\u00fchrers"},"content":{"rendered":"\n<h4 class=\"wp-block-heading\">(Christoph Hainz, mit Jochen Hemmleb)<br>Innsbruck: Tyrolia-Verlag, 2019<\/h4>\n\n\n\n<h3 class=\"wp-block-heading\">Die Freiheit eines Lebens in und mit den Bergen<\/h3>\n\n\n<div class=\"wp-block-image\">\n<figure class=\"alignleft size-full is-resized\"><img loading=\"lazy\" decoding=\"async\" width=\"560\" height=\"835\" src=\"https:\/\/jochenhemmleb.com\/web\/wp-content\/uploads\/2024\/06\/image-3.png\" alt=\"\" class=\"wp-image-947\" style=\"width:259px;height:auto\" srcset=\"https:\/\/jochenhemmleb.com\/web\/wp-content\/uploads\/2024\/06\/image-3.png 560w, https:\/\/jochenhemmleb.com\/web\/wp-content\/uploads\/2024\/06\/image-3-201x300.png 201w\" sizes=\"auto, (max-width: 560px) 100vw, 560px\" \/><\/figure><\/div>\n\n\n<p>Der Name Christoph Hainz ist untrennbar mit der Bergwelt S\u00fcdtirols verbunden. Bekannt wurde er vor allem durch die Erstbegehung von zahlreichen extrem schwierigen Felsrouten in den Dolomiten sowie Eis- und Mixedklettereien im Tauferer Ahrntal. Bis heute findet er gro\u00dfe Abenteuer direkt bei sich vor der Haust\u00fcr und klettert anhaltend auf hohem Niveau.<br>In diesem Buch erz\u00e4hlt Hainz von seiner Kindheit auf einem Bergbauernhof im M\u00fchlwalder Tal \u2013 ein Leben in Kargheit, aber auch in Freiheit, Selbstverantwortung und Naturn\u00e4he. In teils haarstr\u00e4ubenden, teils lustigen Geschichten schildert er Highlights seiner Bergsteigerkarriere: von seinen \u201eHausbergen\u201c, den Drei Zinnen in den Dolomiten, \u00fcber die Eiger-Nordwand bis hin zur Erstbegehung des Nordpfeilers am Shivling im Himalaya oder der Alleinbesteigung des Fitz Roy in Patagonien.<br>F\u00fcr Christoph Hainz ist Bergsteigen etwas Ganzheitliches. Es umfasst und durchzieht alle Aspekte seines Lebens. Ausgleich vom Abenteuer und Erf\u00fcllung im Alltag findet er in seiner T\u00e4tigkeit als Berg- und Skif\u00fchrer, die er als Berufung und nicht als Job empfindet und die ihm die Freiheit eines selbstbestimmten Lebens gibt.<\/p>\n\n\n\n<hr class=\"wp-block-separator has-alpha-channel-opacity\"\/>\n\n\n\n<h2 class=\"wp-block-heading\">Buchdaten<\/h2>\n\n\n\n<ul class=\"wp-block-list\">\n<li>Tyrolia, 2019<\/li>\n\n\n\n<li>272 S., 87 Farb- und 3 SW-Abbildungen<\/li>\n\n\n\n<li>22,5 x 15 cm, gebunden<\/li>\n\n\n\n<li>ISBN-Nr. 978-3-7022-3753-0<\/li>\n\n\n\n<li><a href=\"http:\/\/www.tyrolia.at\/\">www.tyrolia.at<\/a><\/li>\n<\/ul>\n","protected":false},"excerpt":{"rendered":"<p>(Christoph Hainz, mit Jochen Hemmleb)Innsbruck: Tyrolia-Verlag, 2019 Die Freiheit eines Lebens in und mit den Bergen Der Name Christoph Hainz ist untrennbar mit der Bergwelt S\u00fcdtirols verbunden. Bekannt wurde er vor allem durch die Erstbegehung von zahlreichen extrem schwierigen Felsrouten in den Dolomiten sowie Eis- und Mixedklettereien im Tauferer Ahrntal.&hellip; <a href=\"https:\/\/jochenhemmleb.com\/web\/bucher\/nur-der-berg-ist-mein-boss-das-leben-des-sudtiroler-extremkletterers-und-bergfuhrers\/\" class=\"more-link read-more\" rel=\"bookmark\">Continue Reading <span class=\"screen-reader-text\">Nur der Berg ist mein Boss \u2013 Das Leben des S\u00fcdtiroler Extremkletterers und Bergf\u00fchrers<\/span><i class=\"fa fa-arrow-right\"><\/i><\/a><\/p>\n","protected":false},"author":1,"featured_media":0,"parent":5,"menu_order":3,"comment_status":"closed","ping_status":"closed","template":"","meta":{"footnotes":""},"class_list":{"0":"post-946","1":"page","2":"type-page","3":"status-publish","4":"hentry","5":"h-entry","7":"h-as-page"},"_links":{"self":[{"href":"https:\/\/jochenhemmleb.com\/web\/wp-json\/wp\/v2\/pages\/946","targetHints":{"allow":["GET"]}}],"collection":[{"href":"https:\/\/jochenhemmleb.com\/web\/wp-json\/wp\/v2\/pages"}],"about":[{"href":"https:\/\/jochenhemmleb.com\/web\/wp-json\/wp\/v2\/types\/page"}],"author":[{"embeddable":true,"href":"https:\/\/jochenhemmleb.com\/web\/wp-json\/wp\/v2\/users\/1"}],"replies":[{"embeddable":true,"href":"https:\/\/jochenhemmleb.com\/web\/wp-json\/wp\/v2\/comments?post=946"}],"version-history":[{"count":1,"href":"https:\/\/jochenhemmleb.com\/web\/wp-json\/wp\/v2\/pages\/946\/revisions"}],"predecessor-version":[{"id":948,"href":"https:\/\/jochenhemmleb.com\/web\/wp-json\/wp\/v2\/pages\/946\/revisions\/948"}],"up":[{"embeddable":true,"href":"https:\/\/jochenhemmleb.com\/web\/wp-json\/wp\/v2\/pages\/5"}],"wp:attachment":[{"href":"https:\/\/jochenhemmleb.com\/web\/wp-json\/wp\/v2\/media?parent=946"}],"curies":[{"name":"wp","href":"https:\/\/api.w.org\/{rel}","templated":true}]}}