{"id":951,"date":"2024-06-12T16:41:39","date_gmt":"2024-06-12T16:41:39","guid":{"rendered":"https:\/\/jochenhemmleb.com\/web\/?page_id=951"},"modified":"2024-06-12T16:41:40","modified_gmt":"2024-06-12T16:41:40","slug":"zwei-auf-dem-everest-ein-gemeinsamer-traum","status":"publish","type":"page","link":"https:\/\/jochenhemmleb.com\/web\/bucher\/zwei-auf-dem-everest-ein-gemeinsamer-traum\/","title":{"rendered":"Zwei auf dem Everest \u2013 Ein gemeinsamer Traum"},"content":{"rendered":"\n<h4 class=\"wp-block-heading\">(Autoren: Uma Krishnaswami &amp; Christopher Corr; \u00dcbersetzung und Bearbeitung: Jochen Hemmleb)<br>Innsbruck: Tyrolia-Verlag, 2023<\/h4>\n\n\n<div class=\"wp-block-image\">\n<figure class=\"alignleft size-full is-resized\"><img loading=\"lazy\" decoding=\"async\" width=\"650\" height=\"834\" src=\"https:\/\/jochenhemmleb.com\/web\/wp-content\/uploads\/2024\/06\/image-4.png\" alt=\"\" class=\"wp-image-952\" style=\"width:295px;height:auto\" srcset=\"https:\/\/jochenhemmleb.com\/web\/wp-content\/uploads\/2024\/06\/image-4.png 650w, https:\/\/jochenhemmleb.com\/web\/wp-content\/uploads\/2024\/06\/image-4-234x300.png 234w\" sizes=\"auto, (max-width: 650px) 100vw, 650px\" \/><\/figure><\/div>\n\n\n<p>Ein Berg \u2013 zwei unvergessliche Geschichten: Tensing Norgay und Edmund Hillary \u2013 der eine h\u00fctet Yaks in Nepal, der andere betreut die Bienenst\u00f6cke seines Vaters in Neuseeland. Zwei g\u00e4nzlich unterschiedliche Leben, und doch ein gemeinsamer Traum. Schon fr\u00fch entdecken beide ihre Liebe zu den Bergen, machen zahlreiche Touren, schlie\u00dfen sich verschiedenen Gruppen an, kommen immer h\u00f6her und weiter und scheitern doch an dem einem: dem Chomolungma, dem Everest, dem h\u00f6chsten Berg der Welt. Erst als die beiden zusammenfinden, gelingt das lang Ersehnte und so oft unerreichbar Geschienene: Nach intensiven Strapazen und mit gro\u00dfem Durchhalteverm\u00f6gen stehen sie am 29. Mai 1953 dort, wo sie sich jahrelang hingetr\u00e4umt hatten \u2013 am h\u00f6chsten Punkt der Erde, 8848 Meter \u00fcber dem Meeresspiegel.\u00a0Pr\u00e4gnant im Wort und kr\u00e4ftig im Strich erz\u00e4hlen die indische Autorin Uma Krishnaswami und der englische Illustrator Christopher Corr von diesem Weltereignis. Dabei werden die Lebensgeschichten der beiden Pers\u00f6nlichkeiten anfangs einzeln, aber gleichwertig nebeneinandergestellt erz\u00e4hlt, um ab dem Zusammentreffen und dem weiteren gemeinsamen Weg in doppelseitige Illustrationen und gemischten Erz\u00e4hlstr\u00e4ngen \u00fcberzugehen. Der knappe Sachteil am Ende des Buches rundet das Buch mit spannenden Daten und Fakten zum h\u00f6chsten Berg der Welt ab.<\/p>\n\n\n\n<hr class=\"wp-block-separator has-alpha-channel-opacity\"\/>\n\n\n\n<h2 class=\"wp-block-heading\">Buchdaten<\/h2>\n\n\n\n<ul class=\"wp-block-list\">\n<li>Tyrolia, 2021<\/li>\n\n\n\n<li>32 S., durchgehend farbig illustriert<\/li>\n\n\n\n<li>26,5 x 21 cm, gebunden<\/li>\n\n\n\n<li>ISBN-Nr. 978-3-7022-4119-3<\/li>\n\n\n\n<li><a href=\"http:\/\/www.tyrolia.at\/\">www.tyrolia.at<\/a><\/li>\n<\/ul>\n","protected":false},"excerpt":{"rendered":"<p>(Autoren: Uma Krishnaswami &amp; Christopher Corr; \u00dcbersetzung und Bearbeitung: Jochen Hemmleb)Innsbruck: Tyrolia-Verlag, 2023 Ein Berg \u2013 zwei unvergessliche Geschichten: Tensing Norgay und Edmund Hillary \u2013 der eine h\u00fctet Yaks in Nepal, der andere betreut die Bienenst\u00f6cke seines Vaters in Neuseeland. Zwei g\u00e4nzlich unterschiedliche Leben, und doch ein gemeinsamer Traum. Schon&hellip; <a href=\"https:\/\/jochenhemmleb.com\/web\/bucher\/zwei-auf-dem-everest-ein-gemeinsamer-traum\/\" class=\"more-link read-more\" rel=\"bookmark\">Continue Reading <span class=\"screen-reader-text\">Zwei auf dem Everest \u2013 Ein gemeinsamer Traum<\/span><i class=\"fa fa-arrow-right\"><\/i><\/a><\/p>\n","protected":false},"author":1,"featured_media":0,"parent":5,"menu_order":13,"comment_status":"closed","ping_status":"closed","template":"","meta":{"footnotes":""},"class_list":{"0":"post-951","1":"page","2":"type-page","3":"status-publish","4":"hentry","5":"h-entry","7":"h-as-page"},"_links":{"self":[{"href":"https:\/\/jochenhemmleb.com\/web\/wp-json\/wp\/v2\/pages\/951","targetHints":{"allow":["GET"]}}],"collection":[{"href":"https:\/\/jochenhemmleb.com\/web\/wp-json\/wp\/v2\/pages"}],"about":[{"href":"https:\/\/jochenhemmleb.com\/web\/wp-json\/wp\/v2\/types\/page"}],"author":[{"embeddable":true,"href":"https:\/\/jochenhemmleb.com\/web\/wp-json\/wp\/v2\/users\/1"}],"replies":[{"embeddable":true,"href":"https:\/\/jochenhemmleb.com\/web\/wp-json\/wp\/v2\/comments?post=951"}],"version-history":[{"count":1,"href":"https:\/\/jochenhemmleb.com\/web\/wp-json\/wp\/v2\/pages\/951\/revisions"}],"predecessor-version":[{"id":953,"href":"https:\/\/jochenhemmleb.com\/web\/wp-json\/wp\/v2\/pages\/951\/revisions\/953"}],"up":[{"embeddable":true,"href":"https:\/\/jochenhemmleb.com\/web\/wp-json\/wp\/v2\/pages\/5"}],"wp:attachment":[{"href":"https:\/\/jochenhemmleb.com\/web\/wp-json\/wp\/v2\/media?parent=951"}],"curies":[{"name":"wp","href":"https:\/\/api.w.org\/{rel}","templated":true}]}}