{"id":961,"date":"2024-06-13T20:42:45","date_gmt":"2024-06-13T20:42:45","guid":{"rendered":"https:\/\/jochenhemmleb.com\/web\/?page_id=961"},"modified":"2024-06-13T20:45:31","modified_gmt":"2024-06-13T20:45:31","slug":"sudtirols-hoher-norden-albolina-film-servus-tv-2021-22","status":"publish","type":"page","link":"https:\/\/jochenhemmleb.com\/web\/filme\/sudtirols-hoher-norden-albolina-film-servus-tv-2021-22\/","title":{"rendered":"S\u00fcdtirols hoher Norden (Albolina Film\/Servus TV, 2021\/22)"},"content":{"rendered":"<div class=\"wp-block-image\">\n<figure class=\"alignleft size-full is-resized\"><img loading=\"lazy\" decoding=\"async\" width=\"443\" height=\"630\" src=\"https:\/\/jochenhemmleb.com\/web\/wp-content\/uploads\/2024\/06\/image-6.png\" alt=\"\" class=\"wp-image-962\" style=\"width:254px;height:auto\" srcset=\"https:\/\/jochenhemmleb.com\/web\/wp-content\/uploads\/2024\/06\/image-6.png 443w, https:\/\/jochenhemmleb.com\/web\/wp-content\/uploads\/2024\/06\/image-6-211x300.png 211w\" sizes=\"auto, (max-width: 443px) 100vw, 443px\" \/><\/figure><\/div>\n\n\n<p>Die raue Gegend um das Tauferer Ahrntal ist ein Geheimtipp \u2013 nicht nur f\u00fcr die Erstbegehungen des S\u00fcdtiroler Kletterass Simon Gietl und dessen Bruder Manuel, f\u00fcr die Tourend von Extrembergsteiger und Eiskletterer Christoph Hainz und das H\u00f6hentraining von Biathlon-Star Dorothea Wierer.<\/p>\n\n\n\n<p>Gelingt Simon und Manuel Gietl die Erstbegehung der spektakul\u00e4ren \u201eOrca\u201c-Route oder wird Manuel erneut von seinem Trauma eingeholt? Welche Herausforderungen muss Biathletin Dorothea Wierer bei ihrem Sommertraining meistern? Zur Beantwortung dieser Fragen begeben wir uns ins Tauferer Ahrntal, eine wilde, urspr\u00fcngliche Region im Nordosten S\u00fcdtirols. Hier geben Eis und Schnee pr\u00e4historische Funde preis, diktieren aber auch die schwierigen Bedingungen der Almwirtschaft und Transhumanz. Im Winter ist S\u00fcdtirols hoher Norden Spielwiese f\u00fcr den Extrembergsteiger Christoph Hainz, der an den verg\u00e4nglichen Routen spektakul\u00e4rer Eisf\u00e4lle und Eiszapfen sein K\u00f6nnen zeigt.<\/p>\n\n\n\n<hr class=\"wp-block-separator has-alpha-channel-opacity\"\/>\n\n\n\n<p><strong>Regie<\/strong>: Jochen Hemmleb<br><strong>Produzenten<\/strong>: Wilfried Gufler, Thomas Menghin<br><strong>Produktionsfirma<\/strong>: Albolina Film Bozen, in Zusammenarbeit mit Servus TV und Unterst\u00fctzung der IDM Filmf\u00f6rderung S\u00fcdtirol-Alto Adige<\/p>\n\n\n\n<p><strong>Erh\u00e4ltlich bei:<br><\/strong><a href=\"https:\/\/www.primevideo.com\/region\/eu\/detail\/0PKKNI8U91V9RQCBB8BQSZGCT6\/ref=atv_dp_share_cu_r\">https:\/\/www.primevideo.com\/region\/eu\/detail\/0PKKNI8U91V9RQCBB8BQSZGCT6\/ref=atv_dp_share_cu_r<\/a><br><a href=\"https:\/\/www.amazon.com\/gp\/video\/detail\/B0B6FLGLMZ\/ref=atv_dp_share_cu_r\">https:\/\/www.amazon.com\/gp\/video\/detail\/B0B6FLGLMZ\/ref=atv_dp_share_cu_r<\/a><br><a href=\"https:\/\/www.adventure-sports.tv\/south-tyrols-far-north\">https:\/\/www.adventure-sports.tv\/south-tyrols-far-north<\/a><\/p>\n","protected":false},"excerpt":{"rendered":"<p>Die raue Gegend um das Tauferer Ahrntal ist ein Geheimtipp \u2013 nicht nur f\u00fcr die Erstbegehungen des S\u00fcdtiroler Kletterass Simon Gietl und dessen Bruder Manuel, f\u00fcr die Tourend von Extrembergsteiger und Eiskletterer Christoph Hainz und das H\u00f6hentraining von Biathlon-Star Dorothea Wierer. Gelingt Simon und Manuel Gietl die Erstbegehung der spektakul\u00e4ren&hellip; <a href=\"https:\/\/jochenhemmleb.com\/web\/filme\/sudtirols-hoher-norden-albolina-film-servus-tv-2021-22\/\" class=\"more-link read-more\" rel=\"bookmark\">Continue Reading <span class=\"screen-reader-text\">S\u00fcdtirols hoher Norden (Albolina Film\/Servus TV, 2021\/22)<\/span><i class=\"fa fa-arrow-right\"><\/i><\/a><\/p>\n","protected":false},"author":1,"featured_media":0,"parent":7,"menu_order":0,"comment_status":"closed","ping_status":"closed","template":"","meta":{"footnotes":""},"class_list":{"0":"post-961","1":"page","2":"type-page","3":"status-publish","4":"hentry","5":"h-entry","7":"h-as-page"},"_links":{"self":[{"href":"https:\/\/jochenhemmleb.com\/web\/wp-json\/wp\/v2\/pages\/961","targetHints":{"allow":["GET"]}}],"collection":[{"href":"https:\/\/jochenhemmleb.com\/web\/wp-json\/wp\/v2\/pages"}],"about":[{"href":"https:\/\/jochenhemmleb.com\/web\/wp-json\/wp\/v2\/types\/page"}],"author":[{"embeddable":true,"href":"https:\/\/jochenhemmleb.com\/web\/wp-json\/wp\/v2\/users\/1"}],"replies":[{"embeddable":true,"href":"https:\/\/jochenhemmleb.com\/web\/wp-json\/wp\/v2\/comments?post=961"}],"version-history":[{"count":2,"href":"https:\/\/jochenhemmleb.com\/web\/wp-json\/wp\/v2\/pages\/961\/revisions"}],"predecessor-version":[{"id":966,"href":"https:\/\/jochenhemmleb.com\/web\/wp-json\/wp\/v2\/pages\/961\/revisions\/966"}],"up":[{"embeddable":true,"href":"https:\/\/jochenhemmleb.com\/web\/wp-json\/wp\/v2\/pages\/7"}],"wp:attachment":[{"href":"https:\/\/jochenhemmleb.com\/web\/wp-json\/wp\/v2\/media?parent=961"}],"curies":[{"name":"wp","href":"https:\/\/api.w.org\/{rel}","templated":true}]}}