{"id":967,"date":"2024-06-13T20:49:46","date_gmt":"2024-06-13T20:49:46","guid":{"rendered":"https:\/\/jochenhemmleb.com\/web\/?page_id=967"},"modified":"2024-06-15T20:18:35","modified_gmt":"2024-06-15T20:18:35","slug":"manaslu-berg-der-seelen","status":"publish","type":"page","link":"https:\/\/jochenhemmleb.com\/web\/filme\/manaslu-berg-der-seelen\/","title":{"rendered":"Manaslu \u2013 Berg der Seelen"},"content":{"rendered":"\n<h2 class=\"wp-block-heading\">Das Lebensportrait von Hans Kammerlander (2018)<\/h2>\n\n\n<div class=\"wp-block-image\">\n<figure class=\"alignleft size-full is-resized\"><img loading=\"lazy\" decoding=\"async\" width=\"584\" height=\"837\" src=\"https:\/\/jochenhemmleb.com\/web\/wp-content\/uploads\/2024\/06\/image-7.png\" alt=\"\" class=\"wp-image-968\" style=\"width:267px;height:auto\" srcset=\"https:\/\/jochenhemmleb.com\/web\/wp-content\/uploads\/2024\/06\/image-7.png 584w, https:\/\/jochenhemmleb.com\/web\/wp-content\/uploads\/2024\/06\/image-7-209x300.png 209w\" sizes=\"auto, (max-width: 584px) 100vw, 584px\" \/><\/figure><\/div>\n\n\n<p>Seine schmerzvollste Trag\u00f6die erlitt Hans Kammerlander 1991 am Manaslu in Nepal, wo er zwei seiner besten Freunde verlor. Einer st\u00fcrzte aus unerfindlichen Gr\u00fcnden ab, der andere wurde neben ihm vom Blitz erschlagen. Hans, selbst in akuter Lebensgefahr, \u00fcberlebte das Gewitter am Rande des Wahnsinns. Es war ein Berggewitter, das es gar nicht geben durfte.<\/p>\n\n\n\n<p>Mit der Besteigung im Herbst 2017 stellt sich Hans Kammerlander nach 26 Jahren nicht nur erneut dem Berg, sondern auch der Trag\u00f6die von 1991, die er bis heute nicht verarbeiten konnte.<\/p>\n\n\n\n<p>Der Film versucht ein Bild \u00fcber einen Mann zu zeichnen, der sein Leben den Bergen gewidmet hat, schmerzvolle Trag\u00f6dien, viele Verluste und gro\u00dfe Triumphe erlebte. Ein Mann, der sich selbst immer wieder fragt: \u201eWarum lebe ich noch und warum sind die meisten meiner Freunde tot?\u201c. Vieles von Hans ist in seiner Kindheit zu finden. Die Zeit als Bergbauern Bub und Halbwaise hat ihn gepr\u00e4gt.<\/p>\n\n\n\n<p>\u201eWenn ich keine Sponsorenvertr\u00e4ge mehr habe, wenn niemand mehr meine Vortr\u00e4ge sehen will, wenn ich \u00fcber keine finanziellen Mittel mehr verf\u00fcge, dann will ich gern heimgehen, auf den Bauernhof meiner Familie. Dort, im Kuhstall und im Heu, war ich immer schon am gl\u00fccklichsten. Und ich kann jederzeit und ganz leichten Herzens dorthin zur\u00fcckkehren, wo ich hergekommen bin \u2013 ohne auch nur das geringste zu vermissen.\u201cDie Geschichte versucht, wertungsfrei zu hinterfragen, was ihn immer noch in die Berge treibt und wie es trotz der Trag\u00f6dien f\u00fcr ihn m\u00f6glich ist \u201eweiterzugehen\u201c. Ein Biopic eines der gr\u00f6\u00dften Bergsteiger unserer Zeit, dargestellt mittels Archivaufnahmen und mit Hilfe vieler Schauspieler in nachgespielten Szenen auf ausgesetzten Bergen und am heimatlichen Bauernhof. Der H\u00f6hepunkt des Filmes findet jedoch im Hier und Jetzt statt, wenn das letzte gro\u00dfe Abenteuer des Hans Kammerlander am 8163 Meter hohen Manaslu in Nepal dokumentiert wird.<\/p>\n\n\n\n<p><strong>Regie<\/strong>: Gerald Salmina <em>(Ich arbeitete bei diesem Film in der Requisite, bei der Recherche und beim Location Scouting)<\/em><\/p>\n","protected":false},"excerpt":{"rendered":"<p>Das Lebensportrait von Hans Kammerlander (2018) Seine schmerzvollste Trag\u00f6die erlitt Hans Kammerlander 1991 am Manaslu in Nepal, wo er zwei seiner besten Freunde verlor. Einer st\u00fcrzte aus unerfindlichen Gr\u00fcnden ab, der andere wurde neben ihm vom Blitz erschlagen. Hans, selbst in akuter Lebensgefahr, \u00fcberlebte das Gewitter am Rande des Wahnsinns.&hellip; <a href=\"https:\/\/jochenhemmleb.com\/web\/filme\/manaslu-berg-der-seelen\/\" class=\"more-link read-more\" rel=\"bookmark\">Continue Reading <span class=\"screen-reader-text\">Manaslu \u2013 Berg der Seelen<\/span><i class=\"fa fa-arrow-right\"><\/i><\/a><\/p>\n","protected":false},"author":1,"featured_media":0,"parent":7,"menu_order":1,"comment_status":"closed","ping_status":"closed","template":"","meta":{"footnotes":""},"class_list":{"0":"post-967","1":"page","2":"type-page","3":"status-publish","4":"hentry","5":"h-entry","7":"h-as-page"},"_links":{"self":[{"href":"https:\/\/jochenhemmleb.com\/web\/wp-json\/wp\/v2\/pages\/967","targetHints":{"allow":["GET"]}}],"collection":[{"href":"https:\/\/jochenhemmleb.com\/web\/wp-json\/wp\/v2\/pages"}],"about":[{"href":"https:\/\/jochenhemmleb.com\/web\/wp-json\/wp\/v2\/types\/page"}],"author":[{"embeddable":true,"href":"https:\/\/jochenhemmleb.com\/web\/wp-json\/wp\/v2\/users\/1"}],"replies":[{"embeddable":true,"href":"https:\/\/jochenhemmleb.com\/web\/wp-json\/wp\/v2\/comments?post=967"}],"version-history":[{"count":1,"href":"https:\/\/jochenhemmleb.com\/web\/wp-json\/wp\/v2\/pages\/967\/revisions"}],"predecessor-version":[{"id":969,"href":"https:\/\/jochenhemmleb.com\/web\/wp-json\/wp\/v2\/pages\/967\/revisions\/969"}],"up":[{"embeddable":true,"href":"https:\/\/jochenhemmleb.com\/web\/wp-json\/wp\/v2\/pages\/7"}],"wp:attachment":[{"href":"https:\/\/jochenhemmleb.com\/web\/wp-json\/wp\/v2\/media?parent=967"}],"curies":[{"name":"wp","href":"https:\/\/api.w.org\/{rel}","templated":true}]}}